{"id":348151,"date":"2023-12-16T21:10:17","date_gmt":"2024-06-28T06:45:51","guid":{"rendered":"https:\/\/www.moskito.cz\/?post_type=product&p=348151"},"modified":"2025-05-07T11:19:03","modified_gmt":"2025-05-07T10:19:03","slug":"noz-skladany-spyderco-chicago-c130gp","status":"publish","type":"product","link":"https:\/\/www.moskito.cz\/pl\/produkt\/noz-skladany-spyderco-chicago-c130gp\/","title":{"rendered":"N\u00f3\u017c sk\u0142adany Spyderco Chicago C130GP"},"content":{"rendered":"<p>N\u00f3\u017c sk\u0142adany <strong>Spyderco<\/strong> Chicago C130GP<\/p>\n<p>Prawa. Niezale\u017cnie od tego, czy s\u0105 konieczne, dobre, czy po prostu szalone, maj\u0105 za zadanie zaprowadzi\u0107 porz\u0105dek i odeprze\u0107 chaos. Kiedy nasz rz\u0105d i spo\u0142ecze\u0144stwo ustalaj\u0105 zasady, staramy si\u0119 \u017cy\u0107 zgodnie z ich parametrami.<\/p>\n<p>Na przyk\u0142ad w wielu miastach metropolitalnych w USA granic\u0119 dotycz\u0105c\u0105 noszenia w miejscach publicznych scyzoryk\u00f3w stanowi\u0105 no\u017ce z ostrzem o d\u0142ugo\u015bci maksymalnie dw\u00f3ch cali. Witamy w Chicago! Gdybym by\u0142 mieszka\u0144cem Chicago i regularnie nosi\u0142 przy sobie scyzoryk, m\u00f3g\u0142bym by\u0107 sk\u0142onny (jako praworz\u0105dny obywatel) do noszenia przy sobie narz\u0119dzia podlegaj\u0105cego ograniczeniom obowi\u0105zuj\u0105cym w tym mie\u015bcie.<\/p>\n<p><strong>Spyderco<\/strong> C130G Chicago jest w\u0142a\u015bnie taki. Dwucalowe p\u0142askie ostrze CTS-BD1N jest elegancko wyposa\u017cone w czarn\u0105 r\u0119koje\u015b\u0107 G-10 i blokad\u0119 Michael Walker LinerLock. R\u0119koje\u015b\u0107 ma kszta\u0142t i ergonomiczne wymiary, a wewn\u0105trz znajduj\u0105 si\u0119 szkieletowe wstawki na ca\u0142ej d\u0142ugo\u015bci, co zapewnia wytrzyma\u0142o\u015b\u0107, bez obj\u0119to\u015bci i ci\u0119\u017caru.<\/p>\n<p>Jego ostrze w kszta\u0142cie li\u015bcia tnie skutecznie ca\u0142\u0105 desk\u0119, od mocnych ci\u0119\u0107, takich jak dywan i lina polietylenowa, po tak proste rzeczy, jak czyszczenie paznokci lub zdrapywanie ta\u015bmy ze szk\u0142a.<\/p>\n<p>G\u0142\u0119boki klips pozwala na umieszczenie no\u017ca w kieszeni spodni ko\u0144c\u00f3wk\u0105 skierowan\u0105 do g\u00f3ry, dzi\u0119ki czemu mo\u017cna go nosi\u0107 w lewej lub prawej r\u0119ce. Ten jest przeznaczony dla mieszka\u0144c\u00f3w Chicago i ka\u017cdego, kto szuka no\u017ca miejskiego\/garniturowego.<\/p>\n<p>Dane techniczne:<br \/>\nD\u0142ugo\u015b\u0107 ostrza: 5,1 cm<br \/>\nGrubo\u015b\u0107 ostrza: 0,25 cm<br \/>\nD\u0142ugo\u015b\u0107 ca\u0142kowita: 12,8 cm<br \/>\nD\u0142ugo\u015b\u0107 po zamkni\u0119ciu: 7,9 cm<br \/>\nOstrze ze stali: CTS-BD1N Stal nierdzewna<br \/>\nWaga: 1,9 uncji (54 g) ok.<br \/>\nMateria\u0142 r\u0119koje\u015bci: czarny G10<\/p>\n","protected":false},"excerpt":{"rendered":"<p><strong>Witamy w Chicago! Gdybym by\u0142 mieszka\u0144cem Chicago i regularnie nosi\u0142 przy sobie scyzoryk, m\u00f3g\u0142bym by\u0107 sk\u0142onny (jako praworz\u0105dny obywatel) do noszenia przy sobie narz\u0119dzia podlegaj\u0105cego ograniczeniom obowi\u0105zuj\u0105cym w tym mie\u015bcie.<\/strong><\/p>\n","protected":false},"featured_media":348156,"comment_status":"open","ping_status":"closed","template":"","meta":[],"pwb-brand":[3432],"product_brand":[],"product_cat":[3307,3296],"product_tag":[3671],"class_list":{"0":"post-348151","1":"product","2":"type-product","3":"status-publish","4":"has-post-thumbnail","6":"pwb-brand-spyderco-pl","7":"product_cat-zamykanie-nozy","8":"product_cat-noze-pl","9":"product_tag-b2b-pl","11":"first","12":"instock","13":"sale","14":"taxable","15":"shipping-taxable","16":"purchasable","17":"product-type-simple"},"brands":[{"id":3432,"name":"Spyderco","slug":"spyderco-pl"}],"_links":{"self":[{"href":"https:\/\/www.moskito.cz\/pl\/wp-json\/wp\/v2\/product\/348151","targetHints":{"allow":["GET"]}}],"collection":[{"href":"https:\/\/www.moskito.cz\/pl\/wp-json\/wp\/v2\/product"}],"about":[{"href":"https:\/\/www.moskito.cz\/pl\/wp-json\/wp\/v2\/types\/product"}],"replies":[{"embeddable":true,"href":"https:\/\/www.moskito.cz\/pl\/wp-json\/wp\/v2\/comments?post=348151"}],"wp:featuredmedia":[{"embeddable":true,"href":"https:\/\/www.moskito.cz\/pl\/wp-json\/wp\/v2\/media\/348156"}],"wp:attachment":[{"href":"https:\/\/www.moskito.cz\/pl\/wp-json\/wp\/v2\/media?parent=348151"}],"wp:term":[{"taxonomy":"pwb-brand","embeddable":true,"href":"https:\/\/www.moskito.cz\/pl\/wp-json\/wp\/v2\/pwb-brand?post=348151"},{"taxonomy":"product_brand","embeddable":true,"href":"https:\/\/www.moskito.cz\/pl\/wp-json\/wp\/v2\/product_brand?post=348151"},{"taxonomy":"product_cat","embeddable":true,"href":"https:\/\/www.moskito.cz\/pl\/wp-json\/wp\/v2\/product_cat?post=348151"},{"taxonomy":"product_tag","embeddable":true,"href":"https:\/\/www.moskito.cz\/pl\/wp-json\/wp\/v2\/product_tag?post=348151"}],"curies":[{"name":"wp","href":"https:\/\/api.w.org\/{rel}","templated":true}]}}