{"id":348183,"date":"2023-12-16T20:03:28","date_gmt":"2024-06-28T06:47:44","guid":{"rendered":"https:\/\/www.moskito.cz\/produkt\/lekki-noz-skladany-spyderco-manbug-mfpk390\/"},"modified":"2025-05-07T11:19:03","modified_gmt":"2025-05-07T10:19:03","slug":"lekki-noz-skladany-spyderco-manbug-mfpk390","status":"publish","type":"product","link":"https:\/\/www.moskito.cz\/pl\/produkt\/lekki-noz-skladany-spyderco-manbug-mfpk390\/","title":{"rendered":"Lekki n\u00f3\u017c sk\u0142adany Spyderco Manbug MFPK390"},"content":{"rendered":"<p>Lekki n\u00f3\u017c sk\u0142adany <strong>Spyderco<\/strong> Manbug MFPK390<\/p>\n<p><strong>Spyderco<\/strong> zawsze by\u0142o bardzo dumne ze swoich wysi\u0142k\u00f3w na rzecz przesuwania granic wydajno\u015bci, oferuj\u0105c w swoich no\u017cach egzotyczn\u0105 stal ostrzow\u0105. Maj\u0105c to na uwadze, z dum\u0105 og\u0142aszaj\u0105, \u017ce oferuj\u0105 szereg najlepiej sprzedaj\u0105cych si\u0119 modeli z ostrzami wykonanymi z K390. K390 MICROCLEAN, produkowana przez firm\u0119 Bohler-Uddeholm, to najnowocze\u015bniejsza stal narz\u0119dziowa do formowania na zimno, wytwarzana w procesie metalurgii cz\u0105stek. Zaawansowany zwi\u0105zek stopowy zosta\u0142 specjalnie opracowany, aby zapewni\u0107 ekstremaln\u0105 odporno\u015b\u0107 na zu\u017cycie i wysok\u0105 wytrzyma\u0142o\u015b\u0107 na \u015bciskanie niezb\u0119dn\u0105 w przemys\u0142owych zastosowaniach ci\u0119cia, wykrawania i wykrawania. Pomimo swojej wytrzyma\u0142o\u015bci, wyj\u0105tkowo drobna, jednorodna mikrostruktura jest r\u00f3wnie\u017c \u0142atwa w obr\u00f3bce mechanicznej i obr\u00f3bce cieplnej. Razem te w\u0142a\u015bciwo\u015bci sprawiaj\u0105, \u017ce K390 jest doskona\u0142ym materia\u0142em na ostrza dla prawdziwych koneser\u00f3w stali. Spyderco z dum\u0105 prezentuje je w niekt\u00f3rych swoich najpopularniejszych modelach, kt\u00f3re posiadaj\u0105 r\u00f3wnie\u017c charakterystyczne niebieskie uchwyty.<\/p>\n<p>Uwaga: K390 to wysokowydajna stal nierdzewna, kt\u00f3ra mo\u017ce rdzewie\u0107, je\u015bli nie b\u0119dzie odpowiednio piel\u0119gnowana. Zawsze po u\u017cyciu oczy\u015b\u0107 i wysusz ostrza, a je\u015bli to konieczne, na\u0142\u00f3\u017c olej lub inne produkty antykorozyjne.<\/p>\n<p>Dane techniczne<br \/>\nD\u0142ugo\u015b\u0107 ostrza: 5 cm<br \/>\nD\u0142ugo\u015b\u0107 po zamkni\u0119ciu: 6,4 cm<br \/>\nD\u0142ugo\u015b\u0107 ca\u0142kowita: 11,4 cm<br \/>\nGrubo\u015b\u0107 ostrza: 0,25 cm<br \/>\nMateria\u0142 ostrza: stal narz\u0119dziowa Bohler K390<br \/>\nStyl ostrza: Clip Point<br \/>\nSzlif ostrza: Ca\u0142kowicie p\u0142aski<br \/>\nObr\u00f3bka powierzchni ostrza: satyna<br \/>\nKraw\u0119d\u017a ostrza: g\u0142adka<br \/>\nMateria\u0142 r\u0119koje\u015bci: FRN<br \/>\nKolor uchwytu: niebieski<br \/>\nMechanizm blokuj\u0105cy: Lockback<br \/>\nKieszonkowy klips: brak<br \/>\nNumer modelu: MFPK390<br \/>\nNazwa modelu: Manbug Lightweight K390<br \/>\nWaga: 0,7 uncji (20g)<br \/>\nWykonane w Japonii<\/p>\n","protected":false},"excerpt":{"rendered":"<p><strong>Spyderco zawsze by\u0142o bardzo dumne ze swoich wysi\u0142k\u00f3w na rzecz przesuwania granic wydajno\u015bci, oferuj\u0105c w swoich no\u017cach egzotyczn\u0105 stal ostrzow\u0105. Maj\u0105c to na uwadze, z dum\u0105 og\u0142aszaj\u0105, \u017ce oferuj\u0105 szereg najlepiej sprzedaj\u0105cych si\u0119 modeli z ostrzami wykonanymi z K390.<\/strong><\/p>\n","protected":false},"featured_media":348194,"comment_status":"open","ping_status":"closed","template":"","meta":[],"pwb-brand":[3432],"product_brand":[],"product_cat":[3307,3296],"product_tag":[3671],"class_list":{"0":"post-348183","1":"product","2":"type-product","3":"status-publish","4":"has-post-thumbnail","6":"pwb-brand-spyderco-pl","7":"product_cat-zamykanie-nozy","8":"product_cat-noze-pl","9":"product_tag-b2b-pl","11":"first","12":"outofstock","13":"sale","14":"taxable","15":"shipping-taxable","16":"purchasable","17":"product-type-simple"},"brands":[{"id":3432,"name":"Spyderco","slug":"spyderco-pl"}],"_links":{"self":[{"href":"https:\/\/www.moskito.cz\/pl\/wp-json\/wp\/v2\/product\/348183","targetHints":{"allow":["GET"]}}],"collection":[{"href":"https:\/\/www.moskito.cz\/pl\/wp-json\/wp\/v2\/product"}],"about":[{"href":"https:\/\/www.moskito.cz\/pl\/wp-json\/wp\/v2\/types\/product"}],"replies":[{"embeddable":true,"href":"https:\/\/www.moskito.cz\/pl\/wp-json\/wp\/v2\/comments?post=348183"}],"wp:featuredmedia":[{"embeddable":true,"href":"https:\/\/www.moskito.cz\/pl\/wp-json\/wp\/v2\/media\/348194"}],"wp:attachment":[{"href":"https:\/\/www.moskito.cz\/pl\/wp-json\/wp\/v2\/media?parent=348183"}],"wp:term":[{"taxonomy":"pwb-brand","embeddable":true,"href":"https:\/\/www.moskito.cz\/pl\/wp-json\/wp\/v2\/pwb-brand?post=348183"},{"taxonomy":"product_brand","embeddable":true,"href":"https:\/\/www.moskito.cz\/pl\/wp-json\/wp\/v2\/product_brand?post=348183"},{"taxonomy":"product_cat","embeddable":true,"href":"https:\/\/www.moskito.cz\/pl\/wp-json\/wp\/v2\/product_cat?post=348183"},{"taxonomy":"product_tag","embeddable":true,"href":"https:\/\/www.moskito.cz\/pl\/wp-json\/wp\/v2\/product_tag?post=348183"}],"curies":[{"name":"wp","href":"https:\/\/api.w.org\/{rel}","templated":true}]}}