{"id":348219,"date":"2024-01-01T15:53:26","date_gmt":"2024-06-28T06:52:47","guid":{"rendered":"https:\/\/www.moskito.cz\/produkt\/noz-spyderco-squeak-bez-blokady-c154ppn-z-blokada\/"},"modified":"2025-05-07T11:19:04","modified_gmt":"2025-05-07T10:19:04","slug":"noz-spyderco-squeak-bez-blokady-c154ppn-z-blokada","status":"publish","type":"product","link":"https:\/\/www.moskito.cz\/pl\/produkt\/noz-spyderco-squeak-bez-blokady-c154ppn-z-blokada\/","title":{"rendered":"N\u00f3\u017c Spyderco Squeak (bez blokady) C154PPN z blokad\u0105"},"content":{"rendered":"<p>N\u00f3\u017c <strong>Spyderco<\/strong> Squeak (bez blokady) C154PPN z blokad\u0105<\/p>\n<p>Wyprodukowany w Maniago, Squeak SLIPIT to pozbawiony bezpiecze\u0144stwa, otwierany jedn\u0105 r\u0119k\u0105 n\u00f3\u017c <strong>firmy Spyderco,<\/strong> zwany SLIPIT. Jest przeznaczony do noszenia z ograniczeniami prawnymi w miejscach, w kt\u00f3rych zabronione jest blokowanie no\u017cy.<\/p>\n<p>Ostrze jest w pe\u0142ni szlifowane i wykonane z austriackiej stali Bohler-Uddeholm N690Co. N690C0 to stal wysokow\u0119glowa z dodatkiem kobaltu zapewniaj\u0105cym jednorodno\u015b\u0107 strukturaln\u0105, co skutkuje lepszym zachowaniem kraw\u0119dzi i mo\u017cliwo\u015bci\u0105 ostrzenia. Teksturowana ta\u015bma jest obrabiana maszynowo z grzbietu ostrza i ostrza, aby zwi\u0119kszy\u0107 antypo\u015blizgowo\u015b\u0107.<\/p>\n<p>Ostrze Squeak podczas ci\u0119cia jest utrzymywane w pozycji otwartej za pomoc\u0105 rade\u0142kowanego z\u0142\u0105cza na sworzniu ostrza. Podczas zamykania ostrza wyci\u0119cie generuje op\u00f3r funkcjonalnie podobny do tradycyjnego scyzoryka przesuwnego i pe\u0142ni dodatkow\u0105 funkcj\u0119 wyg\u0142adzenia ruchu otwierania ostrza. Wi\u0119ksza kontrola i komfort Projektanci Spyderco dodaj\u0105 g\u0142\u0119bokie wibracje palc\u00f3w, naturalnie przesuwaj\u0105c palec wskazuj\u0105cy do pozycji na spodniej stronie ostrza, bezpo\u015brednio pod kciukiem. Umieszczenie palca wskazuj\u0105cego w tym choilu zapobiega przypadkowemu zamkni\u0119ciu ostrza podczas ci\u0119cia i zapewnia pozycj\u0119 chwytu, kt\u00f3ra pozwala u\u017cytkownikowi zad\u0142awi\u0107 si\u0119 bli\u017cej ostrza, co zapewnia wi\u0119ksz\u0105 zr\u0119czno\u015b\u0107.<\/p>\n<p>R\u0119koje\u015b\u0107 wykonana jest z materia\u0142u FRN (nylon wzmocniony w\u0142\u00f3knem szklanym) i zosta\u0142a zaprojektowana z my\u015bl\u0105 o wygodzie u\u017cytkownika, zar\u00f3wno w d\u0142oni, z ergonomicznie teksturowanym uchwytem, \u200b\u200bjak i w kieszeni z dwustronnym, odchylanym klipsem drucianym do g\u0142\u0119bokiej kieszeni.<\/p>\n<p><strong>Spyderco<\/strong> z dum\u0105 wspiera tras\u0119 koncertow\u0105 Guardians of the Ribbon\/Pink Heals Tour i programy \u201eCares Enough to Wear Pink\u201d, przekazuj\u0105c cz\u0119\u015b\u0107 dochod\u00f3w ze sprzeda\u017cy naszych no\u017cy z r\u00f3\u017cowymi r\u0119koje\u015bciami. Ta niesamowita organizacja charytatywna, za\u0142o\u017cona w 2007 roku przez by\u0142ego stra\u017caka Dave\u2019a Graybilla, koncentruje si\u0119 na zapewnianiu bezpo\u015bredniej opieki kobietom walcz\u0105cym ze wszystkimi formami raka. Ruch Pink Heals, najbardziej znany ze swojej floty r\u00f3\u017cowych woz\u00f3w stra\u017cackich i radiowoz\u00f3w, podr\u00f3\u017cuje po Stanach Zjednoczonych, odwiedzaj\u0105c kobiety i dzieci chore na raka, identyfikuj\u0105c ich najwa\u017cniejsze potrzeby i koordynuj\u0105c lokalne zasoby, aby zaspokoi\u0107 te potrzeby. Pink Heals pozyskuje tak\u017ce wsparcie s\u0142u\u017cb podatkowych i lider\u00f3w spo\u0142eczno\u015bci, aby zapewni\u0107 ci\u0105g\u0142e wsparcie dla kobiet walcz\u0105cych z rakiem, dbaj\u0105c o to, aby darowizny pozosta\u0142y w spo\u0142eczno\u015bci lokalnej, z kt\u00f3rej pochodz\u0105. Co najwa\u017cniejsze, Pink Heals wykorzystuje 100% wszystkich otrzymanych darowizn. bezpo\u015brednio troszcz\u0105c si\u0119 o kobiety, kt\u00f3rym s\u0142u\u017c\u0105, oraz zapewniaj\u0105c natychmiastowe i wymierne wsparcie tym, kt\u00f3re najbardziej tego potrzebuj\u0105. Ca\u0142o\u015b\u0107 koszt\u00f3w funkcjonowania organizacji pokrywana jest ze sprzeda\u017cy r\u00f3\u017cowych koszulek z logo organizacji. Koszulki stanowi\u0105 tak\u017ce podstaw\u0119 kampanii \u201eCares Enough to Wear Pink\u201d, og\u00f3lnokrajowej kampanii maj\u0105cej na celu podnoszenie \u015bwiadomo\u015bci, \u017ce kobiety s\u0105 jednym z najcenniejszych zasob\u00f3w \u015bwiata.<\/p>\n<p>Spyderco ma zaszczyt wspiera\u0107 tras\u0119 Guardians of the Ribbon\/Pink Heals Tour i kobiety, kt\u00f3rym s\u0142u\u017c\u0105. Cz\u0119\u015b\u0107 dochodu ze sprzeda\u017cy zostanie przekazana na badania nad rakiem piersi w ramach trasy Guardians of the Ribbon\/Pink Heals Tour. Aby dowiedzie\u0107 si\u0119 wi\u0119cej o jego niezwyk\u0142ych programach i o tym, jak mo\u017cesz wesprze\u0107 ich wysi\u0142ki, odwied\u017a stron\u0119 www.pinkfiretrucks.org.<\/p>\n<p>Dane techniczne:<br \/>\nD\u0142ugo\u015b\u0107 ostrza: 5,1 cm<br \/>\nGrubo\u015b\u0107 ostrza: 0,3 cm<br \/>\nD\u0142ugo\u015b\u0107 ca\u0142kowita: 12,8 cm<br \/>\nD\u0142ugo\u015b\u0107 po zamkni\u0119ciu: 7,9 cm<br \/>\nStal ostrza: N690Co<br \/>\nWaga: 1,6 uncji (46g)<br \/>\nMateria\u0142 r\u0119koje\u015bci: r\u00f3\u017cowy FRN<br \/>\nWyprodukowane we W\u0142oszech<\/p>\n","protected":false},"excerpt":{"rendered":"<p><strong>Squeak SLIPIT, wyprodukowany w Maniago, n\u00f3\u017c bezpieczny, otwierany jedn\u0105 r\u0119k\u0105 i nazywany SLIPIT.<\/strong><\/p>\n","protected":false},"featured_media":348220,"comment_status":"open","ping_status":"closed","template":"","meta":[],"pwb-brand":[3432],"product_brand":[],"product_cat":[3296,3307],"product_tag":[3671],"class_list":{"0":"post-348219","1":"product","2":"type-product","3":"status-publish","4":"has-post-thumbnail","6":"pwb-brand-spyderco-pl","7":"product_cat-noze-pl","8":"product_cat-zamykanie-nozy","9":"product_tag-b2b-pl","11":"first","12":"outofstock","13":"taxable","14":"shipping-taxable","15":"purchasable","16":"product-type-simple"},"brands":[{"id":3432,"name":"Spyderco","slug":"spyderco-pl"}],"_links":{"self":[{"href":"https:\/\/www.moskito.cz\/pl\/wp-json\/wp\/v2\/product\/348219","targetHints":{"allow":["GET"]}}],"collection":[{"href":"https:\/\/www.moskito.cz\/pl\/wp-json\/wp\/v2\/product"}],"about":[{"href":"https:\/\/www.moskito.cz\/pl\/wp-json\/wp\/v2\/types\/product"}],"replies":[{"embeddable":true,"href":"https:\/\/www.moskito.cz\/pl\/wp-json\/wp\/v2\/comments?post=348219"}],"wp:featuredmedia":[{"embeddable":true,"href":"https:\/\/www.moskito.cz\/pl\/wp-json\/wp\/v2\/media\/348220"}],"wp:attachment":[{"href":"https:\/\/www.moskito.cz\/pl\/wp-json\/wp\/v2\/media?parent=348219"}],"wp:term":[{"taxonomy":"pwb-brand","embeddable":true,"href":"https:\/\/www.moskito.cz\/pl\/wp-json\/wp\/v2\/pwb-brand?post=348219"},{"taxonomy":"product_brand","embeddable":true,"href":"https:\/\/www.moskito.cz\/pl\/wp-json\/wp\/v2\/product_brand?post=348219"},{"taxonomy":"product_cat","embeddable":true,"href":"https:\/\/www.moskito.cz\/pl\/wp-json\/wp\/v2\/product_cat?post=348219"},{"taxonomy":"product_tag","embeddable":true,"href":"https:\/\/www.moskito.cz\/pl\/wp-json\/wp\/v2\/product_tag?post=348219"}],"curies":[{"name":"wp","href":"https:\/\/api.w.org\/{rel}","templated":true}]}}