{"id":348235,"date":"2023-07-04T15:31:48","date_gmt":"2023-07-04T14:31:48","guid":{"rendered":"https:\/\/www.moskito.cz\/?post_type=product&p=348235"},"modified":"2025-05-07T11:19:05","modified_gmt":"2025-05-07T10:19:05","slug":"noz-skladany-spyderco-dragonfly-2-wharncliffe-c28fpwcbk2","status":"publish","type":"product","link":"https:\/\/www.moskito.cz\/pl\/produkt\/noz-skladany-spyderco-dragonfly-2-wharncliffe-c28fpwcbk2\/","title":{"rendered":"N\u00f3\u017c sk\u0142adany Spyderco Dragonfly 2 Wharncliffe C28FPWCBK2"},"content":{"rendered":"<p>N\u00f3\u017c sk\u0142adany <strong>Spyderco<\/strong> Dragonfly 2 Wharncliffe C28FPWCBK2<\/p>\n<p>Dragonfly zawsze reprezentowa\u0142a niezwyk\u0142e po\u0142\u0105czenie kompaktowych wymiar\u00f3w i wszechstronnej wydajno\u015bci ci\u0119cia. Teraz ta wydajno\u015b\u0107 stanowi kolejny krok naprz\u00f3d dzi\u0119ki dodaniu profilu ostrza Wharncliffe. Ostrze Wharncliffe wybierane przez wielu do\u015bwiadczonych u\u017cytkownik\u00f3w no\u017cy. Idealnie proste ostrze Wharncliffe zapewnia ekstremaln\u0105 si\u0142\u0119 ci\u0119cia w pobli\u017cu pi\u0119ty i precyzj\u0119 skalpela na czubku &#8211; szczeg\u00f3lnie w po\u0142\u0105czeniu z ca\u0142kowicie p\u0142askim szlifem o niskim wsp\u00f3\u0142czynniku tarcia. Wszystkie inne cechy tego no\u017ca s\u0105 zgodne z bestsellerowym Dragonfly 2, w tym lekka, formowana wtryskowo r\u0119koje\u015b\u0107 FRN, dwukierunkowe teksturowanie o wysokiej przyczepno\u015bci, solidny mechanizm tylnej blokady i dwustronny, g\u0142\u0119boki klips na drut.<br \/>\nDane techniczne<\/p>\n<p>D\u0142ugo\u015b\u0107 ostrza: 5,8 cm<br \/>\nKraw\u0119d\u017a tn\u0105ca: 4,8 cm<br \/>\nD\u0142ugo\u015b\u0107 po zamkni\u0119ciu: 8,5 cm<br \/>\nD\u0142ugo\u015b\u0107 ca\u0142kowita: 14,2 cm<br \/>\nGrubo\u015b\u0107 ostrza: 0,25 cm<br \/>\nMateria\u0142 ostrza: stal nierdzewna VG10<br \/>\nStyl ostrza: Wharncliffe<br \/>\nSzlif ostrza: Ca\u0142kowicie p\u0142aski<br \/>\nObr\u00f3bka powierzchni ostrza: satyna<br \/>\nKraw\u0119d\u017a ostrza: g\u0142adka<br \/>\nMateria\u0142 r\u0119koje\u015bci: dwukierunkowo teksturowany FRN<br \/>\nKolor uchwytu: czarny<br \/>\nMechanizm blokuj\u0105cy: Lockback<br \/>\nKieszonkowy klips: wysuwany, noszony w lewo\/prawo<br \/>\nNumer modelu: C28FPWCBK2<br \/>\nNazwa modelu: Dragonfly 2 Wharncliffe<br \/>\nWaga: 1,2 uncji (34g)<br \/>\nWykonane w Japonii<\/p>\n<p>&nbsp;<\/p>\n","protected":false},"excerpt":{"rendered":"<p><strong>Dragonfly zawsze reprezentowa\u0142a niezwyk\u0142e po\u0142\u0105czenie kompaktowych wymiar\u00f3w i z\u0142o\u017conej wydajno\u015bci ci\u0119cia.<\/strong><\/p>\n","protected":false},"featured_media":348241,"comment_status":"open","ping_status":"closed","template":"","meta":[],"pwb-brand":[3432],"product_brand":[],"product_cat":[3307,3296],"product_tag":[],"class_list":{"0":"post-348235","1":"product","2":"type-product","3":"status-publish","4":"has-post-thumbnail","6":"pwb-brand-spyderco-pl","7":"product_cat-zamykanie-nozy","8":"product_cat-noze-pl","10":"first","11":"instock","12":"taxable","13":"shipping-taxable","14":"purchasable","15":"product-type-simple"},"brands":[{"id":3432,"name":"Spyderco","slug":"spyderco-pl"}],"_links":{"self":[{"href":"https:\/\/www.moskito.cz\/pl\/wp-json\/wp\/v2\/product\/348235","targetHints":{"allow":["GET"]}}],"collection":[{"href":"https:\/\/www.moskito.cz\/pl\/wp-json\/wp\/v2\/product"}],"about":[{"href":"https:\/\/www.moskito.cz\/pl\/wp-json\/wp\/v2\/types\/product"}],"replies":[{"embeddable":true,"href":"https:\/\/www.moskito.cz\/pl\/wp-json\/wp\/v2\/comments?post=348235"}],"wp:featuredmedia":[{"embeddable":true,"href":"https:\/\/www.moskito.cz\/pl\/wp-json\/wp\/v2\/media\/348241"}],"wp:attachment":[{"href":"https:\/\/www.moskito.cz\/pl\/wp-json\/wp\/v2\/media?parent=348235"}],"wp:term":[{"taxonomy":"pwb-brand","embeddable":true,"href":"https:\/\/www.moskito.cz\/pl\/wp-json\/wp\/v2\/pwb-brand?post=348235"},{"taxonomy":"product_brand","embeddable":true,"href":"https:\/\/www.moskito.cz\/pl\/wp-json\/wp\/v2\/product_brand?post=348235"},{"taxonomy":"product_cat","embeddable":true,"href":"https:\/\/www.moskito.cz\/pl\/wp-json\/wp\/v2\/product_cat?post=348235"},{"taxonomy":"product_tag","embeddable":true,"href":"https:\/\/www.moskito.cz\/pl\/wp-json\/wp\/v2\/product_tag?post=348235"}],"curies":[{"name":"wp","href":"https:\/\/api.w.org\/{rel}","templated":true}]}}