{"id":348292,"date":"2024-07-31T00:06:25","date_gmt":"2024-06-28T09:34:09","guid":{"rendered":"https:\/\/www.moskito.cz\/produkt\/noz-skladany-weknife-saakshi-stonewashed\/"},"modified":"2025-05-07T11:19:07","modified_gmt":"2025-05-07T10:19:07","slug":"noz-skladany-weknife-saakshi-stonewashed","status":"publish","type":"product","link":"https:\/\/www.moskito.cz\/pl\/produkt\/noz-skladany-weknife-saakshi-stonewashed\/","title":{"rendered":"n\u00f3\u017c sk\u0142adany WEKNIFE Saakshi stonewashed"},"content":{"rendered":"<p>n\u00f3\u017c sk\u0142adany i n\u00f3\u017c Saakshi i EDC oraz CPM 20CV<\/p>\n","protected":false},"excerpt":{"rendered":"<p>n\u00f3\u017c sk\u0142adany i n\u00f3\u017c Saakshi i EDC oraz CPM 20CV<\/p>\n","protected":false},"featured_media":304225,"comment_status":"closed","ping_status":"open","template":"","meta":[],"pwb-brand":[3315],"product_brand":[],"product_cat":[3296,3307],"product_tag":[],"class_list":{"0":"post-348292","1":"product","2":"type-product","3":"status-publish","4":"has-post-thumbnail","6":"pwb-brand-tydzien","7":"product_cat-noze-pl","8":"product_cat-zamykanie-nozy","10":"first","11":"instock","12":"purchasable","13":"product-type-simple"},"brands":[{"id":3315,"name":"TYDZIE\u0143","slug":"tydzien"}],"_links":{"self":[{"href":"https:\/\/www.moskito.cz\/pl\/wp-json\/wp\/v2\/product\/348292","targetHints":{"allow":["GET"]}}],"collection":[{"href":"https:\/\/www.moskito.cz\/pl\/wp-json\/wp\/v2\/product"}],"about":[{"href":"https:\/\/www.moskito.cz\/pl\/wp-json\/wp\/v2\/types\/product"}],"replies":[{"embeddable":true,"href":"https:\/\/www.moskito.cz\/pl\/wp-json\/wp\/v2\/comments?post=348292"}],"wp:featuredmedia":[{"embeddable":true,"href":"https:\/\/www.moskito.cz\/pl\/wp-json\/wp\/v2\/media\/304225"}],"wp:attachment":[{"href":"https:\/\/www.moskito.cz\/pl\/wp-json\/wp\/v2\/media?parent=348292"}],"wp:term":[{"taxonomy":"pwb-brand","embeddable":true,"href":"https:\/\/www.moskito.cz\/pl\/wp-json\/wp\/v2\/pwb-brand?post=348292"},{"taxonomy":"product_brand","embeddable":true,"href":"https:\/\/www.moskito.cz\/pl\/wp-json\/wp\/v2\/product_brand?post=348292"},{"taxonomy":"product_cat","embeddable":true,"href":"https:\/\/www.moskito.cz\/pl\/wp-json\/wp\/v2\/product_cat?post=348292"},{"taxonomy":"product_tag","embeddable":true,"href":"https:\/\/www.moskito.cz\/pl\/wp-json\/wp\/v2\/product_tag?post=348292"}],"curies":[{"name":"wp","href":"https:\/\/api.w.org\/{rel}","templated":true}]}}