{"id":348332,"date":"2023-05-09T21:39:31","date_gmt":"2024-06-28T11:02:33","guid":{"rendered":"https:\/\/www.moskito.cz\/produkt\/noz-zamykajacy-kansept-knives-goblin-bronzed-titanium-k2016a4\/"},"modified":"2025-05-07T11:19:09","modified_gmt":"2025-05-07T10:19:09","slug":"noz-zamykajacy-kansept-knives-goblin-bronzed-titanium-k2016a4","status":"publish","type":"product","link":"https:\/\/www.moskito.cz\/pl\/produkt\/noz-zamykajacy-kansept-knives-goblin-bronzed-titanium-k2016a4\/","title":{"rendered":"N\u00f3\u017c zamykaj\u0105cy Kansept Knives Goblin Bronzed Titanium K2016A4"},"content":{"rendered":"<p>N\u00f3\u017c zamykaj\u0105cy <strong>Kansept Knives<\/strong> Goblin Bronzed Titanium K2016A4<\/p>\n<p>Stalowe ostrze CPM-S35VN zapewnia mocne ostrze z doskona\u0142ym zachowaniem kraw\u0119dzi.<br \/>\nSko\u015bne tytanowe uchwyty z nadrukiem kompasu zapewniaj\u0105 g\u0142adk\u0105 powierzchni\u0119 chwytu, kt\u00f3ra wygodnie le\u017cy w kieszeni lub d\u0142oni.<br \/>\nStal pod 3-calowym ostrzem CPM-S35VN zapewnia mocne ostrze z doskona\u0142ym zachowaniem kraw\u0119dzi.<br \/>\nCeramiczne \u0142o\u017cysko kulkowe zapewnia p\u0142ynne otwieranie<br \/>\nSPECYFIKACJE<\/p>\n<p>D\u0142ugo\u015b\u0107 ca\u0142kowita: 14,3 cm<br \/>\nD\u0142ugo\u015b\u0107 ostrza: 5,56 cm<br \/>\nGrubo\u015b\u0107 ostrza: 3 mm<br \/>\nOstrze ze stali: CPM-S35VN<br \/>\nSzlifowanie ostrza: Szlifowanie p\u0142askie<br \/>\nOstrze: myte w kamieniu<br \/>\nR\u0119koje\u015b\u0107: Tytan<br \/>\nBlokada ramy<br \/>\nProjektant: Noble Knives<\/p>\n","protected":false},"excerpt":{"rendered":"<div class=\"elementor-element elementor-element-bbb542b elementor-widget elementor-widget-woocommerce-product-short-description\" data-id=\"bbb542b\" data-element_type=\"widget\" data-widget_type=\"woocommerce-product-short-description.default\">\n<div class=\"elementor-widget-container\">\n<div class=\"woocommerce-product-details__short-description\">\n<p><strong>\u201eKansept\u201d jest t\u0142umaczeniem znaczenia \u201ekoncepcji\u201d. To, co wyr\u00f3\u017cnia nas z t\u0142umu, to zdolno\u015b\u0107 do innowacji. Podobnie jak projekt naszego logo, kt\u00f3re opiera si\u0119 na obrazie UFO podr\u00f3\u017cuj\u0105cych z kosmosu do kosmosu i skacz\u0105cych w przysz\u0142o\u015b\u0107.  <\/strong><\/p>\n<p><strong>Bezp\u0142atny transport.<\/strong><\/p>\n<\/div>\n<\/div>\n<\/div>\n<section class=\"elementor-section elementor-inner-section elementor-element elementor-element-ee51d4b elementor-section-boxed elementor-section-height-default elementor-section-height-default\" data-particle_enable=\"false\" data-particle-mobile-disabled=\"false\" data-id=\"ee51d4b\" data-element_type=\"section\">\n<div class=\"elementor-container elementor-column-gap-no\">\n<div class=\"elementor-column elementor-col-50 elementor-inner-column elementor-element elementor-element-2fbed19\" data-id=\"2fbed19\" data-element_type=\"column\">\n<div class=\"elementor-widget-wrap elementor-element-populated\">\n<div class=\"elementor-element elementor-element-0450112 elementor-widget elementor-widget-heading\" data-id=\"0450112\" data-element_type=\"widget\" data-widget_type=\"heading.default\">\n<div class=\"elementor-widget-container\"><\/div>\n<\/div>\n<\/div>\n<\/div>\n<\/div>\n<\/section>\n","protected":false},"featured_media":348333,"comment_status":"open","ping_status":"closed","template":"","meta":[],"pwb-brand":[3919],"product_brand":[],"product_cat":[3296,3307],"product_tag":[],"class_list":{"0":"post-348332","1":"product","2":"type-product","3":"status-publish","4":"has-post-thumbnail","6":"pwb-brand-noze-kansept","7":"product_cat-noze-pl","8":"product_cat-zamykanie-nozy","10":"first","11":"instock","12":"taxable","13":"shipping-taxable","14":"purchasable","15":"product-type-simple"},"brands":[{"id":3919,"name":"No\u017ce Kansept","slug":"noze-kansept"}],"_links":{"self":[{"href":"https:\/\/www.moskito.cz\/pl\/wp-json\/wp\/v2\/product\/348332","targetHints":{"allow":["GET"]}}],"collection":[{"href":"https:\/\/www.moskito.cz\/pl\/wp-json\/wp\/v2\/product"}],"about":[{"href":"https:\/\/www.moskito.cz\/pl\/wp-json\/wp\/v2\/types\/product"}],"replies":[{"embeddable":true,"href":"https:\/\/www.moskito.cz\/pl\/wp-json\/wp\/v2\/comments?post=348332"}],"wp:featuredmedia":[{"embeddable":true,"href":"https:\/\/www.moskito.cz\/pl\/wp-json\/wp\/v2\/media\/348333"}],"wp:attachment":[{"href":"https:\/\/www.moskito.cz\/pl\/wp-json\/wp\/v2\/media?parent=348332"}],"wp:term":[{"taxonomy":"pwb-brand","embeddable":true,"href":"https:\/\/www.moskito.cz\/pl\/wp-json\/wp\/v2\/pwb-brand?post=348332"},{"taxonomy":"product_brand","embeddable":true,"href":"https:\/\/www.moskito.cz\/pl\/wp-json\/wp\/v2\/product_brand?post=348332"},{"taxonomy":"product_cat","embeddable":true,"href":"https:\/\/www.moskito.cz\/pl\/wp-json\/wp\/v2\/product_cat?post=348332"},{"taxonomy":"product_tag","embeddable":true,"href":"https:\/\/www.moskito.cz\/pl\/wp-json\/wp\/v2\/product_tag?post=348332"}],"curies":[{"name":"wp","href":"https:\/\/api.w.org\/{rel}","templated":true}]}}