{"id":348373,"date":"2024-06-28T12:36:49","date_gmt":"2024-06-28T11:37:40","guid":{"rendered":"https:\/\/www.moskito.cz\/produkt\/solidny-noz-damascenski-muela-bw-6dam\/"},"modified":"2025-05-07T11:19:10","modified_gmt":"2025-05-07T10:19:10","slug":"solidny-noz-damascenski-muela-bw-6dam","status":"publish","type":"product","link":"https:\/\/www.moskito.cz\/pl\/produkt\/solidny-noz-damascenski-muela-bw-6dam\/","title":{"rendered":"Solidny n\u00f3\u017c damasce\u0144ski Muela BW-6DAM"},"content":{"rendered":"<p>Solidny n\u00f3\u017c damasce\u0144ski <strong>Muela<\/strong> BW-6DAM.<\/p>\n<p>Artystyczny n\u00f3\u017c my\u015bliwski <strong>Muela<\/strong> Bowie z ostrzem ze stali damasce\u0144skiej o d\u0142ugo\u015bci 7,5 cm, r\u0119koje\u015bci\u0105 z poro\u017ca jelenia i pochw\u0105 z sekwoi. Zawiera br\u0105zowe sk\u00f3rzane etui i etui prezentacyjne.<\/p>\n<p>Stal nierdzewna damasce\u0144ska jest produkowana przy u\u017cyciu dw\u00f3ch rodzaj\u00f3w stali metod\u0105 metalurgii proszk\u00f3w (RWL34 i PMC27) i jest \u0142\u0105czona w temperaturze 1150\u00b0C i pod ci\u015bnieniem 1000 atmosfer. W wyniku tego procesu powstaje stal o dwukrotnie wi\u0119kszej wytrzyma\u0142o\u015bci na rozdarcie, zm\u0119czeniu, plastyczno\u015bci i udarno\u015bci, a tak\u017ce uwydatnia wyj\u0105tkowe pi\u0119kno grawerowania.<\/p>\n<p>D\u0142ugo\u015b\u0107 ostrza: 7,5 cm<br \/>\nD\u0142ugo\u015b\u0107 r\u0105czki: 9,5 cm<br \/>\nD\u0142ugo\u015b\u0107 ca\u0142kowita: 17 cm<br \/>\nOstrze: stal damasce\u0144ska RWL34 (blachy 576 RWL34 i PMC27)<br \/>\nTwardo\u015b\u0107: 60\/62 HRc<br \/>\nR\u0119koje\u015b\u0107: poro\u017ce jelenia z mosi\u0119\u017cnymi wyko\u0144czeniami i wstawkami ze sk\u00f3ry i drewna koralowego<br \/>\nOk\u0142adka: sk\u00f3ra premium<br \/>\nWaga: 100 gr<\/p>\n<p>&nbsp;<\/p>\n","protected":false},"excerpt":{"rendered":"<p><strong>Artystyczny n\u00f3\u017c my\u015bliwski Muela Bowie z ostrzem ze stali damasce\u0144skiej o d\u0142ugo\u015bci 7,5 cm, r\u0119koje\u015bci\u0105 z poro\u017ca jelenia i pochw\u0105 z sekwoi. Zawiera br\u0105zowe sk\u00f3rzane etui i etui prezentacyjne.<\/strong><\/p>\n<p><strong>Bezp\u0142atny transport.<\/strong><\/p>\n","protected":false},"featured_media":348358,"comment_status":"open","ping_status":"closed","template":"","meta":[],"pwb-brand":[3912],"product_brand":[],"product_cat":[3296,3421],"product_tag":[],"class_list":{"0":"post-348373","1":"product","2":"type-product","3":"status-publish","4":"has-post-thumbnail","6":"pwb-brand-musiala","7":"product_cat-noze-pl","8":"product_cat-noze-damascenskie","10":"first","11":"instock","12":"taxable","13":"shipping-taxable","14":"purchasable","15":"product-type-simple"},"brands":[{"id":3912,"name":"Musia\u0142a","slug":"musiala"}],"_links":{"self":[{"href":"https:\/\/www.moskito.cz\/pl\/wp-json\/wp\/v2\/product\/348373","targetHints":{"allow":["GET"]}}],"collection":[{"href":"https:\/\/www.moskito.cz\/pl\/wp-json\/wp\/v2\/product"}],"about":[{"href":"https:\/\/www.moskito.cz\/pl\/wp-json\/wp\/v2\/types\/product"}],"replies":[{"embeddable":true,"href":"https:\/\/www.moskito.cz\/pl\/wp-json\/wp\/v2\/comments?post=348373"}],"wp:featuredmedia":[{"embeddable":true,"href":"https:\/\/www.moskito.cz\/pl\/wp-json\/wp\/v2\/media\/348358"}],"wp:attachment":[{"href":"https:\/\/www.moskito.cz\/pl\/wp-json\/wp\/v2\/media?parent=348373"}],"wp:term":[{"taxonomy":"pwb-brand","embeddable":true,"href":"https:\/\/www.moskito.cz\/pl\/wp-json\/wp\/v2\/pwb-brand?post=348373"},{"taxonomy":"product_brand","embeddable":true,"href":"https:\/\/www.moskito.cz\/pl\/wp-json\/wp\/v2\/product_brand?post=348373"},{"taxonomy":"product_cat","embeddable":true,"href":"https:\/\/www.moskito.cz\/pl\/wp-json\/wp\/v2\/product_cat?post=348373"},{"taxonomy":"product_tag","embeddable":true,"href":"https:\/\/www.moskito.cz\/pl\/wp-json\/wp\/v2\/product_tag?post=348373"}],"curies":[{"name":"wp","href":"https:\/\/api.w.org\/{rel}","templated":true}]}}