{"id":348422,"date":"2024-06-28T12:56:38","date_gmt":"2024-06-28T11:57:27","guid":{"rendered":"https:\/\/www.moskito.cz\/produkt\/naprawiono-noz-muela-peccary-8m\/"},"modified":"2025-05-07T11:19:12","modified_gmt":"2025-05-07T10:19:12","slug":"naprawiono-noz-muela-peccary-8m","status":"publish","type":"product","link":"https:\/\/www.moskito.cz\/pl\/produkt\/naprawiono-noz-muela-peccary-8m\/","title":{"rendered":"Naprawiono n\u00f3\u017c Muela PECCARY-8M"},"content":{"rendered":"<p>Naprawiono n\u00f3\u017c <strong>Muela<\/strong> PECCARY-8M.<\/p>\n<p><strong>PECCARY-8.M<\/strong> to n\u00f3\u017c ze sta\u0142\u0105 kling\u0105 i konstrukcj\u0105 typu full tang z pochw\u0105 przystosowan\u0105 do zawieszenia na szyi. Dzi\u0119ki doskona\u0142ej ergonomii dobrze le\u017cy w d\u0142oni pomimo niewielkich wymiar\u00f3w. Idealny n\u00f3\u017c do samoobrony, u\u017cywany przez mi\u0142o\u015bnik\u00f3w outdooru i survivalu. Lekki &#8211; cienki &#8211; niezast\u0105piony &#8211; z p\u0142ask\u0105 pochw\u0105 &#8211; ten n\u00f3\u017c zawsze b\u0119dzie przy Tobie!<\/p>\n<p>G\u0142ownia &#8211; o profilu Drop Point i grubo\u015bci 2.8 mm. Pokryty antyrefleksyjn\u0105 warstw\u0105 Satin Finish (p\u00f3\u0142mat). Wykonane z hartowanej w przedziale 57-58 HRC, wytrzyma\u0142ej stali nierdzewnej molibdenowo-wanadowej X50CrMoV15. Ostrze charakteryzuje si\u0119 dobrymi w\u0142a\u015bciwo\u015bciami mechanicznymi i d\u0142ugotrwa\u0142ym ostrzeniem. Ostrze g\u0142adkie typu Plain wyprowadzono szlifem p\u0142askim (Flat Grind).<\/p>\n<p>R\u0119koje\u015b\u0107 &#8211; profilowana, pokryta antypo\u015blizgowymi wodoodpornymi wstawkami z czarnej micarty, zapewnia pewny chwyt pomimo niewielkich wymiar\u00f3w. W tylnej cz\u0119\u015bci r\u0119koje\u015bci umieszczono powi\u0119kszony otw\u00f3r na link\u0119 paracord.<\/p>\n<p>Rama &#8211; uchwyty zosta\u0142y pokryte ozdobnymi w\u0142\u00f3knistymi przek\u0142adkami w kolorze czerwonym, do kt\u00f3rych przymocowano os\u0142on\u0119 klamki.<\/p>\n<p>Pochwa &#8211; wykonana z materia\u0142u Kydex chroni n\u00f3\u017c przed wypadaniem i wilgoci\u0105. W zestawie linka paracord do zawieszenia pochwy no\u017ca na szyi.<\/p>\n<p>Specyfikacja techniczna:<br \/>\nNumer produktu: PECCARY-8M<\/p>\n<p>Rodzaj stali: X50CrMoV15<br \/>\nD\u0142ugo\u015b\u0107 ostrza: 7 cm \/ 2,76 cala<br \/>\nGrubo\u015b\u0107 ostrza: 0,28 cm \/ 0,11&#8243;<br \/>\nD\u0142ugo\u015b\u0107 ca\u0142kowita: 15,2 cm \/ 5,98 cala<br \/>\nWaga: 69 g \/ 2,43 uncji<br \/>\nTyp kraw\u0119dzi: G\u0142adka<br \/>\nTyp ostrza: Drop Point<br \/>\nRodzaj ci\u0119cia: P\u0142aski<br \/>\nMateria\u0142 r\u0119koje\u015bci: Czarna Micarta<br \/>\nPochwa: Kydex<br \/>\nProducent: Muela, Hiszpania<\/p>\n<p>&nbsp;<\/p>\n<p>&nbsp;<\/p>\n","protected":false},"excerpt":{"rendered":"<p><strong>Ten wszechstronny n\u00f3\u017c ma wsp\u00f3lne ostrze z no\u017cem COLIBRI i jest teraz dost\u0119pny jako atrakcyjny n\u00f3\u017c na szyj\u0119.<\/strong><\/p>\n<p><strong>Podobnie jak PECCARY, zwierz\u0119, kt\u00f3re inspiruje jego nazw\u0119, jest ma\u0142e, wytrzyma\u0142e, dynamiczne, agresywne i mocne. Cechy, kt\u00f3re sprawiaj\u0105, \u017ce nadaje si\u0119 do r\u00f3\u017cnych sytuacji.<\/strong><\/p>\n<p>&nbsp;<\/p>\n","protected":false},"featured_media":348382,"comment_status":"open","ping_status":"closed","template":"","meta":[],"pwb-brand":[],"product_brand":[],"product_cat":[3296,3297],"product_tag":[],"class_list":{"0":"post-348422","1":"product","2":"type-product","3":"status-publish","4":"has-post-thumbnail","6":"product_cat-noze-pl","7":"product_cat-solidne-noze","9":"first","10":"outofstock","11":"taxable","12":"shipping-taxable","13":"purchasable","14":"product-type-simple"},"brands":[],"_links":{"self":[{"href":"https:\/\/www.moskito.cz\/pl\/wp-json\/wp\/v2\/product\/348422","targetHints":{"allow":["GET"]}}],"collection":[{"href":"https:\/\/www.moskito.cz\/pl\/wp-json\/wp\/v2\/product"}],"about":[{"href":"https:\/\/www.moskito.cz\/pl\/wp-json\/wp\/v2\/types\/product"}],"replies":[{"embeddable":true,"href":"https:\/\/www.moskito.cz\/pl\/wp-json\/wp\/v2\/comments?post=348422"}],"wp:featuredmedia":[{"embeddable":true,"href":"https:\/\/www.moskito.cz\/pl\/wp-json\/wp\/v2\/media\/348382"}],"wp:attachment":[{"href":"https:\/\/www.moskito.cz\/pl\/wp-json\/wp\/v2\/media?parent=348422"}],"wp:term":[{"taxonomy":"pwb-brand","embeddable":true,"href":"https:\/\/www.moskito.cz\/pl\/wp-json\/wp\/v2\/pwb-brand?post=348422"},{"taxonomy":"product_brand","embeddable":true,"href":"https:\/\/www.moskito.cz\/pl\/wp-json\/wp\/v2\/product_brand?post=348422"},{"taxonomy":"product_cat","embeddable":true,"href":"https:\/\/www.moskito.cz\/pl\/wp-json\/wp\/v2\/product_cat?post=348422"},{"taxonomy":"product_tag","embeddable":true,"href":"https:\/\/www.moskito.cz\/pl\/wp-json\/wp\/v2\/product_tag?post=348422"}],"curies":[{"name":"wp","href":"https:\/\/api.w.org\/{rel}","templated":true}]}}