{"id":348462,"date":"2024-01-17T16:08:56","date_gmt":"2024-01-17T15:08:56","guid":{"rendered":"https:\/\/www.moskito.cz\/produkt\/noz-grzybkowy-joker-jkr-32\/"},"modified":"2025-11-21T09:43:09","modified_gmt":"2025-11-21T08:43:09","slug":"noz-grzybkowy-joker-jkr-32","status":"publish","type":"product","link":"https:\/\/www.moskito.cz\/pl\/produkt\/noz-grzybkowy-joker-jkr-32\/","title":{"rendered":"N\u00f3\u017c grzybkowy Joker JKR 32"},"content":{"rendered":"<p>N\u00f3\u017c grzybkowy <strong>Joker<\/strong> JKR 32<\/p>\n<p>N\u00f3\u017c zamykaj\u0105cy posiada ostrze o d\u0142ugo\u015bci 6 cm, kt\u00f3rego kszta\u0142t idealnie nadaje si\u0119 do obramowania grzyb\u00f3w. Ca\u0142kowita d\u0142ugo\u015b\u0107 w stanie roz\u0142o\u017conym wynosi 19 cm.<\/p>\n<p>Na ko\u0144cu r\u0119koje\u015bci n\u00f3\u017c wyposa\u017cony jest w w\u0142osie, kt\u00f3re usuwa brud z powierzchni grzyb\u00f3w. Na kufie znajduje si\u0119 r\u00f3wnie\u017c miarka s\u0142u\u017c\u0105ca do pomiar\u00f3w orientacyjnych.<\/p>\n","protected":false},"excerpt":{"rendered":"<p><strong>N\u00f3\u017c grzybowy Joker.<\/strong><\/p>\n","protected":false},"featured_media":348464,"comment_status":"open","ping_status":"closed","template":"","meta":[],"pwb-brand":[3393],"product_brand":[],"product_cat":[3307,3296],"product_tag":[],"class_list":{"0":"post-348462","1":"product","2":"type-product","3":"status-publish","4":"has-post-thumbnail","6":"pwb-brand-zartownis","7":"product_cat-zamykanie-nozy","8":"product_cat-noze-pl","10":"first","11":"instock","12":"taxable","13":"shipping-taxable","14":"purchasable","15":"product-type-simple"},"brands":[{"id":3393,"name":"\u017bartowni\u015b","slug":"zartownis"}],"_links":{"self":[{"href":"https:\/\/www.moskito.cz\/pl\/wp-json\/wp\/v2\/product\/348462","targetHints":{"allow":["GET"]}}],"collection":[{"href":"https:\/\/www.moskito.cz\/pl\/wp-json\/wp\/v2\/product"}],"about":[{"href":"https:\/\/www.moskito.cz\/pl\/wp-json\/wp\/v2\/types\/product"}],"replies":[{"embeddable":true,"href":"https:\/\/www.moskito.cz\/pl\/wp-json\/wp\/v2\/comments?post=348462"}],"wp:featuredmedia":[{"embeddable":true,"href":"https:\/\/www.moskito.cz\/pl\/wp-json\/wp\/v2\/media\/348464"}],"wp:attachment":[{"href":"https:\/\/www.moskito.cz\/pl\/wp-json\/wp\/v2\/media?parent=348462"}],"wp:term":[{"taxonomy":"pwb-brand","embeddable":true,"href":"https:\/\/www.moskito.cz\/pl\/wp-json\/wp\/v2\/pwb-brand?post=348462"},{"taxonomy":"product_brand","embeddable":true,"href":"https:\/\/www.moskito.cz\/pl\/wp-json\/wp\/v2\/product_brand?post=348462"},{"taxonomy":"product_cat","embeddable":true,"href":"https:\/\/www.moskito.cz\/pl\/wp-json\/wp\/v2\/product_cat?post=348462"},{"taxonomy":"product_tag","embeddable":true,"href":"https:\/\/www.moskito.cz\/pl\/wp-json\/wp\/v2\/product_tag?post=348462"}],"curies":[{"name":"wp","href":"https:\/\/api.w.org\/{rel}","templated":true}]}}