{"id":348509,"date":"2024-07-02T12:58:39","date_gmt":"2024-07-02T11:59:20","guid":{"rendered":"https:\/\/www.moskito.cz\/produkt\/noz-zamykany-z-etui-muela-bx-8-ol\/"},"modified":"2025-05-07T11:19:15","modified_gmt":"2025-05-07T10:19:15","slug":"noz-zamykany-z-etui-muela-bx-8-ol","status":"publish","type":"product","link":"https:\/\/www.moskito.cz\/pl\/produkt\/noz-zamykany-z-etui-muela-bx-8-ol\/","title":{"rendered":"N\u00f3\u017c zamykany z etui Muela BX-8.OL"},"content":{"rendered":"<p>N\u00f3\u017c zamykany z etui <strong>Muela<\/strong> BX-8.OL<\/p>\n<p>Odkryj najbardziej wyj\u0105tkowy n\u00f3\u017c my\u015bliwski, jaki kiedykolwiek stworzono, aby towarzyszy\u0142 Ci podczas przyg\u00f3d na \u015bwie\u017cym powietrzu! Przedstawiamy n\u00f3\u017c my\u015bliwski Artisan BX-8.OL, prawdziwe arcydzie\u0142o wykonane z pasj\u0105 i umiej\u0119tno\u015bciami w Hiszpanii przez renomowan\u0105 mark\u0119 Muela.<\/p>\n<p>Nieruchomo\u015bci:<\/p>\n<p>Zabezpieczenie Lockback: Dzi\u0119ki unikalnej technologii Lockback masz pewno\u015b\u0107, \u017ce ostrze pozostanie zablokowane w trakcie u\u017cytkowania. Nie martw si\u0119 o wypadki!<br \/>\nOstrze 8,5 cm: D\u0142ugo\u015b\u0107 ostrza zapewnia idealn\u0105 r\u00f3wnowag\u0119 pomi\u0119dzy wszechstronno\u015bci\u0105 i wydajno\u015bci\u0105. Idealnie nadaje si\u0119 do zada\u0144 precyzyjnych, a tak\u017ce do bardziej wymagaj\u0105cych zada\u0144 podczas dni polowa\u0144.<br \/>\nR\u0119koje\u015b\u0107 z drewna oliwnego 10 cm: Czy mo\u017cesz sobie wyobrazi\u0107 mi\u0119kko\u015b\u0107 i elegancj\u0119 drewna oliwnego w swoich d\u0142oniach? Ta r\u0119koje\u015b\u0107 to prawdziwy klejnot, nie tylko ze wzgl\u0119du na sw\u00f3j wygl\u0105d, ale tak\u017ce dlatego, \u017ce wygodnie le\u017cy w d\u0142oni i zapewnia pewny chwyt? bezpieczne trzymanie.<br \/>\nSolidna konstrukcja: golarka o ca\u0142kowitej d\u0142ugo\u015bci 18,5 cm zosta\u0142a zaprojektowana tak, aby s\u0142u\u017cy\u0107 przez ca\u0142e \u017cycie. Ostrze ze stali nierdzewnej molibdenowo-wanadowej o grubo\u015bci 2,5 mm zapewnia wyj\u0105tkow\u0105 odporno\u015b\u0107 na wszelkie wyzwania natury.<br \/>\nDetale w kolorze niklowo-srebrnym: Wzmocnienie niklowo-srebrne nie tylko nadaje no\u017cowi estetyczny i charakterystyczny wygl\u0105d, ale tak\u017ce zapewnia dodatkow\u0105 ochron\u0119 r\u0119koje\u015bci oraz zapewnia jej integralno\u015b\u0107 i trwa\u0142o\u015b\u0107.<br \/>\nEtui w zestawie: Aby chroni\u0107 ten klejnot no\u017ca, gdy nie jest u\u017cywany, zapewniamy trwa\u0142e i eleganckie etui. Mo\u017cesz zabra\u0107 go wsz\u0119dzie ze spokojem ducha.<br \/>\nOptymalna waga: tylko 210 gram\u00f3w, ten n\u00f3\u017c jest wystarczaj\u0105co lekki, aby wygodnie zmie\u015bci\u0107 si\u0119 w kieszeni lub plecaku, a jednocze\u015bnie wystarczaj\u0105co wytrzyma\u0142y, aby sprosta\u0107 ka\u017cdemu zadaniu!<\/p>\n<p>Nie przegap tej okazji, aby posiada\u0107 autentyczny kawa\u0142ek hiszpa\u0144skiego rzemios\u0142a, kt\u00f3ry przeniesie Twoje wra\u017cenia z polowa\u0144 na wy\u017cszy poziom. R\u0119cznie robiony n\u00f3\u017c my\u015bliwski Muela BX-8.OL to idealny towarzysz, kt\u00f3ry odzwierciedli Tw\u00f3j styl i zami\u0142owanie do natury. Kliknij teraz i zabierz go ze sob\u0105 na nast\u0119pn\u0105 przygod\u0119 na \u015bwie\u017cym powietrzu!<\/p>\n<p>D\u0142ugo\u015b\u0107 ca\u0142kowita: 19 cm<br \/>\nD\u0142ugo\u015b\u0107 ostrza: 8,5 cm<br \/>\nWaga: 120 g<br \/>\nMateria\u0142 ostrza: 440<br \/>\nMateria\u0142 r\u0119koje\u015bci: oliwkowy<br \/>\nBezpiecze\u0144stwo: blokada<\/p>\n","protected":false},"excerpt":{"rendered":"<p><strong>Odkryj najbardziej wyj\u0105tkowy n\u00f3\u017c my\u015bliwski, jaki kiedykolwiek stworzono, aby towarzyszy\u0142 Ci podczas przyg\u00f3d na \u015bwie\u017cym powietrzu! Przedstawiamy n\u00f3\u017c my\u015bliwski Artisan BX-8.OL, prawdziwe arcydzie\u0142o wykonane z pasj\u0105 i umiej\u0119tno\u015bciami w Hiszpanii przez renomowan\u0105 mark\u0119 Muela.<\/strong><\/p>\n","protected":false},"featured_media":348492,"comment_status":"open","ping_status":"closed","template":"","meta":[],"pwb-brand":[3912],"product_brand":[],"product_cat":[3307,3296],"product_tag":[3671],"class_list":{"0":"post-348509","1":"product","2":"type-product","3":"status-publish","4":"has-post-thumbnail","6":"pwb-brand-musiala","7":"product_cat-zamykanie-nozy","8":"product_cat-noze-pl","9":"product_tag-b2b-pl","11":"first","12":"outofstock","13":"taxable","14":"shipping-taxable","15":"purchasable","16":"product-type-simple"},"brands":[{"id":3912,"name":"Musia\u0142a","slug":"musiala"}],"_links":{"self":[{"href":"https:\/\/www.moskito.cz\/pl\/wp-json\/wp\/v2\/product\/348509","targetHints":{"allow":["GET"]}}],"collection":[{"href":"https:\/\/www.moskito.cz\/pl\/wp-json\/wp\/v2\/product"}],"about":[{"href":"https:\/\/www.moskito.cz\/pl\/wp-json\/wp\/v2\/types\/product"}],"replies":[{"embeddable":true,"href":"https:\/\/www.moskito.cz\/pl\/wp-json\/wp\/v2\/comments?post=348509"}],"wp:featuredmedia":[{"embeddable":true,"href":"https:\/\/www.moskito.cz\/pl\/wp-json\/wp\/v2\/media\/348492"}],"wp:attachment":[{"href":"https:\/\/www.moskito.cz\/pl\/wp-json\/wp\/v2\/media?parent=348509"}],"wp:term":[{"taxonomy":"pwb-brand","embeddable":true,"href":"https:\/\/www.moskito.cz\/pl\/wp-json\/wp\/v2\/pwb-brand?post=348509"},{"taxonomy":"product_brand","embeddable":true,"href":"https:\/\/www.moskito.cz\/pl\/wp-json\/wp\/v2\/product_brand?post=348509"},{"taxonomy":"product_cat","embeddable":true,"href":"https:\/\/www.moskito.cz\/pl\/wp-json\/wp\/v2\/product_cat?post=348509"},{"taxonomy":"product_tag","embeddable":true,"href":"https:\/\/www.moskito.cz\/pl\/wp-json\/wp\/v2\/product_tag?post=348509"}],"curies":[{"name":"wp","href":"https:\/\/api.w.org\/{rel}","templated":true}]}}