{"id":348533,"date":"2024-07-02T13:11:17","date_gmt":"2024-07-02T12:18:59","guid":{"rendered":"https:\/\/www.moskito.cz\/produkt\/noz-zamykany-z-etui-muela-gt-8m-ol\/"},"modified":"2025-05-07T11:19:18","modified_gmt":"2025-05-07T10:19:18","slug":"noz-zamykany-z-etui-muela-gt-8m-ol","status":"publish","type":"product","link":"https:\/\/www.moskito.cz\/pl\/produkt\/noz-zamykany-z-etui-muela-gt-8m-ol\/","title":{"rendered":"N\u00f3\u017c zamykany z etui Muela GT-8M.OL"},"content":{"rendered":"<p>N\u00f3\u017c zamykany z etui <strong>Muela<\/strong> GT-8M.OL<\/p>\n<p>Hiszpa\u0144ski scyzoryk rzemie\u015blniczy z serii Muela GT. Ostrze 8,5 cm wykonane ze stali nierdzewnej MoVa (1.4116). R\u0119koje\u015bci z czarnej micarty i drewna oliwnego oraz nylonowa os\u0142ona.<\/p>\n<p>D\u0142ugo\u015b\u0107 ca\u0142kowita: 19,0 cm<br \/>\nD\u0142ugo\u015b\u0107 ostrza: 8,5 cm<br \/>\nRodzaj stali: MoVa (1.4116)<br \/>\nTyp blokady: blokada tylna<br \/>\nOtwieranie: r\u0119czne<br \/>\nKlip: Nie<br \/>\nTwardo\u015b\u0107 stali: 57-61 HRC<br \/>\nStyl ostrza: Drop Point<br \/>\nTyp odp\u0142ywu: Prosty<br \/>\nObr\u00f3bka powierzchni ostrza: satyna<br \/>\nTyp kraw\u0119dzi: P\u0142aska<br \/>\nD\u0142ugo\u015b\u0107 r\u0105czki: 10,5 cm<br \/>\nMateria\u0142 r\u0119koje\u015bci: Micarta\/Oliva<br \/>\nKolor uchwytu: dwukolorowy<br \/>\nWaga: 90 gram\u00f3w<br \/>\nKraj pochodzenia: Hiszpania<\/p>\n<p>&nbsp;<\/p>\n","protected":false},"excerpt":{"rendered":"<p><strong>Hiszpa\u0144ski scyzoryk rzemie\u015blniczy z serii Muela GT. Ostrze 8,5 cm wykonane ze stali nierdzewnej MoVa (1.4116). R\u0119koje\u015bci z czarnej micarty i drewna oliwnego oraz nylonowa os\u0142ona.<\/strong><\/p>\n","protected":false},"featured_media":348517,"comment_status":"open","ping_status":"closed","template":"","meta":[],"pwb-brand":[3912],"product_brand":[],"product_cat":[3296,3307],"product_tag":[3671],"class_list":{"0":"post-348533","1":"product","2":"type-product","3":"status-publish","4":"has-post-thumbnail","6":"pwb-brand-musiala","7":"product_cat-noze-pl","8":"product_cat-zamykanie-nozy","9":"product_tag-b2b-pl","11":"first","12":"instock","13":"taxable","14":"shipping-taxable","15":"purchasable","16":"product-type-simple"},"brands":[{"id":3912,"name":"Musia\u0142a","slug":"musiala"}],"_links":{"self":[{"href":"https:\/\/www.moskito.cz\/pl\/wp-json\/wp\/v2\/product\/348533","targetHints":{"allow":["GET"]}}],"collection":[{"href":"https:\/\/www.moskito.cz\/pl\/wp-json\/wp\/v2\/product"}],"about":[{"href":"https:\/\/www.moskito.cz\/pl\/wp-json\/wp\/v2\/types\/product"}],"replies":[{"embeddable":true,"href":"https:\/\/www.moskito.cz\/pl\/wp-json\/wp\/v2\/comments?post=348533"}],"wp:featuredmedia":[{"embeddable":true,"href":"https:\/\/www.moskito.cz\/pl\/wp-json\/wp\/v2\/media\/348517"}],"wp:attachment":[{"href":"https:\/\/www.moskito.cz\/pl\/wp-json\/wp\/v2\/media?parent=348533"}],"wp:term":[{"taxonomy":"pwb-brand","embeddable":true,"href":"https:\/\/www.moskito.cz\/pl\/wp-json\/wp\/v2\/pwb-brand?post=348533"},{"taxonomy":"product_brand","embeddable":true,"href":"https:\/\/www.moskito.cz\/pl\/wp-json\/wp\/v2\/product_brand?post=348533"},{"taxonomy":"product_cat","embeddable":true,"href":"https:\/\/www.moskito.cz\/pl\/wp-json\/wp\/v2\/product_cat?post=348533"},{"taxonomy":"product_tag","embeddable":true,"href":"https:\/\/www.moskito.cz\/pl\/wp-json\/wp\/v2\/product_tag?post=348533"}],"curies":[{"name":"wp","href":"https:\/\/api.w.org\/{rel}","templated":true}]}}