{"id":348565,"date":"2024-07-02T13:46:33","date_gmt":"2024-07-02T12:48:04","guid":{"rendered":"https:\/\/www.moskito.cz\/produkt\/noz-staly-muela-peccary-8-o\/"},"modified":"2025-05-07T11:19:19","modified_gmt":"2025-05-07T10:19:19","slug":"noz-staly-muela-peccary-8-o","status":"publish","type":"product","link":"https:\/\/www.moskito.cz\/pl\/produkt\/noz-staly-muela-peccary-8-o\/","title":{"rendered":"N\u00f3\u017c sta\u0142y Muela PECCARY-8.O"},"content":{"rendered":"<p>N\u00f3\u017c sta\u0142y <strong>Muela<\/strong> PECCARY-8.O<\/p>\n<p>Muela jest obecnie jedn\u0105 z najsilniejszych firm w dziedzinie r\u0119cznie robionych no\u017cy my\u015bliwskich w Hiszpanii i na ca\u0142ym \u015bwiecie, a jej no\u017ce i scyzoryki ciesz\u0105 si\u0119 du\u017cym uznaniem ze wzgl\u0119du na ich najwy\u017csz\u0105 jako\u015b\u0107.<\/p>\n<p>N\u00f3\u017c Muela Peccary idealnie nadaje si\u0119 do codziennego u\u017cytku, poniewa\u017c mo\u017cna go nosi\u0107 na szyi. Pomimo niewielkich rozmiar\u00f3w jest bardzo trwa\u0142y, dynamiczny, agresywny i solidny. Blacha stalowa MoVa. R\u0119koje\u015b\u0107 wykonana z micarty. Zawiera: &#8211; Otw\u00f3r na sznurek. &#8211; Kabura z Kydexu &#8211; Linka Paracord (550 funt\u00f3w).<\/p>\n<p>CHARAKTERYSTYKA N\u00d3\u017bA:<\/p>\n<p>D\u0142ugo\u015b\u0107 ca\u0142kowita: 15,5 cm \/ 6,10 cala<\/p>\n<p>D\u0142ugo\u015b\u0107 ostrza: 7,0 cm \/ 2,75 cala<\/p>\n<p>Rodzaj stali: MoVa<\/p>\n<p>Model: Prosty<\/p>\n<p>Powierzchnia: Satyna<\/p>\n<p>Rodzaj szlifowania: G\u0142adki<\/p>\n<p>D\u0142ugo\u015b\u0107 r\u0105czki: 8,5 cm \/ 3,34 cala<\/p>\n<p>Materia\u0142 uchwytu: p\u0142\u00f3tno<\/p>\n<p>Kolor uchwytu: czarny<\/p>\n<p>Waga: 70 gr.<\/p>\n<p>Etui: Kydex Kraj pochodzenia: Hiszpania<\/p>\n<p>&nbsp;<\/p>\n","protected":false},"excerpt":{"rendered":"<p>N\u00f3\u017c Muela Peccary idealnie nadaje si\u0119 do codziennego u\u017cytku, poniewa\u017c mo\u017cna go nosi\u0107 na szyi. Pomimo niewielkich rozmiar\u00f3w jest bardzo trwa\u0142y, dynamiczny, agresywny i solidny.<\/p>\n","protected":false},"featured_media":348542,"comment_status":"open","ping_status":"closed","template":"","meta":[],"pwb-brand":[3912],"product_brand":[],"product_cat":[3296,3297],"product_tag":[3671],"class_list":{"0":"post-348565","1":"product","2":"type-product","3":"status-publish","4":"has-post-thumbnail","6":"pwb-brand-musiala","7":"product_cat-noze-pl","8":"product_cat-solidne-noze","9":"product_tag-b2b-pl","11":"first","12":"instock","13":"taxable","14":"shipping-taxable","15":"purchasable","16":"product-type-simple"},"brands":[{"id":3912,"name":"Musia\u0142a","slug":"musiala"}],"_links":{"self":[{"href":"https:\/\/www.moskito.cz\/pl\/wp-json\/wp\/v2\/product\/348565","targetHints":{"allow":["GET"]}}],"collection":[{"href":"https:\/\/www.moskito.cz\/pl\/wp-json\/wp\/v2\/product"}],"about":[{"href":"https:\/\/www.moskito.cz\/pl\/wp-json\/wp\/v2\/types\/product"}],"replies":[{"embeddable":true,"href":"https:\/\/www.moskito.cz\/pl\/wp-json\/wp\/v2\/comments?post=348565"}],"wp:featuredmedia":[{"embeddable":true,"href":"https:\/\/www.moskito.cz\/pl\/wp-json\/wp\/v2\/media\/348542"}],"wp:attachment":[{"href":"https:\/\/www.moskito.cz\/pl\/wp-json\/wp\/v2\/media?parent=348565"}],"wp:term":[{"taxonomy":"pwb-brand","embeddable":true,"href":"https:\/\/www.moskito.cz\/pl\/wp-json\/wp\/v2\/pwb-brand?post=348565"},{"taxonomy":"product_brand","embeddable":true,"href":"https:\/\/www.moskito.cz\/pl\/wp-json\/wp\/v2\/product_brand?post=348565"},{"taxonomy":"product_cat","embeddable":true,"href":"https:\/\/www.moskito.cz\/pl\/wp-json\/wp\/v2\/product_cat?post=348565"},{"taxonomy":"product_tag","embeddable":true,"href":"https:\/\/www.moskito.cz\/pl\/wp-json\/wp\/v2\/product_tag?post=348565"}],"curies":[{"name":"wp","href":"https:\/\/api.w.org\/{rel}","templated":true}]}}