{"id":348597,"date":"2024-07-02T14:05:30","date_gmt":"2024-07-02T13:07:51","guid":{"rendered":"https:\/\/www.moskito.cz\/produkt\/noz-zamykany-z-etui-muela-p-8co\/"},"modified":"2025-05-07T11:19:20","modified_gmt":"2025-05-07T10:19:20","slug":"noz-zamykany-z-etui-muela-p-8co","status":"publish","type":"product","link":"https:\/\/www.moskito.cz\/pl\/produkt\/noz-zamykany-z-etui-muela-p-8co\/","title":{"rendered":"N\u00f3\u017c zamykany z etui Muela P-8CO"},"content":{"rendered":"<p>N\u00f3\u017c zamykany z etui <strong>Muela<\/strong> P-8CO<\/p>\n<p>Scyzoryk Muela P-8CO o d\u0142ugo\u015bci ostrza 8,5 cm wykonany ze stali nierdzewnej 440A. R\u0119koje\u015b\u0107 drewniana Cocobolo. Lekki i kompaktowy n\u00f3\u017c, kt\u00f3ry zawsze mo\u017cesz nosi\u0107 w kieszeni. Materia\u0142y: Ostrze: Stal 440A R\u0119koje\u015b\u0107: Drewno Cocobolo Wymiary: D\u0142ugo\u015b\u0107 ostrza: 85 mm. D\u0142ugo\u015b\u0107 r\u0105czki: 130 mm. D\u0142ugo\u015b\u0107 ca\u0142kowita: 215 mm. Waga: 70 gram\u00f3w.<\/p>\n<p>&nbsp;<\/p>\n","protected":false},"excerpt":{"rendered":"<p><strong>Scyzoryk Muela P-8CO o d\u0142ugo\u015bci ostrza 8,5 cm wykonany ze stali nierdzewnej 440A.<\/strong><\/p>\n","protected":false},"featured_media":348574,"comment_status":"open","ping_status":"closed","template":"","meta":[],"pwb-brand":[3912],"product_brand":[],"product_cat":[3296,3307],"product_tag":[3671],"class_list":{"0":"post-348597","1":"product","2":"type-product","3":"status-publish","4":"has-post-thumbnail","6":"pwb-brand-musiala","7":"product_cat-noze-pl","8":"product_cat-zamykanie-nozy","9":"product_tag-b2b-pl","11":"first","12":"instock","13":"taxable","14":"shipping-taxable","15":"purchasable","16":"product-type-simple"},"brands":[{"id":3912,"name":"Musia\u0142a","slug":"musiala"}],"_links":{"self":[{"href":"https:\/\/www.moskito.cz\/pl\/wp-json\/wp\/v2\/product\/348597","targetHints":{"allow":["GET"]}}],"collection":[{"href":"https:\/\/www.moskito.cz\/pl\/wp-json\/wp\/v2\/product"}],"about":[{"href":"https:\/\/www.moskito.cz\/pl\/wp-json\/wp\/v2\/types\/product"}],"replies":[{"embeddable":true,"href":"https:\/\/www.moskito.cz\/pl\/wp-json\/wp\/v2\/comments?post=348597"}],"wp:featuredmedia":[{"embeddable":true,"href":"https:\/\/www.moskito.cz\/pl\/wp-json\/wp\/v2\/media\/348574"}],"wp:attachment":[{"href":"https:\/\/www.moskito.cz\/pl\/wp-json\/wp\/v2\/media?parent=348597"}],"wp:term":[{"taxonomy":"pwb-brand","embeddable":true,"href":"https:\/\/www.moskito.cz\/pl\/wp-json\/wp\/v2\/pwb-brand?post=348597"},{"taxonomy":"product_brand","embeddable":true,"href":"https:\/\/www.moskito.cz\/pl\/wp-json\/wp\/v2\/product_brand?post=348597"},{"taxonomy":"product_cat","embeddable":true,"href":"https:\/\/www.moskito.cz\/pl\/wp-json\/wp\/v2\/product_cat?post=348597"},{"taxonomy":"product_tag","embeddable":true,"href":"https:\/\/www.moskito.cz\/pl\/wp-json\/wp\/v2\/product_tag?post=348597"}],"curies":[{"name":"wp","href":"https:\/\/api.w.org\/{rel}","templated":true}]}}