{"id":348630,"date":"2024-07-02T14:21:25","date_gmt":"2024-07-02T13:23:04","guid":{"rendered":"https:\/\/www.moskito.cz\/produkt\/noz-zamykany-w-etui-muela-bx-8gm\/"},"modified":"2025-05-07T11:19:22","modified_gmt":"2025-05-07T10:19:22","slug":"noz-zamykany-w-etui-muela-bx-8gm","status":"publish","type":"product","link":"https:\/\/www.moskito.cz\/pl\/produkt\/noz-zamykany-w-etui-muela-bx-8gm\/","title":{"rendered":"N\u00f3\u017c zamykany w etui Muela BX-8GM"},"content":{"rendered":"<p>N\u00f3\u017c zamykany w etui <strong>Muela<\/strong> BX-8GM.<\/p>\n<p>N\u00f3\u017c sk\u0142adany Muela BX8GM, r\u0119koje\u015bci z czarnej micarty, zabezpieczenie plec\u00f3w, okucia ze stali szarej, pochewka z nylonu.<\/p>\n<p>N\u00f3\u017c sk\u0142adany hiszpa\u0144skiej firmy Muela o klasycznym kszta\u0142cie, ale w nowoczesnej koncepcji. Znajdzie zastosowanie w turystyce, biwakowaniu i biwakowaniu, ale z pewno\u015bci\u0105 znajdzie zastosowanie tak\u017ce w\u015br\u00f3d my\u015bliwych i my\u015bliwych. Ma przyjemny rozmiar i wag\u0119, a praca z nim jest bardzo wygodna.<\/p>\n<p>Scyzoryk Muela z ostrzem ze stali 440C o d\u0142ugo\u015bci 8,5 cm. R\u0119koje\u015b\u0107 z czarnej micarty i gniazdo TiNi z zamkiem. Lekki i kompaktowy n\u00f3\u017c, kt\u00f3ry zawsze mo\u017cesz nosi\u0107 w kieszeni. Materia\u0142y: Ostrze: Stal 440C R\u0119koje\u015b\u0107: Czarna mikarta Wyko\u0144czenie: TiNi Wymiary: D\u0142ugo\u015b\u0107 ostrza: 85 mm. D\u0142ugo\u015b\u0107 r\u0105czki: 100 mm. D\u0142ugo\u015b\u0107 ca\u0142kowita: 185 mm. Waga: 120 gram\u00f3w.<\/p>\n<p>&nbsp;<\/p>\n","protected":false},"excerpt":{"rendered":"<p><strong>N\u00f3\u017c sk\u0142adany Muela BX8GM, r\u0119koje\u015bci z czarnej micarty, zabezpieczenie plec\u00f3w, okucia ze stali szarej, pochewka z nylonu.<\/strong><\/p>\n","protected":false},"featured_media":348606,"comment_status":"open","ping_status":"closed","template":"","meta":[],"pwb-brand":[3912],"product_brand":[],"product_cat":[3296,3307],"product_tag":[3671],"class_list":{"0":"post-348630","1":"product","2":"type-product","3":"status-publish","4":"has-post-thumbnail","6":"pwb-brand-musiala","7":"product_cat-noze-pl","8":"product_cat-zamykanie-nozy","9":"product_tag-b2b-pl","11":"first","12":"instock","13":"taxable","14":"shipping-taxable","15":"purchasable","16":"product-type-simple"},"brands":[{"id":3912,"name":"Musia\u0142a","slug":"musiala"}],"_links":{"self":[{"href":"https:\/\/www.moskito.cz\/pl\/wp-json\/wp\/v2\/product\/348630","targetHints":{"allow":["GET"]}}],"collection":[{"href":"https:\/\/www.moskito.cz\/pl\/wp-json\/wp\/v2\/product"}],"about":[{"href":"https:\/\/www.moskito.cz\/pl\/wp-json\/wp\/v2\/types\/product"}],"replies":[{"embeddable":true,"href":"https:\/\/www.moskito.cz\/pl\/wp-json\/wp\/v2\/comments?post=348630"}],"wp:featuredmedia":[{"embeddable":true,"href":"https:\/\/www.moskito.cz\/pl\/wp-json\/wp\/v2\/media\/348606"}],"wp:attachment":[{"href":"https:\/\/www.moskito.cz\/pl\/wp-json\/wp\/v2\/media?parent=348630"}],"wp:term":[{"taxonomy":"pwb-brand","embeddable":true,"href":"https:\/\/www.moskito.cz\/pl\/wp-json\/wp\/v2\/pwb-brand?post=348630"},{"taxonomy":"product_brand","embeddable":true,"href":"https:\/\/www.moskito.cz\/pl\/wp-json\/wp\/v2\/product_brand?post=348630"},{"taxonomy":"product_cat","embeddable":true,"href":"https:\/\/www.moskito.cz\/pl\/wp-json\/wp\/v2\/product_cat?post=348630"},{"taxonomy":"product_tag","embeddable":true,"href":"https:\/\/www.moskito.cz\/pl\/wp-json\/wp\/v2\/product_tag?post=348630"}],"curies":[{"name":"wp","href":"https:\/\/api.w.org\/{rel}","templated":true}]}}