{"id":348722,"date":"2022-10-18T20:51:40","date_gmt":"2024-07-02T14:24:16","guid":{"rendered":"https:\/\/www.moskito.cz\/produkt\/noz-strzelecki-heretic-knives-manticore-s-h025-8a\/"},"modified":"2025-05-07T11:19:28","modified_gmt":"2025-05-07T10:19:28","slug":"noz-strzelecki-heretic-knives-manticore-s-h025-8a","status":"publish","type":"product","link":"https:\/\/www.moskito.cz\/pl\/produkt\/noz-strzelecki-heretic-knives-manticore-s-h025-8a\/","title":{"rendered":"N\u00f3\u017c strzelecki Heretic Knives Manticore S H025-8A"},"content":{"rendered":"<p>N\u00f3\u017c strzelecki <strong>Heretic Knives<\/strong> Manticore S H025-8A.<\/p>\n<p>Manticore S to najmniejsza oferta OTF Heretic Knives z serii Manticore. N\u00f3\u017c ten zosta\u0142 w 100% wyprodukowany i zmontowany w USA i obj\u0119ty do\u017cywotni\u0105 gwarancj\u0105, dzi\u0119ki czemu mo\u017cesz mie\u0107 pewno\u015b\u0107, \u017ce ten OTF b\u0119dzie Ci s\u0142u\u017cy\u0142. Charakteryzuje si\u0119 jedwabi\u015bcie g\u0142adkim strzelaniem i odrzutem obs\u0142ugiwanym jedn\u0105 r\u0119k\u0105, co jest standardem w gamie Manticore. Wariant S to kompaktowy n\u00f3\u017c, zintegrowany otw\u00f3r na smycz, zbijak do szyb ze stali hartowanej i g\u0142\u0119boki klips. Jego smuk\u0142y profil i niewielka waga sprawiaj\u0105, \u017ce jest \u0142atwy do przenoszenia i gotowy w ka\u017cdej chwili. Akcja wci\u0105ga, ergonomia jest na w\u0142a\u015bciwym poziomie, a jako\u015b\u0107 wykonania jest na najwy\u017cszym poziomie. Nie b\u0119dziesz zawiedziony!!<\/p>\n<p>D\u0142ugo\u015b\u0107 ostrza: 6,2 cm<br \/>\nD\u0142ugo\u015b\u0107 ca\u0142kowita: 16,2 cm<br \/>\nMateria\u0142 ostrza: Elmax<br \/>\nSzlif ostrza: p\u0142aski<br \/>\nMateria\u0142 r\u0119koje\u015bci: czarne aluminium<br \/>\nGrubo\u015b\u0107 r\u0119koje\u015bci: 0,33\u201d<br \/>\nMechanizm blokuj\u0105cy: Suwak<br \/>\nKieszonkowy klips: Deep Carry ze stali nierdzewnej (sk\u0142adany, prawy)<br \/>\nWaga: 1,8 uncji<br \/>\nProjektant: Tony Marfione Jr.<br \/>\nWykonane w USA<\/p>\n","protected":false},"excerpt":{"rendered":"<p>Wszystkie nasze no\u017ce s\u0105 produkowane w USA i tak pozostanie. Kupuj\u0105c jeden z naszych no\u017cy, mo\u017cesz mie\u0107 pewno\u015b\u0107, \u017ce Twoje narz\u0119dzie jest wspierane przez ameryka\u0144sk\u0105 firm\u0119. Nasze no\u017ce s\u0105 produkowane w ma\u0142ych partiach, aby mie\u0107 pewno\u015b\u0107, \u017ce otrzymasz n\u00f3\u017c wysokiej jako\u015bci, kt\u00f3remu nie po\u015bwi\u0119cono uwagi, kt\u00f3rej nie po\u015bwi\u0119ca si\u0119 innym no\u017com produkowanym masowo.<\/p>\n<p><strong>Bezp\u0142atny transport.<\/strong><\/p>\n","protected":false},"featured_media":348723,"comment_status":"open","ping_status":"closed","template":"","meta":[],"pwb-brand":[3664],"product_brand":[],"product_cat":[3296,3344],"product_tag":[],"class_list":{"0":"post-348722","1":"product","2":"type-product","3":"status-publish","4":"has-post-thumbnail","6":"pwb-brand-heretyckie-noze","7":"product_cat-noze-pl","8":"product_cat-noze-strzeleckie","10":"first","11":"instock","12":"taxable","13":"shipping-taxable","14":"purchasable","15":"product-type-simple"},"brands":[{"id":3664,"name":"Heretyckie no\u017ce","slug":"heretyckie-noze"}],"_links":{"self":[{"href":"https:\/\/www.moskito.cz\/pl\/wp-json\/wp\/v2\/product\/348722","targetHints":{"allow":["GET"]}}],"collection":[{"href":"https:\/\/www.moskito.cz\/pl\/wp-json\/wp\/v2\/product"}],"about":[{"href":"https:\/\/www.moskito.cz\/pl\/wp-json\/wp\/v2\/types\/product"}],"replies":[{"embeddable":true,"href":"https:\/\/www.moskito.cz\/pl\/wp-json\/wp\/v2\/comments?post=348722"}],"wp:featuredmedia":[{"embeddable":true,"href":"https:\/\/www.moskito.cz\/pl\/wp-json\/wp\/v2\/media\/348723"}],"wp:attachment":[{"href":"https:\/\/www.moskito.cz\/pl\/wp-json\/wp\/v2\/media?parent=348722"}],"wp:term":[{"taxonomy":"pwb-brand","embeddable":true,"href":"https:\/\/www.moskito.cz\/pl\/wp-json\/wp\/v2\/pwb-brand?post=348722"},{"taxonomy":"product_brand","embeddable":true,"href":"https:\/\/www.moskito.cz\/pl\/wp-json\/wp\/v2\/product_brand?post=348722"},{"taxonomy":"product_cat","embeddable":true,"href":"https:\/\/www.moskito.cz\/pl\/wp-json\/wp\/v2\/product_cat?post=348722"},{"taxonomy":"product_tag","embeddable":true,"href":"https:\/\/www.moskito.cz\/pl\/wp-json\/wp\/v2\/product_tag?post=348722"}],"curies":[{"name":"wp","href":"https:\/\/api.w.org\/{rel}","templated":true}]}}