{"id":348747,"date":"2022-10-23T12:52:20","date_gmt":"2024-07-02T14:30:35","guid":{"rendered":"https:\/\/www.moskito.cz\/produkt\/noz-staly-heretic-knives-sleight-modular-push-dagger-battleworn-black-h050-8a-brkorg\/"},"modified":"2025-05-07T11:19:28","modified_gmt":"2025-05-07T10:19:28","slug":"noz-staly-heretic-knives-sleight-modular-push-dagger-battleworn-black-h050-8a-brkorg","status":"publish","type":"product","link":"https:\/\/www.moskito.cz\/pl\/produkt\/noz-staly-heretic-knives-sleight-modular-push-dagger-battleworn-black-h050-8a-brkorg\/","title":{"rendered":"N\u00f3\u017c sta\u0142y Heretic KNIVES Sleight Modular Push Dagger Battleworn Black H050-8A-BRKORG"},"content":{"rendered":"<p>N\u00f3\u017c sta\u0142y <strong>Heretic KNIVES<\/strong> Sleight Modular Push Dagger Battleworn Black H050-8A-BRKORG.<\/p>\n<p>Przedstawiamy Heretic Sleight, pierwszy modu\u0142owy sztylet pchaj\u0105cy Tony&#8217;ego Jr. Sleight jest standardowo wyposa\u017cony w standardowe, dwuostrzowe ostrze szlifowane d\u0142utem (CPM-20CV) o d\u0142ugo\u015bci ostrza 6,57 cm. Ma ca\u0142kowit\u0105 d\u0142ugo\u015b\u0107 13,5 cm, grubo\u015b\u0107 0,862 cm i 3,2 uncji bez kurtki. Sleight jest modu\u0142owy, po prostu odkr\u0119\u0107 trzy \u015bruby T8 i zamie\u0144 ostrze na r\u0119koje\u015b\u0107 no\u017ca Sleight (sprzedawana osobno) lub zamie\u0144 na inne akcesorium Sleight. Zabezpieczone przez Tek-Lok, mo\u017cesz mie\u0107 pewno\u015b\u0107, \u017ce Tw\u00f3j Sleight pozostanie nienaruszony, niezale\u017cnie od tego, jak zdecydujesz si\u0119 go nosi\u0107.<\/p>\n<p>Dane techniczne<br \/>\nD\u0142ugo\u015b\u0107 ostrza: 7,375 cm<br \/>\nD\u0142ugo\u015b\u0107 ca\u0142kowita: 13,5 cm<br \/>\nMateria\u0142 ostrza: stal nierdzewna CPM-20CV<br \/>\nGrubo\u015b\u0107 ostrza: 0,862 cm<br \/>\nStyl ostrza: sztylet o podw\u00f3jnym ostrzu<br \/>\nSzlif ostrza: p\u0142aski<br \/>\nWyko\u0144czenie ostrza: Bitewna czer\u0144<br \/>\nMateria\u0142 r\u0119koje\u015bci: prze\u0142omowe, anodowane na pomara\u0144czowo aluminium 6061-T6<br \/>\nGrubo\u015b\u0107 r\u0105czki: 0,862 cm<br \/>\nMateria\u0142 os\u0142ony: Kydex<br \/>\nWaga: 3,2 uncji<br \/>\nWaga z etui: 6,0 uncji.<br \/>\nProjektant: Tony Marfione Jr.<br \/>\nWykonane w USA<\/p>\n","protected":false},"excerpt":{"rendered":"<p>Wszystkie nasze no\u017ce s\u0105 produkowane w USA i tak pozostanie. Kupuj\u0105c jeden z naszych no\u017cy, mo\u017cesz mie\u0107 pewno\u015b\u0107, \u017ce Twoje narz\u0119dzie jest wspierane przez ameryka\u0144sk\u0105 firm\u0119. Nasze no\u017ce s\u0105 produkowane w ma\u0142ych partiach, aby mie\u0107 pewno\u015b\u0107, \u017ce otrzymasz n\u00f3\u017c wysokiej jako\u015bci, kt\u00f3ry przyci\u0105gnie uwag\u0119, kt\u00f3rej nie przyci\u0105gaj\u0105 inne no\u017ce produkowane masowo!<\/p>\n","protected":false},"featured_media":348748,"comment_status":"open","ping_status":"closed","template":"","meta":[],"pwb-brand":[],"product_brand":[],"product_cat":[3296,3297],"product_tag":[],"class_list":{"0":"post-348747","1":"product","2":"type-product","3":"status-publish","4":"has-post-thumbnail","6":"product_cat-noze-pl","7":"product_cat-solidne-noze","9":"first","10":"instock","11":"taxable","12":"shipping-taxable","13":"purchasable","14":"product-type-simple"},"brands":[],"_links":{"self":[{"href":"https:\/\/www.moskito.cz\/pl\/wp-json\/wp\/v2\/product\/348747","targetHints":{"allow":["GET"]}}],"collection":[{"href":"https:\/\/www.moskito.cz\/pl\/wp-json\/wp\/v2\/product"}],"about":[{"href":"https:\/\/www.moskito.cz\/pl\/wp-json\/wp\/v2\/types\/product"}],"replies":[{"embeddable":true,"href":"https:\/\/www.moskito.cz\/pl\/wp-json\/wp\/v2\/comments?post=348747"}],"wp:featuredmedia":[{"embeddable":true,"href":"https:\/\/www.moskito.cz\/pl\/wp-json\/wp\/v2\/media\/348748"}],"wp:attachment":[{"href":"https:\/\/www.moskito.cz\/pl\/wp-json\/wp\/v2\/media?parent=348747"}],"wp:term":[{"taxonomy":"pwb-brand","embeddable":true,"href":"https:\/\/www.moskito.cz\/pl\/wp-json\/wp\/v2\/pwb-brand?post=348747"},{"taxonomy":"product_brand","embeddable":true,"href":"https:\/\/www.moskito.cz\/pl\/wp-json\/wp\/v2\/product_brand?post=348747"},{"taxonomy":"product_cat","embeddable":true,"href":"https:\/\/www.moskito.cz\/pl\/wp-json\/wp\/v2\/product_cat?post=348747"},{"taxonomy":"product_tag","embeddable":true,"href":"https:\/\/www.moskito.cz\/pl\/wp-json\/wp\/v2\/product_tag?post=348747"}],"curies":[{"name":"wp","href":"https:\/\/api.w.org\/{rel}","templated":true}]}}