{"id":348898,"date":"2024-07-03T12:42:31","date_gmt":"2024-07-03T11:43:50","guid":{"rendered":"https:\/\/www.moskito.cz\/produkt\/naprawiono-noz-muela-col-7a\/"},"modified":"2025-05-07T11:19:32","modified_gmt":"2025-05-07T10:19:32","slug":"naprawiono-noz-muela-col-7a","status":"publish","type":"product","link":"https:\/\/www.moskito.cz\/pl\/produkt\/naprawiono-noz-muela-col-7a\/","title":{"rendered":"Naprawiono n\u00f3\u017c Muela COL-7A"},"content":{"rendered":"<p>Naprawiono n\u00f3\u017c <strong>Muela<\/strong> COL-7A.<\/p>\n<p><strong>COL-7A<\/strong> &#8211; N\u00f3\u017c my\u015bliwski <strong>COLIBRI<\/strong> z serii klasycznej o konstrukcji full tang, hiszpa\u0144skiej firmy Muela. Wykonane, idealne dla kolekcjoner\u00f3w, mi\u0142o\u015bnik\u00f3w polowa\u0144, os\u00f3b ceni\u0105cych aktywny tryb \u017cycia. Wykonane ze stali molibdenowo-wanadowej MoVa.<\/p>\n<p>G\u0142ownia &#8211; o profilu Drop Point, grubo\u015bci 2.9 mm, o dobrych w\u0142a\u015bciwo\u015bciach mechanicznych i d\u0142ugim ogniskowaniu. Wykonane z wytrzyma\u0142ej stali molibdenowo-wanadowej X50CrMoV15. Utwardzane w przedziale 57-58 HRC. Ostrze g\u0142adkie (typ Plain) wyprowadzono szlifem p\u0142askim wkl\u0119s\u0142ym (Hollow Grind). Wyko\u0144czenie satynowe (p\u00f3\u0142matowe) eliminuje odblaski. U nasady ostrza mosi\u0119\u017cna os\u0142ona chroni d\u0142o\u0144.<\/p>\n<p>R\u0119koje\u015b\u0107 &#8211; profilowana, zapewnia doskona\u0142y chwyt podczas pracy. Br\u0105zowe p\u0142ytki pokryte naturalnym poro\u017cem jelenia (jele\u0144). Wsparcie. Wzmocnienia i nity z mosi\u0105dzu o wysokiej zawarto\u015bci niklu. W tylnej cz\u0119\u015bci r\u0119koje\u015bci otw\u00f3r do mocowania paska, linki zabezpieczaj\u0105cej.<\/p>\n<p>Etui &#8211; przed\u0142u\u017cane, chroni ostrze wraz z cz\u0119\u015bci\u0105 r\u0119koje\u015bci. Wykonane ze sk\u00f3ry naturalnej w kolorze br\u0105zowym z t\u0142oczonym logo firmy. Pochwa zosta\u0142a na brzegach przeszyta ozdobn\u0105 nici\u0105. Mocowanie do paska lub mocowania umo\u017cliwia noszenie no\u017ca w pozycji pionowej.<\/p>\n<p>Specyfikacja techniczna:<br \/>\nNumer produktu: COL-7A<br \/>\nRodzaj stali: X50CrMoV15<br \/>\nD\u0142ugo\u015b\u0107 ostrza: 7 cm \/ 2,76 cala<br \/>\nGrubo\u015b\u0107 ostrza: 0,29 cm \/ 0,11&#8243;<br \/>\nD\u0142ugo\u015b\u0107 ca\u0142kowita: 15,5 cm \/ 6,1 cala<br \/>\nWaga: 87 g \/ 3,07 uncji<br \/>\nTyp kraw\u0119dzi: G\u0142adka<br \/>\nTyp ostrza: Drop Point<br \/>\nRodzaj ci\u0119cia: Wkl\u0119s\u0142y<br \/>\nMateria\u0142 r\u0119koje\u015bci: poro\u017ce jelenia<br \/>\nPochwa: Sk\u00f3ra<br \/>\nProducent: Muela, Hiszpania<\/p>\n<p>&nbsp;<\/p>\n<p>&nbsp;<\/p>\n","protected":false},"excerpt":{"rendered":"<p><strong>COL-7A &#8211; N\u00f3\u017c my\u015bliwski COLIBRI z serii klasycznej o konstrukcji full tang, hiszpa\u0144skiej firmy Muela. Wykonane, idealne dla kolekcjoner\u00f3w, mi\u0142o\u015bnik\u00f3w polowa\u0144, os\u00f3b ceni\u0105cych aktywny tryb \u017cycia.<\/strong><\/p>\n","protected":false},"featured_media":348869,"comment_status":"open","ping_status":"closed","template":"","meta":[],"pwb-brand":[3912],"product_brand":[],"product_cat":[3296,3297],"product_tag":[3671],"class_list":{"0":"post-348898","1":"product","2":"type-product","3":"status-publish","4":"has-post-thumbnail","6":"pwb-brand-musiala","7":"product_cat-noze-pl","8":"product_cat-solidne-noze","9":"product_tag-b2b-pl","11":"first","12":"outofstock","13":"taxable","14":"shipping-taxable","15":"purchasable","16":"product-type-simple"},"brands":[{"id":3912,"name":"Musia\u0142a","slug":"musiala"}],"_links":{"self":[{"href":"https:\/\/www.moskito.cz\/pl\/wp-json\/wp\/v2\/product\/348898","targetHints":{"allow":["GET"]}}],"collection":[{"href":"https:\/\/www.moskito.cz\/pl\/wp-json\/wp\/v2\/product"}],"about":[{"href":"https:\/\/www.moskito.cz\/pl\/wp-json\/wp\/v2\/types\/product"}],"replies":[{"embeddable":true,"href":"https:\/\/www.moskito.cz\/pl\/wp-json\/wp\/v2\/comments?post=348898"}],"wp:featuredmedia":[{"embeddable":true,"href":"https:\/\/www.moskito.cz\/pl\/wp-json\/wp\/v2\/media\/348869"}],"wp:attachment":[{"href":"https:\/\/www.moskito.cz\/pl\/wp-json\/wp\/v2\/media?parent=348898"}],"wp:term":[{"taxonomy":"pwb-brand","embeddable":true,"href":"https:\/\/www.moskito.cz\/pl\/wp-json\/wp\/v2\/pwb-brand?post=348898"},{"taxonomy":"product_brand","embeddable":true,"href":"https:\/\/www.moskito.cz\/pl\/wp-json\/wp\/v2\/product_brand?post=348898"},{"taxonomy":"product_cat","embeddable":true,"href":"https:\/\/www.moskito.cz\/pl\/wp-json\/wp\/v2\/product_cat?post=348898"},{"taxonomy":"product_tag","embeddable":true,"href":"https:\/\/www.moskito.cz\/pl\/wp-json\/wp\/v2\/product_tag?post=348898"}],"curies":[{"name":"wp","href":"https:\/\/api.w.org\/{rel}","templated":true}]}}