{"id":348932,"date":"2024-07-03T13:26:41","date_gmt":"2024-07-03T12:28:06","guid":{"rendered":"https:\/\/www.moskito.cz\/produkt\/noz-skladany-muela-z-etui-k-9r-m\/"},"modified":"2024-07-03T13:28:25","modified_gmt":"2024-07-03T12:28:25","slug":"noz-skladany-muela-z-etui-k-9r-m","status":"publish","type":"product","link":"https:\/\/www.moskito.cz\/pl\/produkt\/noz-skladany-muela-z-etui-k-9r-m\/","title":{"rendered":"N\u00f3\u017c sk\u0142adany Muela z etui K-9R.M"},"content":{"rendered":"<p>N\u00f3\u017c sk\u0142adany <strong>Muela<\/strong> z etui K-9R.M<\/p>\n<p><strong>Muela<\/strong> to hiszpa\u0144ska firma produkuj\u0105ca niedrogie i wysokiej jako\u015bci no\u017ce my\u015bliwskie, no\u017ce sk\u0142adane, luksusowe no\u017ce i wiele innych. Do produkcji ostrzy firma Muela wykorzystuje r\u00f3\u017cne rodzaje stali m.in. stale molibdenowo-wanadowe 12C27, 14C28N, MOVA 60 o twardo\u015bci 57-61 HRC, stal Inox 1-42 o twardo\u015bci 54-58HRC. Ostrza oznaczone numerem 440 wykonane s\u0105 ze stali Mova-60E. No\u017ce Muela Damascus powsta\u0142y w wyniku po\u0142\u0105czenia dw\u00f3ch stali, a mianowicie RWL34 i MPC27, kt\u00f3re posiadaj\u0105 twardo\u015b\u0107 57-62 HRC. R\u0119koje\u015bci no\u017cy Muela ozdobione s\u0105 wysokiej jako\u015bci materia\u0142ami, w tym poro\u017cem i r\u00f3\u017cnymi rodzajami drewna: oliwk\u0105, afryka\u0144skim drewnem czarnym, Kingwood, cocobolo, palisandrem Amazonas i drewnem orzechowym.<\/p>\n<p>Scyzoryk z ostrzem o d\u0142ugo\u015bci 9 cm wykonany ze stali 440C. R\u0119koje\u015b\u0107 z t\u0142oczonego drewna koralowego z zamkiem. Lekki i kompaktowy n\u00f3\u017c sk\u0142adany, kt\u00f3ry zawsze mo\u017cesz mie\u0107 w kieszeni. Materia\u0142y: Ostrze: Stal 440C R\u0119koje\u015b\u0107: T\u0142oczone drewno koralowe Wymiary: D\u0142ugo\u015b\u0107 ostrza: 90 mm. Waga: 45 gram\u00f3w.<\/p>\n<p>&nbsp;<\/p>\n","protected":false},"excerpt":{"rendered":"<p><strong>Muela to hiszpa\u0144ska firma produkuj\u0105ca niedrogie i wysokiej jako\u015bci no\u017ce my\u015bliwskie, no\u017ce sk\u0142adane, luksusowe no\u017ce i wiele innych.<\/strong><\/p>\n","protected":false},"featured_media":348909,"comment_status":"open","ping_status":"closed","template":"","meta":[],"pwb-brand":[3912],"product_brand":[],"product_cat":[3307,3296],"product_tag":[3671],"class_list":{"0":"post-348932","1":"product","2":"type-product","3":"status-publish","4":"has-post-thumbnail","6":"pwb-brand-musiala","7":"product_cat-zamykanie-nozy","8":"product_cat-noze-pl","9":"product_tag-b2b-pl","11":"first","12":"outofstock","13":"taxable","14":"shipping-taxable","15":"purchasable","16":"product-type-simple"},"brands":[{"id":3912,"name":"Musia\u0142a","slug":"musiala"}],"_links":{"self":[{"href":"https:\/\/www.moskito.cz\/pl\/wp-json\/wp\/v2\/product\/348932","targetHints":{"allow":["GET"]}}],"collection":[{"href":"https:\/\/www.moskito.cz\/pl\/wp-json\/wp\/v2\/product"}],"about":[{"href":"https:\/\/www.moskito.cz\/pl\/wp-json\/wp\/v2\/types\/product"}],"replies":[{"embeddable":true,"href":"https:\/\/www.moskito.cz\/pl\/wp-json\/wp\/v2\/comments?post=348932"}],"wp:featuredmedia":[{"embeddable":true,"href":"https:\/\/www.moskito.cz\/pl\/wp-json\/wp\/v2\/media\/348909"}],"wp:attachment":[{"href":"https:\/\/www.moskito.cz\/pl\/wp-json\/wp\/v2\/media?parent=348932"}],"wp:term":[{"taxonomy":"pwb-brand","embeddable":true,"href":"https:\/\/www.moskito.cz\/pl\/wp-json\/wp\/v2\/pwb-brand?post=348932"},{"taxonomy":"product_brand","embeddable":true,"href":"https:\/\/www.moskito.cz\/pl\/wp-json\/wp\/v2\/product_brand?post=348932"},{"taxonomy":"product_cat","embeddable":true,"href":"https:\/\/www.moskito.cz\/pl\/wp-json\/wp\/v2\/product_cat?post=348932"},{"taxonomy":"product_tag","embeddable":true,"href":"https:\/\/www.moskito.cz\/pl\/wp-json\/wp\/v2\/product_tag?post=348932"}],"curies":[{"name":"wp","href":"https:\/\/api.w.org\/{rel}","templated":true}]}}