{"id":349064,"date":"2024-07-04T10:14:13","date_gmt":"2024-07-04T09:16:17","guid":{"rendered":"https:\/\/www.moskito.cz\/produkt\/noz-skladany-muela-z-etui-k-7r\/"},"modified":"2025-05-07T11:19:38","modified_gmt":"2025-05-07T10:19:38","slug":"noz-skladany-muela-z-etui-k-7r","status":"publish","type":"product","link":"https:\/\/www.moskito.cz\/pl\/produkt\/noz-skladany-muela-z-etui-k-7r\/","title":{"rendered":"N\u00f3\u017c sk\u0142adany Muela z etui K-7R"},"content":{"rendered":"<p>N\u00f3\u017c sk\u0142adany <strong>Muela<\/strong> z etui K-7R.<\/p>\n<p>Je\u015bli szukasz no\u017ca EDC, K-7R produkcji Muela w Hiszpanii jest dla Ciebie idealny. Wyposa\u017cone w ostrze ze stali nierdzewnej 420, uchwyty dobrze le\u017c\u0105 w d\u0142oni, poniewa\u017c s\u0105 ergonomiczne i wykonane z t\u0142oczonego drewna koralowego. Zawiera nylonowe etui.<\/p>\n<p>Ostrze tego no\u017ca wykonano ze stali nierdzewnej 420, materia\u0142u o du\u017cej zawarto\u015bci chromu i w\u0119gla, co oznacza, \u017ce \u200b\u200bjego odporno\u015b\u0107 na korozj\u0119 b\u0119dzie wysoka, a ostrze pozostanie nienaruszone znacznie d\u0142u\u017cej.<\/p>\n<p>Stal ta wykorzystywana jest na sztu\u0107ce przeznaczone do prac wymagaj\u0105cych twardo\u015bci i wytrzyma\u0142o\u015bci, dlatego doskonale sprawdza si\u0119 w tym modelu przeznaczonym do wszelkiego rodzaju aktywno\u015bci morskich i g\u00f3rskich w twardych materia\u0142ach.<\/p>\n<p>Specyficzny sk\u0142ad tego rodzaju stali to 0,49% w\u0119gla, 13-14% chromu, 0,50% manganu i 0,50% krzemu. Ma r\u00f3wnie\u017c twardo\u015b\u0107 52 HRC wed\u0142ug skali Rockwella.<\/p>\n<p>Jedn\u0105 z rzeczy, na kt\u00f3r\u0105 mo\u017cemy zwr\u00f3ci\u0107 uwag\u0119 w tym no\u017cu, jest system blokady ostrza Back Lock, kt\u00f3ry zapobiega przypadkowemu otwarciu lub zamkni\u0119ciu podczas u\u017cytkowania.<\/p>\n<p>Kolejn\u0105 zalet\u0105 tego mechanizmu blokuj\u0105cego jest to, \u017ce jest on bardzo bezpieczny i \u0142atwy w u\u017cyciu, dzi\u0119ki czemu czas u\u017cytkowania zostaje skr\u00f3cony do minimum. Ponadto nie wymaga dodatkowej konserwacji.<\/p>\n<p>Materia\u0142em zastosowanym na r\u0119koje\u015b\u0107 \u015bciernicy K-7R jest drewno prasowane. Ten rodzaj materia\u0142u sk\u0142ada si\u0119 z r\u00f3\u017cnych warstw tego typu naturalnego materia\u0142u, po\u0142\u0105czonych w procesie wysokoci\u015bnieniowej \u017cywicy epoksydowej.<\/p>\n<p>Drewno charakteryzuje si\u0119 tak\u017ce twardo\u015bci\u0105 i odporno\u015bci\u0105 na korozj\u0119, ekstremalne temperatury, wysok\u0105 wilgotno\u015b\u0107 wzgl\u0119dn\u0105 oraz wstrz\u0105sy.<\/p>\n<p>Firma Muela wbudowa\u0142a w ten model wysokiej jako\u015bci czarne nylonowe etui. Dzi\u0119ki temu u\u017cytkownik b\u0119dzie m\u00f3g\u0142 nosi\u0107 n\u00f3\u017c w prostszy i wygodniejszy spos\u00f3b. Dodatkowo b\u0119dzie chroniony przed ewentualnymi uderzeniami i zarysowaniami.<\/p>\n<p>D\u0142ugo\u015b\u0107 ca\u0142kowita: 16,2 cm<br \/>\nD\u0142ugo\u015b\u0107 ostrza: 7 cm<br \/>\nGrubo\u015b\u0107 ostrza:-<br \/>\nRodzaj stali: 420<br \/>\nTyp blokady: blokada tylna<br \/>\nOtwieranie: r\u0119czne<br \/>\nKlip: Nie<br \/>\nTwardo\u015b\u0107 stali: 58 HRC<br \/>\nStyl ostrza: Drop Point<br \/>\nPusty typ: prosty<br \/>\nObr\u00f3bka powierzchni ostrza: satyna<br \/>\nTyp kraw\u0119dzi: g\u0142adki<br \/>\nD\u0142ugo\u015b\u0107 r\u0105czki: 9,2 cm<br \/>\nMateria\u0142 r\u0119koje\u015bci: drewno t\u0142oczone w kolorze koralowym<br \/>\nKolor r\u0119koje\u015bci: br\u0105zowy<br \/>\nWaga: 50g<br \/>\nKraj pochodzenia: Hiszpania<\/p>\n<p>&nbsp;<\/p>\n<p>&nbsp;<\/p>\n","protected":false},"excerpt":{"rendered":"<p><strong>Je\u015bli szukasz no\u017ca EDC, K-7R produkcji Muela w Hiszpanii jest dla Ciebie idealny.<\/strong><\/p>\n","protected":false},"featured_media":349048,"comment_status":"open","ping_status":"closed","template":"","meta":[],"pwb-brand":[3912],"product_brand":[],"product_cat":[3296,3307],"product_tag":[3671],"class_list":{"0":"post-349064","1":"product","2":"type-product","3":"status-publish","4":"has-post-thumbnail","6":"pwb-brand-musiala","7":"product_cat-noze-pl","8":"product_cat-zamykanie-nozy","9":"product_tag-b2b-pl","11":"first","12":"instock","13":"taxable","14":"shipping-taxable","15":"purchasable","16":"product-type-simple"},"brands":[{"id":3912,"name":"Musia\u0142a","slug":"musiala"}],"_links":{"self":[{"href":"https:\/\/www.moskito.cz\/pl\/wp-json\/wp\/v2\/product\/349064","targetHints":{"allow":["GET"]}}],"collection":[{"href":"https:\/\/www.moskito.cz\/pl\/wp-json\/wp\/v2\/product"}],"about":[{"href":"https:\/\/www.moskito.cz\/pl\/wp-json\/wp\/v2\/types\/product"}],"replies":[{"embeddable":true,"href":"https:\/\/www.moskito.cz\/pl\/wp-json\/wp\/v2\/comments?post=349064"}],"wp:featuredmedia":[{"embeddable":true,"href":"https:\/\/www.moskito.cz\/pl\/wp-json\/wp\/v2\/media\/349048"}],"wp:attachment":[{"href":"https:\/\/www.moskito.cz\/pl\/wp-json\/wp\/v2\/media?parent=349064"}],"wp:term":[{"taxonomy":"pwb-brand","embeddable":true,"href":"https:\/\/www.moskito.cz\/pl\/wp-json\/wp\/v2\/pwb-brand?post=349064"},{"taxonomy":"product_brand","embeddable":true,"href":"https:\/\/www.moskito.cz\/pl\/wp-json\/wp\/v2\/product_brand?post=349064"},{"taxonomy":"product_cat","embeddable":true,"href":"https:\/\/www.moskito.cz\/pl\/wp-json\/wp\/v2\/product_cat?post=349064"},{"taxonomy":"product_tag","embeddable":true,"href":"https:\/\/www.moskito.cz\/pl\/wp-json\/wp\/v2\/product_tag?post=349064"}],"curies":[{"name":"wp","href":"https:\/\/api.w.org\/{rel}","templated":true}]}}