{"id":349111,"date":"2024-07-04T10:31:11","date_gmt":"2024-07-04T09:31:48","guid":{"rendered":"https:\/\/www.moskito.cz\/produkt\/noz-muela-z-pokrowcem-zx-8gr\/"},"modified":"2025-05-07T11:19:39","modified_gmt":"2025-05-07T10:19:39","slug":"noz-muela-z-pokrowcem-zx-8gr","status":"publish","type":"product","link":"https:\/\/www.moskito.cz\/pl\/produkt\/noz-muela-z-pokrowcem-zx-8gr\/","title":{"rendered":"N\u00f3\u017c Muela z pokrowcem ZX-8GR"},"content":{"rendered":"<p>N\u00f3\u017c <strong>Muela<\/strong> z pokrowcem ZX-8GR.<\/p>\n<p>N\u00f3\u017c ten posiada g\u0142adkie ostrze wykonane ze stali X50CrMoV15 (57-58 HRC) o morfologii typu Clip-Point i satynowym wyko\u0144czeniu. R\u0119koje\u015b\u0107 wykonana jest ze stalowych wk\u0142adek.<\/p>\n<p>Drewniana grenadilla ozdobiona z jednej strony dwiema wst\u0105\u017ckami z polerowanego aluminium.<\/p>\n<p>Wykorzystuje zamek b\u0142yskawiczny jako system bezpiecze\u0144stwa.<\/p>\n<p>N\u00f3\u017c nale\u017cy do serii ZX Muela, prezentuje nowoczesny design o bardzo eleganckich liniach i bardzo odpowiednich wymiarach do codziennego u\u017cytku.<\/p>\n<p>Model ten sprzedawany jest w kilku wersjach r\u00f3\u017cni\u0105cych si\u0119 mi\u0119dzy sob\u0105 materia\u0142em, istnieje mo\u017cliwo\u015b\u0107 wyboru pomi\u0119dzy micart\u0105 niebiesk\u0105, micart\u0105 zielon\u0105, drewnem oliwnym.<\/p>\n<p>Tak jest w przypadku prezentowanego tutaj egzemplarza z pi\u0119knym wyko\u0144czeniem z drewna Grenadilla.<\/p>\n<p>Ta golarka ma zwyk\u0142e, wysokiej jako\u015bci wyko\u0144czenia i wyko\u0144czenia pochodz\u0105ce z domu Muela, kt\u00f3re j\u0105 tworz\u0105<\/p>\n<p>Sprzedawany jest w prostym kartonowym pude\u0142ku i zawiera nylonowe etui z logo marki.<\/p>\n<p>Kr\u00f3tko m\u00f3wi\u0105c, ZX-8GR to doskona\u0142y wyb\u00f3r jako wszechstronny EDC.<\/p>\n<p>Stal: X50CrMoV15;<br \/>\nR\u0119koje\u015b\u0107: drewno Grenadilla;<br \/>\nD\u0142ugo\u015b\u0107 ostrza: 80 mm;<br \/>\nD\u0142ugo\u015b\u0107 ca\u0142kowita: 187 mm;<br \/>\nWaga: 91g.<\/p>\n","protected":false},"excerpt":{"rendered":"<p><strong>N\u00f3\u017c my\u015bliwski i wielozadaniowy Muela wyprodukowany w Hiszpanii z ostrzem ze stali MoVa i r\u0119koje\u015bci\u0105 z drewna granadillo.<\/strong><\/p>\n","protected":false},"featured_media":349072,"comment_status":"open","ping_status":"closed","template":"","meta":[],"pwb-brand":[3912],"product_brand":[],"product_cat":[3307,3296],"product_tag":[3671],"class_list":{"0":"post-349111","1":"product","2":"type-product","3":"status-publish","4":"has-post-thumbnail","6":"pwb-brand-musiala","7":"product_cat-zamykanie-nozy","8":"product_cat-noze-pl","9":"product_tag-b2b-pl","11":"first","12":"instock","13":"taxable","14":"shipping-taxable","15":"purchasable","16":"product-type-simple"},"brands":[{"id":3912,"name":"Musia\u0142a","slug":"musiala"}],"_links":{"self":[{"href":"https:\/\/www.moskito.cz\/pl\/wp-json\/wp\/v2\/product\/349111","targetHints":{"allow":["GET"]}}],"collection":[{"href":"https:\/\/www.moskito.cz\/pl\/wp-json\/wp\/v2\/product"}],"about":[{"href":"https:\/\/www.moskito.cz\/pl\/wp-json\/wp\/v2\/types\/product"}],"replies":[{"embeddable":true,"href":"https:\/\/www.moskito.cz\/pl\/wp-json\/wp\/v2\/comments?post=349111"}],"wp:featuredmedia":[{"embeddable":true,"href":"https:\/\/www.moskito.cz\/pl\/wp-json\/wp\/v2\/media\/349072"}],"wp:attachment":[{"href":"https:\/\/www.moskito.cz\/pl\/wp-json\/wp\/v2\/media?parent=349111"}],"wp:term":[{"taxonomy":"pwb-brand","embeddable":true,"href":"https:\/\/www.moskito.cz\/pl\/wp-json\/wp\/v2\/pwb-brand?post=349111"},{"taxonomy":"product_brand","embeddable":true,"href":"https:\/\/www.moskito.cz\/pl\/wp-json\/wp\/v2\/product_brand?post=349111"},{"taxonomy":"product_cat","embeddable":true,"href":"https:\/\/www.moskito.cz\/pl\/wp-json\/wp\/v2\/product_cat?post=349111"},{"taxonomy":"product_tag","embeddable":true,"href":"https:\/\/www.moskito.cz\/pl\/wp-json\/wp\/v2\/product_tag?post=349111"}],"curies":[{"name":"wp","href":"https:\/\/api.w.org\/{rel}","templated":true}]}}