{"id":349196,"date":"2024-07-04T13:13:37","date_gmt":"2024-07-04T12:17:12","guid":{"rendered":"https:\/\/www.moskito.cz\/produkt\/noz-zamykany-muela-panzer-10n\/"},"modified":"2025-05-07T11:19:41","modified_gmt":"2025-05-07T10:19:41","slug":"noz-zamykany-muela-panzer-10n","status":"publish","type":"product","link":"https:\/\/www.moskito.cz\/pl\/produkt\/noz-zamykany-muela-panzer-10n\/","title":{"rendered":"N\u00f3\u017c zamykany Muela PANZER-10N"},"content":{"rendered":"<p>N\u00f3\u017c zamykany <strong>Muela<\/strong> PANZER-10N<\/p>\n<p><strong>PANZER-10N<\/strong> Black PTB\/Fiberglass, Black PTFE, w pe\u0142ni funkcjonalny, wszechstronny n\u00f3\u017c EDC, kt\u00f3ry b\u0119dziesz chcia\u0142 mie\u0107 zawsze przy sobie. Przemy\u015blana, ergonomiczna r\u0119koje\u015b\u0107 i wyprofilowana rampa pod kciuk zapewniaj\u0105 pewny chwyt przy ka\u017cdym typie ci\u0119cia. Thumb Stud po obu stronach oraz szybki flipper Flipper pozwalaj\u0105 na dynamiczne otwieranie ostrza na dwa sposoby.<\/p>\n<p>X60CrMoV15 (MoVa 60) &#8211; wysokow\u0119glowa martenzytyczna stal nierdzewna molibdenowo-wanadowa o wy\u017cszej zawarto\u015bci w\u0119gla ni\u017c stal 1.4116 (X50CrMoV15). Wysoka odporno\u015b\u0107 na korozj\u0119 i zu\u017cycie. Wykorzystuje si\u0119 go do produkcji no\u017cy, najnowocze\u015bniejszych sztu\u0107c\u00f3w i narz\u0119dzi chirurgicznych. Charakteryzuje si\u0119 stosunkowo du\u017c\u0105 twardo\u015bci\u0105 jak na stale nierdzewne rz\u0119du 57-58 HRC. Sk\u0142ad chemiczny stali jest wzbogacony domieszk\u0105 15,0% chromu (Cr), 0,80% molibdenu (Mo), 0,20% wanadu (V).<\/p>\n<p>Czarny PTFE \u2014 powszechnie stosowany w przemy\u015ble pow\u0142ok, politetrafluoroetylen to bardzo drobny produkt o niskiej masie cz\u0105steczkowej przetwarzany w specjalnym procesie. Charakteryzuje si\u0119 doskona\u0142\u0105 odporno\u015bci\u0105 chemiczn\u0105 i atmosferyczn\u0105 oraz odporno\u015bci\u0105 temperaturow\u0105, stabilno\u015bci\u0105 termiczn\u0105, niekleisto\u015bci\u0105, izolacj\u0105 elektryczn\u0105, ognioodporno\u015bci\u0105 i samosmarowaniem. Dzi\u0119ki zastosowaniu politetrafluoroetylenu jako materia\u0142u pow\u0142oki ostrza zmniejsza si\u0119 tarcie podczas u\u017cytkowania, zmniejszaj\u0105c potrzeb\u0119 u\u017cycia si\u0142y przy wszelkiego rodzaju pracach. Ostrza pokryte PTFE zapewnia\u0142y o 22% ni\u017csz\u0105 \u015bredni\u0105 si\u0142\u0119 i o 26% ni\u017csz\u0105 si\u0142\u0119 szczytow\u0105 w por\u00f3wnaniu do ostrzy pokrytych chromem.<\/p>\n<p>G\u0142ownia &#8211; typu Drop Point o grubo\u015bci 3,6 mm, pokryta warstw\u0105 maskuj\u0105c\u0105 zarysowania i antyrefleksyjn\u0105 warstw\u0105 PTFE. Ostrze wyprowadzono szlifem wkl\u0119s\u0142ym (Hollow grind), ostrze g\u0142adkie (Plain) zapewnia dobre w\u0142a\u015bciwo\u015bci tn\u0105ce. Ostrze pokryte jest odporn\u0105 na zarysowania, matow\u0105, czarn\u0105, antyrefleksyjn\u0105 pow\u0142ok\u0105 PTFE. Obustronny ko\u0142ek po bokach Thumb Stud i Flipper pozwala na szybkie otwarcie no\u017ca. Typ blokady Liner-Lock.<\/p>\n<p>R\u0119koje\u015b\u0107 &#8211; czarna, ergonomiczna, profilowana pod palcami. Pokryty teksturowanymi podk\u0142adkami z polimeru PTB wzmocnionego w\u0142\u00f3knem szklanym, zapewnia pewny chwyt nawet przy mokrych d\u0142oniach. R\u0119koje\u015b\u0107 Spine Jimping zwi\u0119ksza komfort i przyczepno\u015b\u0107. N\u00f3\u017c wyposa\u017cony jest w solidny metalowy klips torx montowany na \u015brub\u0119 torx, kt\u00f3ry pozwala na noszenie no\u017ca w pozycji skierowanej w d\u00f3\u0142 (czubkiem w d\u00f3\u0142). W tylnej cz\u0119\u015bci r\u0119koje\u015bci umieszczono szczelin\u0119 umo\u017cliwiaj\u0105c\u0105 monta\u017c linki zabezpieczaj\u0105cej.<\/p>\n<p>Specyfikacja techniczna:<br \/>\nNumer produktu: PANZER-10N<\/p>\n<p>D\u0142ugo\u015b\u0107 ca\u0142kowita: 22,60 cm \/ 8,9 cala<br \/>\nD\u0142ugo\u015b\u0107 ostrza: 10 cm \/ 3,94 cala<br \/>\nGrubo\u015b\u0107 ostrza: 0,36 cm \/ 0,14&#8243;<br \/>\nWaga: 174,0 g \/ 6,14 uncji<\/p>\n<p>Materia\u0142 ostrza: X60CrMoV15<br \/>\nTwardo\u015b\u0107 ostrza: 57-58 HRc<br \/>\nSzlifowanie ostrzy: puste<br \/>\nObr\u00f3bka powierzchni ostrza: PTFE<\/p>\n<p>Materia\u0142 r\u0119koje\u015bci: Polimer PTB wzmocniony w\u0142\u00f3knem szklanym (PTB + w\u0142\u00f3kno szklane)<br \/>\nKolor wyko\u0144czenia uchwytu: czarny<\/p>\n<p>Klips: prawy, przechyl w d\u00f3\u0142<br \/>\nMateria\u0142 klipsa: stal nierdzewna<\/p>\n<p>Mechanizm blokuj\u0105cy: Liner Lock<br \/>\nSpos\u00f3b otwierania: r\u0119czny, flipper, otw\u00f3r na kciuk<br \/>\nInne akcesoria: Brak<\/p>\n<p>Projektant: Muela<br \/>\nNazwa marki: Muela<br \/>\nProducent: Manufacturas Muela, SA<br \/>\nKraj pochodzenia: Hiszpania<\/p>\n<p>&nbsp;<\/p>\n","protected":false},"excerpt":{"rendered":"<p><strong>PANZER-10N Black PTB\/Fiberglass, Black PTFE, w pe\u0142ni funkcjonalny, wszechstronny n\u00f3\u017c EDC, kt\u00f3ry b\u0119dziesz chcia\u0142 mie\u0107 zawsze przy sobie.<\/strong><\/p>\n","protected":false},"featured_media":349171,"comment_status":"open","ping_status":"closed","template":"","meta":[],"pwb-brand":[3912],"product_brand":[],"product_cat":[3296,3307],"product_tag":[3671],"class_list":{"0":"post-349196","1":"product","2":"type-product","3":"status-publish","4":"has-post-thumbnail","6":"pwb-brand-musiala","7":"product_cat-noze-pl","8":"product_cat-zamykanie-nozy","9":"product_tag-b2b-pl","11":"first","12":"instock","13":"taxable","14":"shipping-taxable","15":"purchasable","16":"product-type-simple"},"brands":[{"id":3912,"name":"Musia\u0142a","slug":"musiala"}],"_links":{"self":[{"href":"https:\/\/www.moskito.cz\/pl\/wp-json\/wp\/v2\/product\/349196","targetHints":{"allow":["GET"]}}],"collection":[{"href":"https:\/\/www.moskito.cz\/pl\/wp-json\/wp\/v2\/product"}],"about":[{"href":"https:\/\/www.moskito.cz\/pl\/wp-json\/wp\/v2\/types\/product"}],"replies":[{"embeddable":true,"href":"https:\/\/www.moskito.cz\/pl\/wp-json\/wp\/v2\/comments?post=349196"}],"wp:featuredmedia":[{"embeddable":true,"href":"https:\/\/www.moskito.cz\/pl\/wp-json\/wp\/v2\/media\/349171"}],"wp:attachment":[{"href":"https:\/\/www.moskito.cz\/pl\/wp-json\/wp\/v2\/media?parent=349196"}],"wp:term":[{"taxonomy":"pwb-brand","embeddable":true,"href":"https:\/\/www.moskito.cz\/pl\/wp-json\/wp\/v2\/pwb-brand?post=349196"},{"taxonomy":"product_brand","embeddable":true,"href":"https:\/\/www.moskito.cz\/pl\/wp-json\/wp\/v2\/product_brand?post=349196"},{"taxonomy":"product_cat","embeddable":true,"href":"https:\/\/www.moskito.cz\/pl\/wp-json\/wp\/v2\/product_cat?post=349196"},{"taxonomy":"product_tag","embeddable":true,"href":"https:\/\/www.moskito.cz\/pl\/wp-json\/wp\/v2\/product_tag?post=349196"}],"curies":[{"name":"wp","href":"https:\/\/api.w.org\/{rel}","templated":true}]}}