{"id":349333,"date":"2024-07-04T14:53:16","date_gmt":"2024-07-04T13:54:30","guid":{"rendered":"https:\/\/www.moskito.cz\/produkt\/noz-muela-z-pokrowcem-zx-8co\/"},"modified":"2025-05-07T11:19:46","modified_gmt":"2025-05-07T10:19:46","slug":"noz-muela-z-pokrowcem-zx-8co","status":"publish","type":"product","link":"https:\/\/www.moskito.cz\/pl\/produkt\/noz-muela-z-pokrowcem-zx-8co\/","title":{"rendered":"N\u00f3\u017c Muela z pokrowcem ZX-8CO"},"content":{"rendered":"<p>N\u00f3\u017c <strong>Muela<\/strong> z pokrowcem ZX-8CO<\/p>\n<p>Wyprodukowany przez hiszpa\u0144sk\u0105 firm\u0119 <strong>Muela<\/strong> . Scyzoryk z ostrzem wykonany ze stali 440C, materia\u0142u znanego z du\u017cej odporno\u015bci na korozj\u0119, trwa\u0142o\u015bci i zdolno\u015bci do utrzymywania ostrej kraw\u0119dzi przez d\u0142ugi czas. Dzi\u0119ki ostrzu o d\u0142ugo\u015bci 8,50 cm nadaje si\u0119 do r\u00f3\u017cnych zada\u0144 my\u015bliwskich i survivalowych. R\u0119koje\u015b\u0107 wykonana jest z drewna cocobolo, egzotycznego drewna z Ameryki \u015arodkowej, cenionego za twardo\u015b\u0107, trwa\u0142o\u015b\u0107 i atrakcyjny wygl\u0105d z naturalnymi br\u0105zowymi i czerwonymi \u017cy\u0142kami, a tak\u017ce zapewnia wygodny chwyt. Posiada zamek, dzi\u0119ki kt\u00f3remu jest bezpieczniejszy. M\u0142ynek ZX-8CO jest wszechstronny i mo\u017ce by\u0107 u\u017cywany do r\u00f3\u017cnych zada\u0144 my\u015bliwskich, takich jak sk\u00f3rowanie, krojenie mi\u0119sa i przygotowywanie \u017cywno\u015bci. Aby utrzyma\u0107 n\u00f3\u017c w optymalnym stanie zaleca si\u0119 jego czyszczenie i suszenie po ka\u017cdym u\u017cyciu, cho\u0107 stal 440C jest odporna na korozj\u0119, dla dodatkowej ochrony zaleca si\u0119 na\u0142o\u017cenie na ostrze cienkiej warstwy oleju. Materia\u0142y: &#8211; Ostrze: stal 440C &#8211; R\u0119koje\u015b\u0107: drewno Cocobolo Wymiary: &#8211; D\u0142ugo\u015b\u0107 ostrza: 8,50 cm. &#8211; Waga: 90 gr.<\/p>\n<p>Marka Muela<br \/>\nU\u017cywana stal 440C<br \/>\nMateria\u0142 r\u0119koje\u015bci: drewno cocobolo<br \/>\nD\u0142ugo\u015b\u0107 ostrza: 8,5 cm<br \/>\nWaga: 90 gr<br \/>\nTwardo\u015b\u0107 ostrza 60 HRC<\/p>\n<p>&nbsp;<\/p>\n","protected":false},"excerpt":{"rendered":"<p><strong>Wyprodukowany przez hiszpa\u0144sk\u0105 firm\u0119 Muela. Scyzoryk z ostrzem wykonany ze stali 440C, materia\u0142u znanego z du\u017cej odporno\u015bci na korozj\u0119, trwa\u0142o\u015bci i zdolno\u015bci do utrzymywania ostrej kraw\u0119dzi przez d\u0142ugi czas. Dzi\u0119ki ostrzu o d\u0142ugo\u015bci 8,50 cm nadaje si\u0119 do r\u00f3\u017cnych zada\u0144 my\u015bliwskich i survivalowych.<\/strong><\/p>\n","protected":false},"featured_media":349326,"comment_status":"open","ping_status":"closed","template":"","meta":[],"pwb-brand":[3912],"product_brand":[],"product_cat":[3296,3307],"product_tag":[3671],"class_list":{"0":"post-349333","1":"product","2":"type-product","3":"status-publish","4":"has-post-thumbnail","6":"pwb-brand-musiala","7":"product_cat-noze-pl","8":"product_cat-zamykanie-nozy","9":"product_tag-b2b-pl","11":"first","12":"instock","13":"taxable","14":"shipping-taxable","15":"purchasable","16":"product-type-simple"},"brands":[{"id":3912,"name":"Musia\u0142a","slug":"musiala"}],"_links":{"self":[{"href":"https:\/\/www.moskito.cz\/pl\/wp-json\/wp\/v2\/product\/349333","targetHints":{"allow":["GET"]}}],"collection":[{"href":"https:\/\/www.moskito.cz\/pl\/wp-json\/wp\/v2\/product"}],"about":[{"href":"https:\/\/www.moskito.cz\/pl\/wp-json\/wp\/v2\/types\/product"}],"replies":[{"embeddable":true,"href":"https:\/\/www.moskito.cz\/pl\/wp-json\/wp\/v2\/comments?post=349333"}],"wp:featuredmedia":[{"embeddable":true,"href":"https:\/\/www.moskito.cz\/pl\/wp-json\/wp\/v2\/media\/349326"}],"wp:attachment":[{"href":"https:\/\/www.moskito.cz\/pl\/wp-json\/wp\/v2\/media?parent=349333"}],"wp:term":[{"taxonomy":"pwb-brand","embeddable":true,"href":"https:\/\/www.moskito.cz\/pl\/wp-json\/wp\/v2\/pwb-brand?post=349333"},{"taxonomy":"product_brand","embeddable":true,"href":"https:\/\/www.moskito.cz\/pl\/wp-json\/wp\/v2\/product_brand?post=349333"},{"taxonomy":"product_cat","embeddable":true,"href":"https:\/\/www.moskito.cz\/pl\/wp-json\/wp\/v2\/product_cat?post=349333"},{"taxonomy":"product_tag","embeddable":true,"href":"https:\/\/www.moskito.cz\/pl\/wp-json\/wp\/v2\/product_tag?post=349333"}],"curies":[{"name":"wp","href":"https:\/\/api.w.org\/{rel}","templated":true}]}}