{"id":349641,"date":"2021-08-21T12:28:42","date_gmt":"2021-08-21T11:28:42","guid":{"rendered":"https:\/\/www.moskito.cz\/produkt\/noz-strzelecki-microtech-ultratech-stonewash-blade-123-12ap\/"},"modified":"2025-05-07T11:19:57","modified_gmt":"2025-05-07T10:19:57","slug":"noz-strzelecki-microtech-ultratech-stonewash-blade-123-12ap","status":"publish","type":"product","link":"https:\/\/www.moskito.cz\/pl\/produkt\/noz-strzelecki-microtech-ultratech-stonewash-blade-123-12ap\/","title":{"rendered":"N\u00f3\u017c strzelecki Microtech Ultratech STONEWASH BLADE 123-12AP"},"content":{"rendered":"<p>N\u00f3\u017c strzelecki <strong>Microtech<\/strong> Ultratech STONEWASH BLADE 123-12AP.<\/p>\n<p>N\u00f3\u017c strzelecki od przodu.<\/p>\n<p>N\u00f3\u017c strzelecki Microtech Ultratech wyposa\u017cony jest w ostrze z z\u0105bkowan\u0105 kraw\u0119dzi\u0105 tn\u0105c\u0105. Posiada formowan\u0105 aluminiow\u0105 r\u0119koje\u015b\u0107 wykonan\u0105 z anodyzowanego aluminium 6061-T6 i wzmocnienia ze stali nierdzewnej.<\/p>\n<p>Microtech wyposa\u017cy\u0142 t\u0119 wersj\u0119 niezwykle popularnego no\u017ca Ultratech D\/A OTF w g\u0142adko wyprofilowan\u0105 konstrukcj\u0119 r\u0119koje\u015bci zwi\u0119kszaj\u0105c\u0105 komfort u\u017cytkowania. Ten zaktualizowany model ma te same wymiary, ale \u0142atwiej mie\u015bci si\u0119 w d\u0142oni i kieszeni.<\/p>\n<p>Dla tych, kt\u00f3rzy nie znaj\u0105 Ultratech, jest to w pe\u0142ni automatyczny n\u00f3\u017c z podw\u00f3jnym mechanizmem z przodu, co oznacza, \u017ce \u200b\u200bostrze sk\u0142ada si\u0119 i chowa kciukiem. N\u00f3\u017c Ultratech firmy Microtech wyznaczy\u0142 poprzeczk\u0119 dla wszystkich no\u017cy OTF.<\/p>\n<p>D\u0142ugo\u015b\u0107 ca\u0142kowita: 22 cm<br \/>\nD\u0142ugo\u015b\u0107 ostrza: 8,6 cm<br \/>\nGrubo\u015b\u0107 ostrza: 0,33 cm<br \/>\nMateria\u0142 ostrza: 204P<br \/>\nStyl ostrza: Drop Point<br \/>\nWstawki: p\u0142askie<br \/>\nMateria\u0142 r\u0119koje\u015bci: aluminium<br \/>\nWaga: 3,60 uncji<br \/>\nU\u017cytkownik: Prawa r\u0119ka<br \/>\nKlips kieszonkowy: sk\u0142adany w d\u00f3\u0142<br \/>\nTyp no\u017ca: Automatyczny OTF Double Action<br \/>\nOtwieracz: kciuk<br \/>\nMarka: Microtech<br \/>\nModel: Ultratech<br \/>\nKraj pochodzenia: USA<br \/>\nNajlepsze zastosowanie: codziennie<\/p>\n<p>Ultratech jest bez w\u0105tpienia flagowym produktem firmy Microtech w\u015br\u00f3d przednich no\u017cy automatycznych od czasu jego wprowadzenia na rynek w 1999 roku. Niedawno przeszed\u0142 metamorfoz\u0119 estetyczn\u0105, a recenzje by\u0142y same pozytywne. Chocia\u017c wymiary Ultratech pozosta\u0142y niezmienione, r\u0119koje\u015b\u0107 zosta\u0142a poddana przegl\u0105dowi typu \u201etri-grip\u201d, oferuj\u0105c wyk\u0142adniczo wi\u0119ksze bezpiecze\u0144stwo chwytu. Dodatkowe ulepszenia obejmuj\u0105 tr\u00f3jk\u0105tny osprz\u0119t, przeprojektowan\u0105 prowadnic\u0119 kciuka i zbijak do szk\u0142a, kt\u00f3ry zawiera teraz wciskane \u0142o\u017cysko kulkowe, zapewniaj\u0105ce wygodniejsz\u0105, ale wci\u0105\u017c funkcjonaln\u0105 obs\u0142ug\u0119. Ka\u017cdy n\u00f3\u017c Microtech OTF posiada niezwykle wyrafinowane mechanizmy wewn\u0119trzne, kt\u00f3re poprawiaj\u0105 og\u00f3ln\u0105 funkcjonalno\u015b\u0107 operacyjn\u0105 i niezawodno\u015b\u0107. Model ten, 123-12AP, ma czarn\u0105 r\u0119koje\u015b\u0107 ze standardowym osprz\u0119tem i zintegrowan\u0105 funkcj\u0105 zbijania szk\u0142a, a tak\u017ce ostrze tanto, kt\u00f3re jest w pe\u0142ni z\u0105bkowane, z apokaliptycznym wyko\u0144czeniem typu stonewash. Wyprodukowano w USA.<\/p>\n<p>Uwaga: materia\u0142 ostrza mo\u017ce ulec zmianie bez powiadomienia<\/p>\n<p>SPECYFIKACJA:<\/p>\n<p>D\u0142ugo\u015b\u0107 ostrza: 3,375 cala<br \/>\nD\u0142ugo\u015b\u0107 ca\u0142kowita: 8,375&#8243;<br \/>\nMateria\u0142 ostrza: Elmax<br \/>\nWyko\u0144czenie ostrza: Apokaliptyczny Stonewash<br \/>\nD\u0142ugo\u015b\u0107 r\u0119koje\u015bci: 5&#8243;<br \/>\nMateria\u0142 r\u0119koje\u015bci: aluminium 6061-T6<br \/>\nWaga: 3,2 uncji<\/p>\n<p>&nbsp;<\/p>\n","protected":false},"excerpt":{"rendered":"<p>Przez lata <strong>Microtech\u00ae Knives<\/strong> wype\u0142nia\u0142 no\u017ce pasj\u0105 i umiej\u0119tno\u015bciami, aby stworzy\u0107 niemal dzie\u0142a sztuki, kt\u00f3re s\u0105 szczytem funkcjonalno\u015bci.Wszystkie cz\u0119\u015bci s\u0105 produkowane w USA.<br \/>\n<strong>Wszystkie no\u017ce Microtech obj\u0119te s\u0105 do\u017cywotni\u0105 gwarancj\u0105.<\/strong><\/p>\n<p><strong>Bezp\u0142atny transport.<\/strong><\/p>\n","protected":false},"featured_media":439766,"comment_status":"open","ping_status":"closed","template":"","meta":[],"pwb-brand":[3279],"product_brand":[],"product_cat":[3344,3296],"product_tag":[3671],"class_list":{"0":"post-349641","1":"product","2":"type-product","3":"status-publish","4":"has-post-thumbnail","6":"pwb-brand-microtech-pl","7":"product_cat-noze-strzeleckie","8":"product_cat-noze-pl","9":"product_tag-b2b-pl","11":"first","12":"instock","13":"taxable","14":"shipping-taxable","15":"purchasable","16":"product-type-simple"},"brands":[{"id":3279,"name":"Microtech","slug":"microtech-pl"}],"_links":{"self":[{"href":"https:\/\/www.moskito.cz\/pl\/wp-json\/wp\/v2\/product\/349641","targetHints":{"allow":["GET"]}}],"collection":[{"href":"https:\/\/www.moskito.cz\/pl\/wp-json\/wp\/v2\/product"}],"about":[{"href":"https:\/\/www.moskito.cz\/pl\/wp-json\/wp\/v2\/types\/product"}],"replies":[{"embeddable":true,"href":"https:\/\/www.moskito.cz\/pl\/wp-json\/wp\/v2\/comments?post=349641"}],"wp:featuredmedia":[{"embeddable":true,"href":"https:\/\/www.moskito.cz\/pl\/wp-json\/wp\/v2\/media\/439766"}],"wp:attachment":[{"href":"https:\/\/www.moskito.cz\/pl\/wp-json\/wp\/v2\/media?parent=349641"}],"wp:term":[{"taxonomy":"pwb-brand","embeddable":true,"href":"https:\/\/www.moskito.cz\/pl\/wp-json\/wp\/v2\/pwb-brand?post=349641"},{"taxonomy":"product_brand","embeddable":true,"href":"https:\/\/www.moskito.cz\/pl\/wp-json\/wp\/v2\/product_brand?post=349641"},{"taxonomy":"product_cat","embeddable":true,"href":"https:\/\/www.moskito.cz\/pl\/wp-json\/wp\/v2\/product_cat?post=349641"},{"taxonomy":"product_tag","embeddable":true,"href":"https:\/\/www.moskito.cz\/pl\/wp-json\/wp\/v2\/product_tag?post=349641"}],"curies":[{"name":"wp","href":"https:\/\/api.w.org\/{rel}","templated":true}]}}