{"id":349647,"date":"2021-03-24T21:23:24","date_gmt":"2024-07-04T19:39:22","guid":{"rendered":"https:\/\/www.moskito.cz\/produkt\/noz-strzelecki-microtech-ultratech-bounty-hunter-apocalyptic-123-10bh\/"},"modified":"2025-07-11T07:53:58","modified_gmt":"2025-07-11T06:53:58","slug":"noz-strzelecki-microtech-ultratech-bounty-hunter-apocalyptic-123-10bh","status":"publish","type":"product","link":"https:\/\/www.moskito.cz\/pl\/produkt\/noz-strzelecki-microtech-ultratech-bounty-hunter-apocalyptic-123-10bh\/","title":{"rendered":"N\u00f3\u017c strzelecki Microtech Ultratech Bounty Hunter Apocalyptic 123-10BH"},"content":{"rendered":"<p>N\u00f3\u017c strzelecki <strong>Microtech<\/strong> Ultratech Bounty Hunter Apocalyptic 123-10BH<\/p>\n<p>Ultratech firmy <strong>Microtech<\/strong> to jeden z ich najpopularniejszych modeli, zdecydowanie daj\u0105cy najwi\u0119kszy zwrot z ka\u017cdej wydanej z\u0142ot\u00f3wki. Na zawsze ustanowi standardy dla wszystkich no\u017cy strzeleckich. <strong>Ultratech<\/strong> jest oryginalnym no\u017cem przednim o podw\u00f3jnym dzia\u0142aniu firmy Microtech i by\u0142 podstaw\u0105 ca\u0142ej linii OTF. Na przestrzeni lat przeszed\u0142 kilka modyfikacji, za ka\u017cdym razem staj\u0105c si\u0119 coraz bardziej wydajny i niezawodny. Spr\u0119\u017cyna Ultratech pozostaje przez ca\u0142y czas w pozycji \u201espoczynkowej\u201d, chyba \u017ce jest rozci\u0105gni\u0119ta. Dzi\u0119ki temu \u015bci\u015bni\u0119ta spr\u0119\u017cyna nie ulega zm\u0119czeniu, co daje pewno\u015b\u0107 u\u017cytkownikom, \u017ce n\u00f3\u017c po oddaniu strza\u0142u b\u0119dzie dzia\u0142a\u0142 skutecznie. Lekki n\u00f3\u017c Ultratech z mo\u017cliwo\u015bci\u0105 otwierania i zamykania jedn\u0105 r\u0119k\u0105, smuk\u0142y kszta\u0142t i ostre ostrze skalpela sprawiaj\u0105, \u017ce jest to n\u00f3\u017c wyj\u0105tkowy!<\/p>\n<p>Ten limitowany model <strong>Star Wars Bounty Hunter<\/strong> ma zniszczon\u0105 w bitwach r\u0119koje\u015b\u0107 wykonan\u0105 ze zu\u017cytego i anodowanego na zielono aluminium 6061-T6 w stylu Bounty Hunter. Dwukolorowe ostrze ze stali nierdzewnej M390 z apokaliptycznym\/satynowym wyko\u0144czeniem ze standardow\u0105 kraw\u0119dzi\u0105. Zniszczone po bojach czerwone okucia i kolec do t\u0142uczenia szk\u0142a. Klips kieszonkowy jest apokaliptycznie wyko\u0144czony i oznaczony numerem seryjnym, dat\u0105 produkcji, BH dla Bounty Hunter, \u017c\u00f3\u0142tym logo Mandalorian Skull Star Wars i logo <strong>Microtech<\/strong> . <strong>Te zawsze szybko si\u0119 wyprzedaj\u0105, nie przegap swojej szansy!<\/strong><\/p>\n<p>D\u0142ugo\u015b\u0107 ca\u0142kowita: 22 cm<br \/>\nD\u0142ugo\u015b\u0107 ostrza: 8,6 cm<br \/>\nMateria\u0142 ostrza: Bohler M390<br \/>\nStyl ostrza: Tanto<br \/>\nWstawki: p\u0142askie<br \/>\nTyp obramowania: Zwyk\u0142y<br \/>\nMateria\u0142 r\u0119koje\u015bci: aluminium<br \/>\nWaga: 3,60 uncji<br \/>\nU\u017cytkownik: Prawa r\u0119ka<br \/>\nKlips kieszonkowy: sk\u0142adany w d\u00f3\u0142<br \/>\nTyp no\u017ca: Automatyczny OTF Double Action<br \/>\nOtwieracz: kciuk<br \/>\nMarka: Microtech<br \/>\nModel: Ultratech<br \/>\nNumer modelu: 123-10 BH<br \/>\nKraj pochodzenia: USA<br \/>\nNajlepsze zastosowanie: codziennie<\/p>\n<div class=\"description\">\n<p>Ultratech na zawsze ustanowi standard dla wszystkich no\u017cy z przodu. Ultratech to oryginalny n\u00f3\u017c typu out-the-front o podw\u00f3jnym dzia\u0142aniu firmy Microtech, kt\u00f3ry sta\u0142 si\u0119 podstaw\u0105 ca\u0142ej linii OTF. Na przestrzeni lat przeszed\u0142 kilka modyfikacji, za ka\u017cdym razem staj\u0105c si\u0119 bardziej wydajny i niezawodny. Ta wersja ma ulepszon\u0105 tekstur\u0119 z trzema uchwytami na suwaku kciuka, co zapewnia bardziej pozytywny zakup, oraz apokaliptyczny zielony uchwyt z czerwonymi elementami, dzi\u0119ki czemu ten model nazywa si\u0119 Bounty Hunter, czyli Boba Fett. Posiada r\u00f3wnie\u017c bardzo fajne logo Mythosaur na klipsie kieszeni, kt\u00f3re by\u0142o symbolem czaszki z k\u0142ami Prawdziwych Mandalorian. Spr\u0119\u017cyna Ultratecha pozostaje przez ca\u0142y czas w pozycji \u201espoczynkowej\u201d, z wyj\u0105tkiem chwili u\u017cycia. Dzi\u0119ki temu \u015bci\u015bni\u0119ta spr\u0119\u017cyna nie ulegnie zm\u0119czeniu, co daje pewno\u015b\u0107 u\u017cytkownikom, \u017ce n\u00f3\u017c po oddaniu strza\u0142u b\u0119dzie dzia\u0142a\u0142 skutecznie. Niewielka waga Ultratecha, mo\u017cliwo\u015b\u0107 otwierania i zamykania jedn\u0105 r\u0119k\u0105, smuk\u0142y kszta\u0142t i ostre jak skalpel ostrze typu drop point czyni\u0105 go jedynym w swoim rodzaju no\u017cem, dost\u0119pnym wy\u0142\u0105cznie za po\u015brednictwem <strong>Microtech<\/strong> . Ten n\u00f3\u017c wielokrotnie udowodni\u0142, \u017ce jest w stanie pokona\u0107 ka\u017cd\u0105 przeszkod\u0119 i naszym zdaniem jest to najbardziej po\u017c\u0105dany n\u00f3\u017c z linii <strong>Ultratech\u00f3w<\/strong> z Gwiezdnych Wojen.<\/p>\n<div class=\"clearfix\"><\/div>\n<\/div>\n<div class=\"specifications\">\n<div class=\"features\">Dane techniczne<br \/>\nAutomatyczne otwieranie\/zamykanie \u2013 otwieranie frontu<br \/>\nAkcja: Podw\u00f3jne dzia\u0142anie \u2013 automatyczny strza\u0142\/wycofanie<br \/>\nStal ostrza: stal nierdzewna<br \/>\nD\u0142ugo\u015b\u0107 ostrza: 3,46 cala<br \/>\nStyl ostrza: Tanto z pojedyncz\u0105 kraw\u0119dzi\u0105<br \/>\nGrubo\u015b\u0107 r\u0119koje\u015bci: 0,640&#8243;<br \/>\nMateria\u0142 r\u0119koje\u015bci: aluminium 6061-T6 z zielon\u0105, apokaliptyczn\u0105, tward\u0105 anodowan\u0105 pow\u0142ok\u0105 Mil-Spec<br \/>\nD\u0142ugo\u015b\u0107 zamkni\u0119ta: 4,84&#8243;<br \/>\nD\u0142ugo\u015b\u0107 otwarta: 8,30 cala<br \/>\nMateria\u0142 klipsa kieszeniowego: stal nierdzewna 301<br \/>\nStandardowy blat: stop AL 6061-T6<br \/>\nSpust: stal nierdzewna 303<br \/>\nRozbijacz okien<br \/>\nWyprodukowano w USA<\/div>\n<div class=\"specs\">\n<p>&nbsp;<\/p>\n<\/div>\n<\/div>\n","protected":false},"excerpt":{"rendered":"<p><strong>Przez lata Microtech\u00ae Knives wype\u0142nia\u0142 no\u017ce pasj\u0105 i umiej\u0119tno\u015bciami, aby tworzy\u0107 niemal dzie\u0142a sztuki, kt\u00f3re s\u0105 szczytem funkcjonalno\u015bci.Wszystkie cz\u0119\u015bci s\u0105 produkowane w USA.<\/strong><br \/>\n<strong>Wszystkie no\u017ce Microtech obj\u0119te s\u0105 do\u017cywotni\u0105 gwarancj\u0105 (min. 80 000 cykli, otwieranie i zamykanie)<\/strong><\/p>\n<p><strong>Bezp\u0142atny transport.<\/strong><\/p>\n","protected":false},"featured_media":349649,"comment_status":"open","ping_status":"closed","template":"","meta":[],"pwb-brand":[3279],"product_brand":[],"product_cat":[3296,3344],"product_tag":[3671],"class_list":{"0":"post-349647","1":"product","2":"type-product","3":"status-publish","4":"has-post-thumbnail","6":"pwb-brand-microtech-pl","7":"product_cat-noze-pl","8":"product_cat-noze-strzeleckie","9":"product_tag-b2b-pl","11":"first","12":"outofstock","13":"taxable","14":"shipping-taxable","15":"purchasable","16":"product-type-simple"},"brands":[{"id":3279,"name":"Microtech","slug":"microtech-pl"}],"_links":{"self":[{"href":"https:\/\/www.moskito.cz\/pl\/wp-json\/wp\/v2\/product\/349647","targetHints":{"allow":["GET"]}}],"collection":[{"href":"https:\/\/www.moskito.cz\/pl\/wp-json\/wp\/v2\/product"}],"about":[{"href":"https:\/\/www.moskito.cz\/pl\/wp-json\/wp\/v2\/types\/product"}],"replies":[{"embeddable":true,"href":"https:\/\/www.moskito.cz\/pl\/wp-json\/wp\/v2\/comments?post=349647"}],"wp:featuredmedia":[{"embeddable":true,"href":"https:\/\/www.moskito.cz\/pl\/wp-json\/wp\/v2\/media\/349649"}],"wp:attachment":[{"href":"https:\/\/www.moskito.cz\/pl\/wp-json\/wp\/v2\/media?parent=349647"}],"wp:term":[{"taxonomy":"pwb-brand","embeddable":true,"href":"https:\/\/www.moskito.cz\/pl\/wp-json\/wp\/v2\/pwb-brand?post=349647"},{"taxonomy":"product_brand","embeddable":true,"href":"https:\/\/www.moskito.cz\/pl\/wp-json\/wp\/v2\/product_brand?post=349647"},{"taxonomy":"product_cat","embeddable":true,"href":"https:\/\/www.moskito.cz\/pl\/wp-json\/wp\/v2\/product_cat?post=349647"},{"taxonomy":"product_tag","embeddable":true,"href":"https:\/\/www.moskito.cz\/pl\/wp-json\/wp\/v2\/product_tag?post=349647"}],"curies":[{"name":"wp","href":"https:\/\/api.w.org\/{rel}","templated":true}]}}