{"id":349932,"date":"2021-05-05T22:03:35","date_gmt":"2024-07-08T09:29:36","guid":{"rendered":"https:\/\/www.moskito.cz\/produkt\/naprawiono-wspolczynnik-ekstremalnego-noza-mamba-hcs\/"},"modified":"2025-05-07T11:20:03","modified_gmt":"2025-05-07T10:20:03","slug":"naprawiono-wspolczynnik-ekstremalnego-noza-mamba-hcs","status":"publish","type":"product","link":"https:\/\/www.moskito.cz\/pl\/produkt\/naprawiono-wspolczynnik-ekstremalnego-noza-mamba-hcs\/","title":{"rendered":"Naprawiono wsp\u00f3\u0142czynnik ekstremalnego no\u017ca MAMBA HCS"},"content":{"rendered":"<p>Naprawiono <strong>wsp\u00f3\u0142czynnik ekstremalnego<\/strong> no\u017ca MAMBA HCS.<\/p>\n<p>Wielozadaniowy n\u00f3\u017c taktyczny, bardzo lekki i \u0142atwy w obs\u0142udze. Wyposa\u017cony jest w specjaln\u0105 nylonow\u0105 pochw\u0119 Aspis, kt\u00f3ra zosta\u0142a specjalnie przebadana przez Extrema Ratio, aby umo\u017cliwi\u0107 szybkie wypi\u0119cie ostrza i zamocowanie go w systemie MOLLE dzi\u0119ki dw\u00f3m wielopozycyjnym klamrom.<br \/>\nDost\u0119pne w kolorze czarnym, pustynnym, HCS, Ranger Green i Wolf Grey<\/p>\n<p>KARTA TECHNICZNA<br \/>\nWaga g.: 85<br \/>\nWaga uncji: 2,99<br \/>\nD\u0142ugo\u015b\u0107 ostrza (mm): 116<br \/>\nD\u0142ugo\u015b\u0107 ostrza (cale): 4,56<br \/>\nD\u0142ugo\u015b\u0107 ca\u0142kowita (mm): 237<br \/>\nD\u0142ugo\u015b\u0107 ca\u0142kowita (cale): 9,33<br \/>\nGrubo\u015b\u0107 ostrza (mm): 4<br \/>\nGrubo\u015b\u0107 ostrza (w calach): 0,15<br \/>\nMateria\u0142 ostrza: B\u00f6HLER STEEL N690 (58HRC)<br \/>\nWyko\u0144czenie ostrza: ZAWIERA KAMIENIE<br \/>\nG\u0142\u00f3wna siatka: P\u0141ASKA<br \/>\nMateria\u0142 r\u0119koje\u015bci: FORPRENE<\/p>\n<p><iframe title=\"Extrema Ratio Mamba | t-tactical.eu\" width=\"800\" height=\"450\" src=\"https:\/\/www.youtube.com\/embed\/5jcDRn6oFuw?feature=oembed\" frameborder=\"0\" allow=\"accelerometer; autoplay; clipboard-write; encrypted-media; gyroscope; picture-in-picture; web-share\" referrerpolicy=\"strict-origin-when-cross-origin\" allowfullscreen><\/iframe><\/p>\n<p>&nbsp;<\/p>\n","protected":false},"excerpt":{"rendered":"<p><strong>Firma Extrema Ratio<\/strong> z siedzib\u0105 w Prato we W\u0142oszech projektuje i produkuje wysokiej jako\u015bci no\u017ce bojowe, wojskowe, kuchenne, my\u015bliwskie i taktyczne od 1997 roku i cieszy si\u0119 reputacj\u0105 dzi\u0119ki najwy\u017cszej jako\u015bci, kt\u00f3ra nie ma sobie r\u00f3wnych w bran\u017cy no\u017cy wojskowych i taktycznych. <strong>Bezp\u0142atny transport.<\/strong><\/p>\n","protected":false},"featured_media":349965,"comment_status":"open","ping_status":"closed","template":"","meta":[],"pwb-brand":[3666],"product_brand":[],"product_cat":[3296,3297],"product_tag":[3671],"class_list":{"0":"post-349932","1":"product","2":"type-product","3":"status-publish","4":"has-post-thumbnail","6":"pwb-brand-stosunek-ekstremow","7":"product_cat-noze-pl","8":"product_cat-solidne-noze","9":"product_tag-b2b-pl","11":"first","12":"instock","13":"taxable","14":"shipping-taxable","15":"purchasable","16":"product-type-simple"},"brands":[{"id":3666,"name":"Stosunek ekstrem\u00f3w","slug":"stosunek-ekstremow"}],"_links":{"self":[{"href":"https:\/\/www.moskito.cz\/pl\/wp-json\/wp\/v2\/product\/349932","targetHints":{"allow":["GET"]}}],"collection":[{"href":"https:\/\/www.moskito.cz\/pl\/wp-json\/wp\/v2\/product"}],"about":[{"href":"https:\/\/www.moskito.cz\/pl\/wp-json\/wp\/v2\/types\/product"}],"replies":[{"embeddable":true,"href":"https:\/\/www.moskito.cz\/pl\/wp-json\/wp\/v2\/comments?post=349932"}],"wp:featuredmedia":[{"embeddable":true,"href":"https:\/\/www.moskito.cz\/pl\/wp-json\/wp\/v2\/media\/349965"}],"wp:attachment":[{"href":"https:\/\/www.moskito.cz\/pl\/wp-json\/wp\/v2\/media?parent=349932"}],"wp:term":[{"taxonomy":"pwb-brand","embeddable":true,"href":"https:\/\/www.moskito.cz\/pl\/wp-json\/wp\/v2\/pwb-brand?post=349932"},{"taxonomy":"product_brand","embeddable":true,"href":"https:\/\/www.moskito.cz\/pl\/wp-json\/wp\/v2\/product_brand?post=349932"},{"taxonomy":"product_cat","embeddable":true,"href":"https:\/\/www.moskito.cz\/pl\/wp-json\/wp\/v2\/product_cat?post=349932"},{"taxonomy":"product_tag","embeddable":true,"href":"https:\/\/www.moskito.cz\/pl\/wp-json\/wp\/v2\/product_tag?post=349932"}],"curies":[{"name":"wp","href":"https:\/\/api.w.org\/{rel}","templated":true}]}}