{"id":350045,"date":"2022-04-27T21:41:21","date_gmt":"2024-07-08T09:49:23","guid":{"rendered":"https:\/\/www.moskito.cz\/produkt\/ostrzalka-do-blatow-sog\/"},"modified":"2025-05-07T11:20:03","modified_gmt":"2025-05-07T10:20:03","slug":"ostrzalka-do-blatow-sog","status":"publish","type":"product","link":"https:\/\/www.moskito.cz\/pl\/produkt\/ostrzalka-do-blatow-sog\/","title":{"rendered":"OSTRZA\u0141KA DO BLAT\u00d3W SOG"},"content":{"rendered":"<p>OSTRZA\u0141KA DO BLAT\u00d3W <strong>SOG<\/strong> .<\/p>\n<p>Teraz SOG eliminuje k\u0142opoty z ostrzeniem no\u017cy dzi\u0119ki najnowszej generacji ostrza\u0142ce sto\u0142owej SOG! Po prostu umie\u015b\u0107 ostrza\u0142k\u0119 do blat\u00f3w SOG na dowolnej p\u0142askiej, nieporowatej powierzchni, w\u0142\u0105cz odsysanie i przeci\u0105gnij no\u017ce, aby uzyska\u0107 ostr\u0105 jak brzytwa kraw\u0119d\u017a! Dzia\u0142a na wszystkich no\u017cach SOG.<\/p>\n<p>Pozostawia no\u017ce z ostr\u0105 jak brzytwa kraw\u0119dzi\u0105. Ma\u0142y i \u0142atwy do przenoszenia. Technologia ssania zapewnia minimalny wysi\u0142ek.<\/p>\n<p>&nbsp;<\/p>\n<p>&nbsp;<\/p>\n","protected":false},"excerpt":{"rendered":"<p>Niezale\u017cnie od tego, czy chronisz innych, prowadzisz epick\u0105 wypraw\u0119 my\u015bliwsk\u0105, stawiasz czo\u0142a codziennym wyzwaniom \u017cycia, czy te\u017c stawiasz czo\u0142a najbardziej ekstremalnym warunkom, jakie kiedykolwiek stworzy\u0142e\u015b, pokonaj <strong>SOG<\/strong> .<\/p>\n<p><strong>Na wszystkie no\u017ce SOG udzielamy do\u017cywotniej gwarancji!<\/strong><\/p>\n","protected":false},"featured_media":350050,"comment_status":"open","ping_status":"closed","template":"","meta":[],"pwb-brand":[3606],"product_brand":[],"product_cat":[3345],"product_tag":[3671],"class_list":{"0":"post-350045","1":"product","2":"type-product","3":"status-publish","4":"has-post-thumbnail","6":"pwb-brand-sog-pl","7":"product_cat-tarcze-szlifierskie-i-stal","8":"product_tag-b2b-pl","10":"first","11":"instock","12":"taxable","13":"shipping-taxable","14":"purchasable","15":"product-type-simple"},"brands":[{"id":3606,"name":"SOG","slug":"sog-pl"}],"_links":{"self":[{"href":"https:\/\/www.moskito.cz\/pl\/wp-json\/wp\/v2\/product\/350045","targetHints":{"allow":["GET"]}}],"collection":[{"href":"https:\/\/www.moskito.cz\/pl\/wp-json\/wp\/v2\/product"}],"about":[{"href":"https:\/\/www.moskito.cz\/pl\/wp-json\/wp\/v2\/types\/product"}],"replies":[{"embeddable":true,"href":"https:\/\/www.moskito.cz\/pl\/wp-json\/wp\/v2\/comments?post=350045"}],"wp:featuredmedia":[{"embeddable":true,"href":"https:\/\/www.moskito.cz\/pl\/wp-json\/wp\/v2\/media\/350050"}],"wp:attachment":[{"href":"https:\/\/www.moskito.cz\/pl\/wp-json\/wp\/v2\/media?parent=350045"}],"wp:term":[{"taxonomy":"pwb-brand","embeddable":true,"href":"https:\/\/www.moskito.cz\/pl\/wp-json\/wp\/v2\/pwb-brand?post=350045"},{"taxonomy":"product_brand","embeddable":true,"href":"https:\/\/www.moskito.cz\/pl\/wp-json\/wp\/v2\/product_brand?post=350045"},{"taxonomy":"product_cat","embeddable":true,"href":"https:\/\/www.moskito.cz\/pl\/wp-json\/wp\/v2\/product_cat?post=350045"},{"taxonomy":"product_tag","embeddable":true,"href":"https:\/\/www.moskito.cz\/pl\/wp-json\/wp\/v2\/product_tag?post=350045"}],"curies":[{"name":"wp","href":"https:\/\/api.w.org\/{rel}","templated":true}]}}