{"id":350237,"date":"2024-07-10T07:17:13","date_gmt":"2024-07-10T06:18:01","guid":{"rendered":"https:\/\/www.moskito.cz\/produkt\/noz-zamykany-muela-navalia-10m-b\/"},"modified":"2025-05-07T11:20:08","modified_gmt":"2025-05-07T10:20:08","slug":"noz-zamykany-muela-navalia-10m-b","status":"publish","type":"product","link":"https:\/\/www.moskito.cz\/pl\/produkt\/noz-zamykany-muela-navalia-10m-b\/","title":{"rendered":"N\u00f3\u017c zamykany Muela NAVALIA-10M.B"},"content":{"rendered":"<p>N\u00f3\u017c zamykany <strong>Muela<\/strong> NAVALIA-10M.B<\/p>\n<p>Scyzoryk Navalia-10M.B N\u00f3\u017c sk\u0142adany Muela to wyj\u0105tkowy hiszpa\u0144ski scyzoryk z r\u0119koje\u015bci\u0105 Micarta.<\/p>\n<p>Ten scyzoryk jest bardzo wszechstronny, oferuje przeno\u015bno\u015b\u0107 i szybkie otwieranie ostrza, dzi\u0119ki czemu idealnie nadaje si\u0119 do szerokiego zakresu zastosowa\u0144, w tym do sytuacji przetrwania.<\/p>\n<p>Funkcja sk\u0142adania umo\u017cliwia wygodny i bezpieczny transport oraz zapewnia ochron\u0119 ostrza.<\/p>\n<p>R\u0119koje\u015b\u0107 no\u017ca sk\u0142adanego Muela Navalia-10M.B wykonana zosta\u0142a z Micarty, materia\u0142u sk\u0142adaj\u0105cego si\u0119 z tkanin impregnowanych \u017cywic\u0105, poddawanych dzia\u0142aniu wysokich ci\u015bnie\u0144 i temperatur, w wyniku czego powstaje twardy, g\u0119sty i trwa\u0142y materia\u0142 do ekstremalnych zastosowa\u0144.<\/p>\n<p>Ostrze wykonane jest z X50CrMoV15 \u201eMOVA\u201d (1.4116), klasycznego materia\u0142u w no\u017cach i scyzorykach Muela, znanego z doskona\u0142ego po\u0142\u0105czenia molibdenu i wanadu, zapewniaj\u0105cego niezwyk\u0142\u0105 twardo\u015b\u0107 i odporno\u015b\u0107 na korozj\u0119.<\/p>\n<p>Muela ma tradycj\u0119 produkcji ekskluzywnych no\u017cy, scyzoryk\u00f3w i maszynek do golenia w Hiszpanii od 1950 roku i jest \u015bwiatowym punktem odniesienia w dziedzinie sztu\u0107c\u00f3w.<\/p>\n<p>Dzi\u0119ki specjalnie dobranym materia\u0142om, takim jak stal martenzytyczna w ostrzach, a w niekt\u00f3rych modelach nawet poro\u017ce jelenia, jego dzie\u0142a s\u0105 starannie rze\u017abione i wyko\u0144czone, \u0142\u0105cz\u0105c nowoczesn\u0105 technologi\u0119 z technikami rzemie\u015blniczymi.<\/p>\n<p>Ka\u017cdy produkt przekazywany jest do\u015bwiadczonym wytw\u00f3rcom no\u017cy, kt\u00f3rzy dokonuj\u0105 rzemie\u015blniczej obr\u00f3bki wyko\u0144czeniowej, obejmuj\u0105cej ostrzenie, polerowanie i rygorystyczn\u0105 kontrol\u0119 jako\u015bci.<\/p>\n<p>&nbsp;<\/p>\n<p>Opis techniczny<\/p>\n<p>Kod: NAVALIA-10M.B<\/p>\n<p>D\u0142ugo\u015b\u0107 ca\u0142kowita: 21 cm<\/p>\n<p>Model: Scyzoryk Navalia-10M.B<\/p>\n<p>Materia\u0142 r\u0119koje\u015bci: Micarta<\/p>\n<p>Materia\u0142 ostrza: 1.4116<\/p>\n<p>D\u0142ugo\u015b\u0107 ostrza: 10 cm<\/p>\n<p>Twardo\u015b\u0107 stali: 56 \u2013 58 HRC<\/p>\n<p>Waga: 125g<\/p>\n<p>&nbsp;<\/p>\n","protected":false},"excerpt":{"rendered":"<p><strong>Scyzoryk Navalia-10M.B N\u00f3\u017c sk\u0142adany Muela to wyj\u0105tkowy hiszpa\u0144ski scyzoryk z r\u0119koje\u015bci\u0105 Micarta.<\/strong><\/p>\n","protected":false},"featured_media":350211,"comment_status":"open","ping_status":"closed","template":"","meta":[],"pwb-brand":[3912],"product_brand":[],"product_cat":[3296,3307],"product_tag":[3671],"class_list":{"0":"post-350237","1":"product","2":"type-product","3":"status-publish","4":"has-post-thumbnail","6":"pwb-brand-musiala","7":"product_cat-noze-pl","8":"product_cat-zamykanie-nozy","9":"product_tag-b2b-pl","11":"first","12":"outofstock","13":"taxable","14":"shipping-taxable","15":"purchasable","16":"product-type-simple"},"brands":[{"id":3912,"name":"Musia\u0142a","slug":"musiala"}],"_links":{"self":[{"href":"https:\/\/www.moskito.cz\/pl\/wp-json\/wp\/v2\/product\/350237","targetHints":{"allow":["GET"]}}],"collection":[{"href":"https:\/\/www.moskito.cz\/pl\/wp-json\/wp\/v2\/product"}],"about":[{"href":"https:\/\/www.moskito.cz\/pl\/wp-json\/wp\/v2\/types\/product"}],"replies":[{"embeddable":true,"href":"https:\/\/www.moskito.cz\/pl\/wp-json\/wp\/v2\/comments?post=350237"}],"wp:featuredmedia":[{"embeddable":true,"href":"https:\/\/www.moskito.cz\/pl\/wp-json\/wp\/v2\/media\/350211"}],"wp:attachment":[{"href":"https:\/\/www.moskito.cz\/pl\/wp-json\/wp\/v2\/media?parent=350237"}],"wp:term":[{"taxonomy":"pwb-brand","embeddable":true,"href":"https:\/\/www.moskito.cz\/pl\/wp-json\/wp\/v2\/pwb-brand?post=350237"},{"taxonomy":"product_brand","embeddable":true,"href":"https:\/\/www.moskito.cz\/pl\/wp-json\/wp\/v2\/product_brand?post=350237"},{"taxonomy":"product_cat","embeddable":true,"href":"https:\/\/www.moskito.cz\/pl\/wp-json\/wp\/v2\/product_cat?post=350237"},{"taxonomy":"product_tag","embeddable":true,"href":"https:\/\/www.moskito.cz\/pl\/wp-json\/wp\/v2\/product_tag?post=350237"}],"curies":[{"name":"wp","href":"https:\/\/api.w.org\/{rel}","templated":true}]}}