{"id":350275,"date":"2024-07-10T07:50:11","date_gmt":"2024-07-10T06:50:53","guid":{"rendered":"https:\/\/www.moskito.cz\/produkt\/noz-zamykajacy-muela-p-8nl\/"},"modified":"2025-05-07T11:20:09","modified_gmt":"2025-05-07T10:20:09","slug":"noz-zamykajacy-muela-p-8nl","status":"publish","type":"product","link":"https:\/\/www.moskito.cz\/pl\/produkt\/noz-zamykajacy-muela-p-8nl\/","title":{"rendered":"N\u00f3\u017c zamykaj\u0105cy Muela P-8NL"},"content":{"rendered":"<p>N\u00f3\u017c zamykaj\u0105cy <strong>Muela<\/strong> P-8NL.<\/p>\n<p>P-8NL Artisan Folding Knife &#8211; lekki, klasyczny n\u00f3\u017c sk\u0142adany firmy Muel. Ostrze wykonano ze stali molibdenowo-wanadowej MoVa. R\u0119koje\u015b\u0107 z drewna r\u00f3\u017canego (idealna do no\u017ca uniwersalnego) u\u0142atwia utrzymanie no\u017ca w czysto\u015bci. Idealny n\u00f3\u017c dla mi\u0142o\u015bnik\u00f3w klasycznego designu, doskona\u0142y jako codzienny EDC.<\/p>\n<p>G\u0142ownia &#8211; bardzo ostra o zmodyfikowanym profilu Drop Point, grubo\u015bci 2.4 mm, utwardzana w przedziale 57-58 HRC. Wykonane z wytrzyma\u0142ej stali nierdzewnej molibdenowo-wanadowej X50CrMoV15. Wyko\u0144czenie satynowe (p\u00f3\u0142matowe), kt\u00f3re eliminuje odblaski. Ostrze g\u0142adkie typu Plain posiada szlif wkl\u0119s\u0142y (Hollow Grind), kt\u00f3ry w po\u0142\u0105czeniu z niewielk\u0105 grubo\u015bci\u0105 ostrza zapewnia ponadprzeci\u0119tne w\u0142a\u015bciwo\u015bci tn\u0105ce.<\/p>\n<p>R\u0119koje\u015b\u0107 &#8211; br\u0105zowa, profilowana okleina z twardego egzotycznego palisandru (amazonas palisander)<\/p>\n<p>Dane techniczne:<br \/>\nNumer produktu: P-8NL<br \/>\nRodzaj stali: X50CrMoV15<br \/>\nD\u0142ugo\u015b\u0107 ostrza: 8,5 cm \/ 3,35<br \/>\nGrubo\u015b\u0107 ostrza: 0,24 cm \/ 0,15<br \/>\nD\u0142ugo\u015b\u0107 ca\u0142kowita: 18,6 cm \/ 7,32<br \/>\nWaga: 73 g \/ 2,53 uncji<br \/>\nOstrze: zwyk\u0142e<br \/>\nTyp ostrza: Drop Point<br \/>\nRodzaj ci\u0119cia: Wkl\u0119s\u0142y<br \/>\nMateria\u0142 r\u0119koje\u015bci: palisander (palisander amazonas)<br \/>\nProducent: Muela, Hiszpania<\/p>\n<p>&nbsp;<\/p>\n","protected":false},"excerpt":{"rendered":"<p><strong>Kieszonkowy n\u00f3\u017c sk\u0142adany Muela P-8NL Elegancki kieszonkowy n\u00f3\u017c sk\u0142adany Muela P 8 NL z r\u0119koje\u015bciami z palisandru.<\/strong><\/p>\n","protected":false},"featured_media":350244,"comment_status":"open","ping_status":"closed","template":"","meta":[],"pwb-brand":[3912],"product_brand":[],"product_cat":[3296,3307],"product_tag":[3671],"class_list":{"0":"post-350275","1":"product","2":"type-product","3":"status-publish","4":"has-post-thumbnail","6":"pwb-brand-musiala","7":"product_cat-noze-pl","8":"product_cat-zamykanie-nozy","9":"product_tag-b2b-pl","11":"first","12":"instock","13":"taxable","14":"shipping-taxable","15":"purchasable","16":"product-type-simple"},"brands":[{"id":3912,"name":"Musia\u0142a","slug":"musiala"}],"_links":{"self":[{"href":"https:\/\/www.moskito.cz\/pl\/wp-json\/wp\/v2\/product\/350275","targetHints":{"allow":["GET"]}}],"collection":[{"href":"https:\/\/www.moskito.cz\/pl\/wp-json\/wp\/v2\/product"}],"about":[{"href":"https:\/\/www.moskito.cz\/pl\/wp-json\/wp\/v2\/types\/product"}],"replies":[{"embeddable":true,"href":"https:\/\/www.moskito.cz\/pl\/wp-json\/wp\/v2\/comments?post=350275"}],"wp:featuredmedia":[{"embeddable":true,"href":"https:\/\/www.moskito.cz\/pl\/wp-json\/wp\/v2\/media\/350244"}],"wp:attachment":[{"href":"https:\/\/www.moskito.cz\/pl\/wp-json\/wp\/v2\/media?parent=350275"}],"wp:term":[{"taxonomy":"pwb-brand","embeddable":true,"href":"https:\/\/www.moskito.cz\/pl\/wp-json\/wp\/v2\/pwb-brand?post=350275"},{"taxonomy":"product_brand","embeddable":true,"href":"https:\/\/www.moskito.cz\/pl\/wp-json\/wp\/v2\/product_brand?post=350275"},{"taxonomy":"product_cat","embeddable":true,"href":"https:\/\/www.moskito.cz\/pl\/wp-json\/wp\/v2\/product_cat?post=350275"},{"taxonomy":"product_tag","embeddable":true,"href":"https:\/\/www.moskito.cz\/pl\/wp-json\/wp\/v2\/product_tag?post=350275"}],"curies":[{"name":"wp","href":"https:\/\/api.w.org\/{rel}","templated":true}]}}