{"id":350315,"date":"2024-07-10T08:07:15","date_gmt":"2024-07-10T07:08:14","guid":{"rendered":"https:\/\/www.moskito.cz\/produkt\/noz-zamykajacy-muela-p-8-ol\/"},"modified":"2025-05-07T11:20:10","modified_gmt":"2025-05-07T10:20:10","slug":"noz-zamykajacy-muela-p-8-ol","status":"publish","type":"product","link":"https:\/\/www.moskito.cz\/pl\/produkt\/noz-zamykajacy-muela-p-8-ol\/","title":{"rendered":"N\u00f3\u017c zamykaj\u0105cy Muela P-8.OL"},"content":{"rendered":"<p>N\u00f3\u017c zamykaj\u0105cy <strong>Muela<\/strong> P-8.OL<\/p>\n<p>Sk\u0142adany scyzoryk hiszpa\u0144skiej firmy Muela, o prostym i eleganckim designie. Ostrze wykonane jest z wysokiej jako\u015bci stali molibdenowo-wanadowej o twardo\u015bci 57 &#8211; 61 HRC. Ko\u0144c\u00f3wki s\u0105 metalowe i maj\u0105 uchwyty wykonane z drewna oliwnego. Ostrze jest mocowane w stanie otwartym i zamkni\u0119tym poprzez nacisk pi\u00f3ra grzbietowego, n\u00f3\u017c nie posiada \u017cadnego innego zabezpieczenia. Bardzo \u0142adnie wykonany n\u00f3\u017c do codziennego u\u017cytku.<\/p>\n<p>Kszta\u0142t ostrza: punkt opadania<\/p>\n<p>Kolor ostrza: klasyczny srebrny<\/p>\n<p>R\u0119koje\u015b\u0107: drewno<\/p>\n<p>Klip: nie<\/p>\n<p>D\u0142ugo\u015b\u0107 ostrza: 8 cm<\/p>\n<p>D\u0142ugo\u015b\u0107 r\u0105czki: 10,5 cm<\/p>\n<p>D\u0142ugo\u015b\u0107 ca\u0142kowita: 18,5 cm<\/p>\n<p>Waga no\u017ca (g): 70<\/p>\n<p>&nbsp;<\/p>\n","protected":false},"excerpt":{"rendered":"<p><strong>Sk\u0142adany scyzoryk hiszpa\u0144skiej firmy Muela, o prostym i eleganckim designie.<\/strong><\/p>\n","protected":false},"featured_media":350308,"comment_status":"open","ping_status":"closed","template":"","meta":[],"pwb-brand":[3912],"product_brand":[],"product_cat":[3296,3307],"product_tag":[3671],"class_list":{"0":"post-350315","1":"product","2":"type-product","3":"status-publish","4":"has-post-thumbnail","6":"pwb-brand-musiala","7":"product_cat-noze-pl","8":"product_cat-zamykanie-nozy","9":"product_tag-b2b-pl","11":"first","12":"instock","13":"taxable","14":"shipping-taxable","15":"purchasable","16":"product-type-simple"},"brands":[{"id":3912,"name":"Musia\u0142a","slug":"musiala"}],"_links":{"self":[{"href":"https:\/\/www.moskito.cz\/pl\/wp-json\/wp\/v2\/product\/350315","targetHints":{"allow":["GET"]}}],"collection":[{"href":"https:\/\/www.moskito.cz\/pl\/wp-json\/wp\/v2\/product"}],"about":[{"href":"https:\/\/www.moskito.cz\/pl\/wp-json\/wp\/v2\/types\/product"}],"replies":[{"embeddable":true,"href":"https:\/\/www.moskito.cz\/pl\/wp-json\/wp\/v2\/comments?post=350315"}],"wp:featuredmedia":[{"embeddable":true,"href":"https:\/\/www.moskito.cz\/pl\/wp-json\/wp\/v2\/media\/350308"}],"wp:attachment":[{"href":"https:\/\/www.moskito.cz\/pl\/wp-json\/wp\/v2\/media?parent=350315"}],"wp:term":[{"taxonomy":"pwb-brand","embeddable":true,"href":"https:\/\/www.moskito.cz\/pl\/wp-json\/wp\/v2\/pwb-brand?post=350315"},{"taxonomy":"product_brand","embeddable":true,"href":"https:\/\/www.moskito.cz\/pl\/wp-json\/wp\/v2\/product_brand?post=350315"},{"taxonomy":"product_cat","embeddable":true,"href":"https:\/\/www.moskito.cz\/pl\/wp-json\/wp\/v2\/product_cat?post=350315"},{"taxonomy":"product_tag","embeddable":true,"href":"https:\/\/www.moskito.cz\/pl\/wp-json\/wp\/v2\/product_tag?post=350315"}],"curies":[{"name":"wp","href":"https:\/\/api.w.org\/{rel}","templated":true}]}}