{"id":350332,"date":"2024-07-10T08:18:58","date_gmt":"2024-07-10T07:19:39","guid":{"rendered":"https:\/\/www.moskito.cz\/produkt\/noz-zamykajacy-muela-naval-10m-ol\/"},"modified":"2025-05-07T11:20:14","modified_gmt":"2025-05-07T10:20:14","slug":"noz-zamykajacy-muela-naval-10m-ol","status":"publish","type":"product","link":"https:\/\/www.moskito.cz\/pl\/produkt\/noz-zamykajacy-muela-naval-10m-ol\/","title":{"rendered":"N\u00f3\u017c zamykaj\u0105cy Muela NAVAL-10M.OL"},"content":{"rendered":"<p>N\u00f3\u017c zamykaj\u0105cy <strong>Muela<\/strong> NAVAL-10M.OL<\/p>\n<p>Odkryj scyzoryk NAVAL-10M.OL marki Muel, autentyczn\u0105 pere\u0142k\u0119 wiod\u0105cej hiszpa\u0144skiej marki w dziedzinie no\u017cy rzemie\u015blniczych i no\u017cy sk\u0142adanych! Dzi\u0119ki wyj\u0105tkowej konstrukcji i funkcjom klasy premium n\u00f3\u017c ten wyr\u00f3\u017cnia si\u0119 jako narz\u0119dzie, kt\u00f3re trzeba mie\u0107.<\/p>\n<p>R\u0119koje\u015b\u0107 z czarnej Micarty i \u0142uski z drewna oliwnego: R\u0119koje\u015b\u0107 o \u015brednicy 115 mm zosta\u0142a umiej\u0119tnie wykonana z czarnej Micarty i zapewnia pewny i wygodny chwyt w ka\u017cdej sytuacji. \u0141uski z drewna oliwnego nadaj\u0105 mu nie tylko urokliwego wygl\u0105du, ale tak\u017ce wyj\u0105tkowej trwa\u0142o\u015bci.<br \/>\nPrecyzyjne ostrze: Ostrze o \u015brednicy 100 mm to arcydzie\u0142o precyzji, zaprojektowane w formie ostrza, kt\u00f3re zapewnia doskona\u0142\u0105 wydajno\u015b\u0107. Wykonany ze stali X50CrMoV15 (MOVA), jest odporny na korozj\u0119 i d\u0142ugo zachowuje ostro\u015b\u0107.<br \/>\nTylny mechanizm blokuj\u0105cy: Wyposa\u017cony w tylny mechanizm blokuj\u0105cy, mo\u017cesz przez ca\u0142y czas ufa\u0107 bezpiecze\u0144stwu i \u0142atwo\u015bci u\u017cytkowania tego no\u017ca.<br \/>\nZawiera pi\u0142\u0119: ten n\u00f3\u017c idzie jeszcze dalej, oferuj\u0105c pi\u0142\u0119 na g\u00f3rze ostrza, zwi\u0119kszaj\u0105c wszechstronno\u015b\u0107 podczas zaj\u0119\u0107 na \u015bwie\u017cym powietrzu.<br \/>\nWyprodukowano w Hiszpanii: ten n\u00f3\u017c wyprodukowany w Hiszpanii niesie ze sob\u0105 hiszpa\u0144sk\u0105 tradycj\u0119 jako\u015bci i rzemios\u0142a.<\/p>\n<p>Dlaczego warto wybra\u0107 Muela Muela to marka, kt\u00f3ra od dziesi\u0119cioleci specjalizuje si\u0119 w produkcji wysokiej jako\u015bci no\u017cy rzemie\u015blniczych i scyzoryk\u00f3w. Ich zaanga\u017cowanie w doskona\u0142o\u015b\u0107 znajduje odzwierciedlenie w ka\u017cdym szczeg\u00f3le ich produkt\u00f3w. Opr\u00f3cz funkcjonalno\u015bci i trwa\u0142o\u015bci, jakie oferuj\u0105, Muela zawiera r\u00f3wnie\u017c wyr\u00f3\u017cniaj\u0105ce si\u0119 elementy, takie jak stal damasce\u0144ska i egzotyczne drewno, kt\u00f3re sprawiaj\u0105, \u017ce ich no\u017ce s\u0105 wyj\u0105tkowe i ekskluzywne.<\/p>\n<p>Od poro\u017ca jelenia po cenne drewno, Muela szczyci si\u0119 oferowaniem zar\u00f3wno wsp\u00f3\u0142czesnych, jak i klasycznych wzor\u00f3w, podtrzymuj\u0105c przy \u017cyciu hiszpa\u0144sk\u0105 tradycj\u0119 rzemios\u0142a. Scyzoryk NAVAL-10M.OL to wyra\u017any przyk\u0142ad przywi\u0105zania firmy Muela do jako\u015bci i wykonania oraz wyboru, kt\u00f3ry nie zawiedzie.<\/p>\n<p>Materia\u0142 ostrza: X50CrMoV15<br \/>\nMateria\u0142 r\u0119koje\u015bci: drewno<br \/>\nD\u0142ugo\u015b\u0107 ostrza: 10 cm<br \/>\nD\u0142ugo\u015b\u0107 ca\u0142kowita: 21,5 cm<br \/>\nD\u0142ugo\u015b\u0107 r\u0105czki: 11,5 cm<br \/>\nWaga: 120 g<br \/>\nTyp ostrza: Drop Point<\/p>\n<p>&nbsp;<\/p>\n","protected":false},"excerpt":{"rendered":"<p><strong>Odkryj scyzoryk NAVAL-10M.OL marki Muel, autentyczn\u0105 pere\u0142k\u0119 wiod\u0105cej hiszpa\u0144skiej marki w dziedzinie no\u017cy rzemie\u015blniczych i no\u017cy sk\u0142adanych! Dzi\u0119ki wyj\u0105tkowej konstrukcji i funkcjom klasy premium n\u00f3\u017c ten wyr\u00f3\u017cnia si\u0119 jako narz\u0119dzie, kt\u00f3re trzeba mie\u0107.<\/strong><\/p>\n","protected":false},"featured_media":350324,"comment_status":"open","ping_status":"closed","template":"","meta":[],"pwb-brand":[3912],"product_brand":[],"product_cat":[3296,3307],"product_tag":[3671],"class_list":{"0":"post-350332","1":"product","2":"type-product","3":"status-publish","4":"has-post-thumbnail","6":"pwb-brand-musiala","7":"product_cat-noze-pl","8":"product_cat-zamykanie-nozy","9":"product_tag-b2b-pl","11":"first","12":"outofstock","13":"taxable","14":"shipping-taxable","15":"purchasable","16":"product-type-simple"},"brands":[{"id":3912,"name":"Musia\u0142a","slug":"musiala"}],"_links":{"self":[{"href":"https:\/\/www.moskito.cz\/pl\/wp-json\/wp\/v2\/product\/350332","targetHints":{"allow":["GET"]}}],"collection":[{"href":"https:\/\/www.moskito.cz\/pl\/wp-json\/wp\/v2\/product"}],"about":[{"href":"https:\/\/www.moskito.cz\/pl\/wp-json\/wp\/v2\/types\/product"}],"replies":[{"embeddable":true,"href":"https:\/\/www.moskito.cz\/pl\/wp-json\/wp\/v2\/comments?post=350332"}],"wp:featuredmedia":[{"embeddable":true,"href":"https:\/\/www.moskito.cz\/pl\/wp-json\/wp\/v2\/media\/350324"}],"wp:attachment":[{"href":"https:\/\/www.moskito.cz\/pl\/wp-json\/wp\/v2\/media?parent=350332"}],"wp:term":[{"taxonomy":"pwb-brand","embeddable":true,"href":"https:\/\/www.moskito.cz\/pl\/wp-json\/wp\/v2\/pwb-brand?post=350332"},{"taxonomy":"product_brand","embeddable":true,"href":"https:\/\/www.moskito.cz\/pl\/wp-json\/wp\/v2\/product_brand?post=350332"},{"taxonomy":"product_cat","embeddable":true,"href":"https:\/\/www.moskito.cz\/pl\/wp-json\/wp\/v2\/product_cat?post=350332"},{"taxonomy":"product_tag","embeddable":true,"href":"https:\/\/www.moskito.cz\/pl\/wp-json\/wp\/v2\/product_tag?post=350332"}],"curies":[{"name":"wp","href":"https:\/\/api.w.org\/{rel}","templated":true}]}}