{"id":350387,"date":"2024-07-10T09:15:00","date_gmt":"2024-07-10T08:17:29","guid":{"rendered":"https:\/\/www.moskito.cz\/produkt\/noz-skladany-muela-z-etui-pq-9-ol\/"},"modified":"2025-05-07T11:20:15","modified_gmt":"2025-05-07T10:20:15","slug":"noz-skladany-muela-z-etui-pq-9-ol","status":"publish","type":"product","link":"https:\/\/www.moskito.cz\/pl\/produkt\/noz-skladany-muela-z-etui-pq-9-ol\/","title":{"rendered":"N\u00f3\u017c zamykany Muela z etui PQ-9.OL"},"content":{"rendered":"<p>N\u00f3\u017c zamykany <strong>Muela<\/strong> z etui PQ-9.OL<\/p>\n<p>Scyzoryk wyprodukowany w Hiszpanii przez firm\u0119 MUELA z ostrzem Mova ze stali nierdzewnej i systemem blokuj\u0105cym, niklowo-srebrn\u0105 tulej\u0105 i drewnem oliwnym.<\/p>\n<p>Wyprodukowane w Hiszpanii.<br \/>\nTyp ostrza: my\u015bliwskie.<br \/>\nD\u0142ugo\u015b\u0107 ostrza: 10 cm.<br \/>\nD\u0142ugo\u015b\u0107 ca\u0142kowita: 21,5 cm.<br \/>\nGrubo\u015b\u0107 ostrza: 2 mm.<br \/>\nOtwieranie: r\u0119czne.<br \/>\nMateria\u0142 ostrza: stal MoVa.<br \/>\nTyp zamka: Billet.<br \/>\nTwardo\u015b\u0107: 58 HRc.<br \/>\nMateria\u0142 r\u0119koje\u015bci: Naturalne drewno oliwne.<br \/>\nWaga: 105 gr.<br \/>\nMateria\u0142 pokrycia: Cordura.<br \/>\nStyl ostrza: Clip Point.<br \/>\nModel ostro\u015bci: prosty.<br \/>\nObr\u00f3bka powierzchni ostrza: satyna.<br \/>\nTyp kraw\u0119dzi: P\u0142aska.<br \/>\nD\u0142ugo\u015b\u0107 r\u0105czki: 11,5 cm.<br \/>\nKolor r\u0119koje\u015bci: dwukolorowy.<\/p>\n<p>&nbsp;<\/p>\n<p>&nbsp;<\/p>\n<p>&nbsp;<\/p>\n","protected":false},"excerpt":{"rendered":"<p><strong>Pi\u0119kny, smuk\u0142y n\u00f3\u017c sk\u0142adany Muela PQ 9 OL, ze sprz\u0119tem z alpaki, r\u0119koje\u015bciami z drewna oliwnego, zabezpieczeniem i nylonow\u0105 pochw\u0105.<\/strong><\/p>\n","protected":false},"featured_media":350341,"comment_status":"open","ping_status":"closed","template":"","meta":[],"pwb-brand":[3912],"product_brand":[],"product_cat":[3296,3307],"product_tag":[3671],"class_list":{"0":"post-350387","1":"product","2":"type-product","3":"status-publish","4":"has-post-thumbnail","6":"pwb-brand-musiala","7":"product_cat-noze-pl","8":"product_cat-zamykanie-nozy","9":"product_tag-b2b-pl","11":"first","12":"instock","13":"taxable","14":"shipping-taxable","15":"purchasable","16":"product-type-simple"},"brands":[{"id":3912,"name":"Musia\u0142a","slug":"musiala"}],"_links":{"self":[{"href":"https:\/\/www.moskito.cz\/pl\/wp-json\/wp\/v2\/product\/350387","targetHints":{"allow":["GET"]}}],"collection":[{"href":"https:\/\/www.moskito.cz\/pl\/wp-json\/wp\/v2\/product"}],"about":[{"href":"https:\/\/www.moskito.cz\/pl\/wp-json\/wp\/v2\/types\/product"}],"replies":[{"embeddable":true,"href":"https:\/\/www.moskito.cz\/pl\/wp-json\/wp\/v2\/comments?post=350387"}],"wp:featuredmedia":[{"embeddable":true,"href":"https:\/\/www.moskito.cz\/pl\/wp-json\/wp\/v2\/media\/350341"}],"wp:attachment":[{"href":"https:\/\/www.moskito.cz\/pl\/wp-json\/wp\/v2\/media?parent=350387"}],"wp:term":[{"taxonomy":"pwb-brand","embeddable":true,"href":"https:\/\/www.moskito.cz\/pl\/wp-json\/wp\/v2\/pwb-brand?post=350387"},{"taxonomy":"product_brand","embeddable":true,"href":"https:\/\/www.moskito.cz\/pl\/wp-json\/wp\/v2\/product_brand?post=350387"},{"taxonomy":"product_cat","embeddable":true,"href":"https:\/\/www.moskito.cz\/pl\/wp-json\/wp\/v2\/product_cat?post=350387"},{"taxonomy":"product_tag","embeddable":true,"href":"https:\/\/www.moskito.cz\/pl\/wp-json\/wp\/v2\/product_tag?post=350387"}],"curies":[{"name":"wp","href":"https:\/\/api.w.org\/{rel}","templated":true}]}}