{"id":350404,"date":"2024-07-10T09:27:45","date_gmt":"2024-07-10T08:33:01","guid":{"rendered":"https:\/\/www.moskito.cz\/produkt\/noz-zamykajacy-muela-np-8-ol\/"},"modified":"2025-05-07T11:20:17","modified_gmt":"2025-05-07T10:20:17","slug":"noz-zamykajacy-muela-np-8-ol","status":"publish","type":"product","link":"https:\/\/www.moskito.cz\/pl\/produkt\/noz-zamykajacy-muela-np-8-ol\/","title":{"rendered":"N\u00f3\u017c zamykaj\u0105cy Muela NP-8.OL"},"content":{"rendered":"<p>N\u00f3\u017c zamykaj\u0105cy <strong>Muela<\/strong> NP-8.OL<\/p>\n<p>Promuj si\u0119 w \u015bwiecie \u0142owiectwa z Navaja Caza i Campo de Muela, arcydzie\u0142em hiszpa\u0144skiego domu Muela. Wykonany z precyzj\u0105 i pasj\u0105 n\u00f3\u017c ten sta\u0142 si\u0119 symbolem hiszpa\u0144skiego rzemios\u0142a.<\/p>\n<p>Wyr\u00f3\u017cniaj\u0105ce si\u0119 cechy:<\/p>\n<p>Ostrze: Stal nierdzewna MoVa X50CrMoV15 (8,5 cm, grubo\u015b\u0107 2 mm) z Dureza 57-58 Hrc<br \/>\nSystem zamykania: Pi\u00f3ro t\u0142okowe zapewniaj\u0105ce maksymalne bezpiecze\u0144stwo i \u0142atwo\u015b\u0107 obs\u0142ugi<br \/>\nR\u0119koje\u015b\u0107: Widelec ze stali nierdzewnej z drewna oliwnego i jaskinia ozdobiona \u0107m\u0105<br \/>\nDane techniczne: D\u0142ugo\u015b\u0107 ca\u0142kowita: 19,5 cm<\/p>\n<p>Ka\u017cdy aspekt tego no\u017ca zosta\u0142 starannie wykonany, od wysokiej jako\u015bci ostrza ze stali nierdzewnej po oliwkow\u0105 r\u0119koje\u015b\u0107, kt\u00f3ra nie tylko zapewnia pewny chwyt, ale tak\u017ce dodaje elegancji temu niezb\u0119dnemu narz\u0119dziu.<\/p>\n<p>Odkryj idealn\u0105 r\u00f3wnowag\u0119 pomi\u0119dzy tradycj\u0105 i wydajno\u015bci\u0105. Navaja Caza i Campo de Muela to co\u015b wi\u0119cej ni\u017c tylko narz\u0119dzie; jest symbolem niezachwianego przywi\u0105zania do jako\u015bci. Zdob\u0105d\u017a sw\u00f3j i no\u015b ze sob\u0105 esencj\u0119 hiszpa\u0144skiego rzemios\u0142a.<\/p>\n<p>&nbsp;<\/p>\n<p>&nbsp;<\/p>\n","protected":false},"excerpt":{"rendered":"<p><strong>Odkryj idealn\u0105 r\u00f3wnowag\u0119 pomi\u0119dzy tradycj\u0105 i wydajno\u015bci\u0105. Navaja Caza i Campo de Muela to co\u015b wi\u0119cej ni\u017c tylko narz\u0119dzie; jest symbolem niezachwianego przywi\u0105zania do jako\u015bci. Zdob\u0105d\u017a sw\u00f3j i no\u015b ze sob\u0105 esencj\u0119 hiszpa\u0144skiego rzemios\u0142a.<\/strong><\/p>\n","protected":false},"featured_media":350397,"comment_status":"open","ping_status":"closed","template":"","meta":[],"pwb-brand":[3912],"product_brand":[],"product_cat":[3296,3307],"product_tag":[3671],"class_list":{"0":"post-350404","1":"product","2":"type-product","3":"status-publish","4":"has-post-thumbnail","6":"pwb-brand-musiala","7":"product_cat-noze-pl","8":"product_cat-zamykanie-nozy","9":"product_tag-b2b-pl","11":"first","12":"outofstock","13":"taxable","14":"shipping-taxable","15":"purchasable","16":"product-type-simple"},"brands":[{"id":3912,"name":"Musia\u0142a","slug":"musiala"}],"_links":{"self":[{"href":"https:\/\/www.moskito.cz\/pl\/wp-json\/wp\/v2\/product\/350404","targetHints":{"allow":["GET"]}}],"collection":[{"href":"https:\/\/www.moskito.cz\/pl\/wp-json\/wp\/v2\/product"}],"about":[{"href":"https:\/\/www.moskito.cz\/pl\/wp-json\/wp\/v2\/types\/product"}],"replies":[{"embeddable":true,"href":"https:\/\/www.moskito.cz\/pl\/wp-json\/wp\/v2\/comments?post=350404"}],"wp:featuredmedia":[{"embeddable":true,"href":"https:\/\/www.moskito.cz\/pl\/wp-json\/wp\/v2\/media\/350397"}],"wp:attachment":[{"href":"https:\/\/www.moskito.cz\/pl\/wp-json\/wp\/v2\/media?parent=350404"}],"wp:term":[{"taxonomy":"pwb-brand","embeddable":true,"href":"https:\/\/www.moskito.cz\/pl\/wp-json\/wp\/v2\/pwb-brand?post=350404"},{"taxonomy":"product_brand","embeddable":true,"href":"https:\/\/www.moskito.cz\/pl\/wp-json\/wp\/v2\/product_brand?post=350404"},{"taxonomy":"product_cat","embeddable":true,"href":"https:\/\/www.moskito.cz\/pl\/wp-json\/wp\/v2\/product_cat?post=350404"},{"taxonomy":"product_tag","embeddable":true,"href":"https:\/\/www.moskito.cz\/pl\/wp-json\/wp\/v2\/product_tag?post=350404"}],"curies":[{"name":"wp","href":"https:\/\/api.w.org\/{rel}","templated":true}]}}