{"id":350436,"date":"2024-07-10T09:44:05","date_gmt":"2024-07-10T08:45:36","guid":{"rendered":"https:\/\/www.moskito.cz\/produkt\/noz-muela-z-pokrowcem-npq-8gr\/"},"modified":"2025-05-07T11:20:18","modified_gmt":"2025-05-07T10:20:18","slug":"noz-muela-z-pokrowcem-npq-8gr","status":"publish","type":"product","link":"https:\/\/www.moskito.cz\/pl\/produkt\/noz-muela-z-pokrowcem-npq-8gr\/","title":{"rendered":"N\u00f3\u017c Muela z pokrowcem NPQ-8GR"},"content":{"rendered":"<p>N\u00f3\u017c <strong>Muela<\/strong> z pokrowcem NPQ-8GR<\/p>\n<p>Scyzoryk <strong>Muela<\/strong> Folding Knife Type NPQ-8GR to doskona\u0142y scyzoryk, idealny dla kolekcjoner\u00f3w i mi\u0142o\u015bnik\u00f3w no\u017cy. Scyzoryk to niezwykle wszechstronne akcesorium, charakteryzuj\u0105ce si\u0119 wi\u0119ksz\u0105 przeno\u015bno\u015bci\u0105 i szybkim otwieraniem ostrza, idealne do r\u00f3\u017cnych zastosowa\u0144 o wielu zastosowaniach, w tym do przetrwania. S\u0105 sk\u0142adane, dzi\u0119ki czemu transport jest \u0142atwy i bezpieczny, poniewa\u017c ostrze jest chronione.<\/p>\n<p>R\u0119koje\u015b\u0107 scyzoryka Muela Folding Knife NPQ-8GR wykonana jest z drewna granadillo, naturalnego materia\u0142u i \u017cywicy, poddanej dzia\u0142aniu wysokiego ci\u015bnienia i temperatury. Dzi\u0119ki temu drewno staje si\u0119 g\u0119stsze, twardsze i bardziej odporne na dzia\u0142anie wody.<\/p>\n<p>Jego ostrze wykonane jest z X50CrMoV15 \u201eMOVA\u201d (1.4116), klasycznego materia\u0142u w no\u017cach i scyzorykach Muela, kt\u00f3ry stanowi doskona\u0142e po\u0142\u0105czenie molibdenu i wanadu, tworz\u0105c stal o doskona\u0142ej twardo\u015bci i odporno\u015bci na korozj\u0119.<\/p>\n<p>Charakterystyka techniczna:<\/p>\n<p>Kod: NPQ-8GR<br \/>\nMarka: Muela<br \/>\nModel: Scyzoryk NPQ-8GR<br \/>\nMateria\u0142 r\u0119koje\u015bci: drewno Granadillo<br \/>\nMateria\u0142 ostrza: 1.4116<br \/>\nD\u0142ugo\u015b\u0107 ostrza: 8,5 cm<br \/>\nD\u0142ugo\u015b\u0107 ca\u0142kowita: 19,5 mm<br \/>\nTwardo\u015b\u0107 stali: 56 &#8211; 58 HRC<br \/>\nWaga: 100 g<\/p>\n<p>&nbsp;<\/p>\n","protected":false},"excerpt":{"rendered":"<p><strong>Scyzoryk Muela Folding Knife Type NPQ-8GR to doskona\u0142y scyzoryk, idealny dla kolekcjoner\u00f3w i mi\u0142o\u015bnik\u00f3w no\u017cy.<\/strong><\/p>\n","protected":false},"featured_media":350421,"comment_status":"open","ping_status":"closed","template":"","meta":[],"pwb-brand":[3912],"product_brand":[],"product_cat":[3296,3307],"product_tag":[3671],"class_list":{"0":"post-350436","1":"product","2":"type-product","3":"status-publish","4":"has-post-thumbnail","6":"pwb-brand-musiala","7":"product_cat-noze-pl","8":"product_cat-zamykanie-nozy","9":"product_tag-b2b-pl","11":"first","12":"outofstock","13":"taxable","14":"shipping-taxable","15":"purchasable","16":"product-type-simple"},"brands":[{"id":3912,"name":"Musia\u0142a","slug":"musiala"}],"_links":{"self":[{"href":"https:\/\/www.moskito.cz\/pl\/wp-json\/wp\/v2\/product\/350436","targetHints":{"allow":["GET"]}}],"collection":[{"href":"https:\/\/www.moskito.cz\/pl\/wp-json\/wp\/v2\/product"}],"about":[{"href":"https:\/\/www.moskito.cz\/pl\/wp-json\/wp\/v2\/types\/product"}],"replies":[{"embeddable":true,"href":"https:\/\/www.moskito.cz\/pl\/wp-json\/wp\/v2\/comments?post=350436"}],"wp:featuredmedia":[{"embeddable":true,"href":"https:\/\/www.moskito.cz\/pl\/wp-json\/wp\/v2\/media\/350421"}],"wp:attachment":[{"href":"https:\/\/www.moskito.cz\/pl\/wp-json\/wp\/v2\/media?parent=350436"}],"wp:term":[{"taxonomy":"pwb-brand","embeddable":true,"href":"https:\/\/www.moskito.cz\/pl\/wp-json\/wp\/v2\/pwb-brand?post=350436"},{"taxonomy":"product_brand","embeddable":true,"href":"https:\/\/www.moskito.cz\/pl\/wp-json\/wp\/v2\/product_brand?post=350436"},{"taxonomy":"product_cat","embeddable":true,"href":"https:\/\/www.moskito.cz\/pl\/wp-json\/wp\/v2\/product_cat?post=350436"},{"taxonomy":"product_tag","embeddable":true,"href":"https:\/\/www.moskito.cz\/pl\/wp-json\/wp\/v2\/product_tag?post=350436"}],"curies":[{"name":"wp","href":"https:\/\/api.w.org\/{rel}","templated":true}]}}