{"id":350449,"date":"2023-08-09T07:48:57","date_gmt":"2024-07-10T08:52:22","guid":{"rendered":"https:\/\/www.moskito.cz\/produkt\/noz-zamykajacy-muela-bx-8-th\/"},"modified":"2025-05-07T11:20:19","modified_gmt":"2025-05-07T10:20:19","slug":"noz-zamykajacy-muela-bx-8-th","status":"publish","type":"product","link":"https:\/\/www.moskito.cz\/pl\/produkt\/noz-zamykajacy-muela-bx-8-th\/","title":{"rendered":"N\u00f3\u017c zamykaj\u0105cy Muela BX-8.TH"},"content":{"rendered":"<p>N\u00f3\u017c zamykaj\u0105cy <strong>Muela<\/strong> BX-8.TH<\/p>\n<p>Brzytwa domu Muela Limited i numerowana edycja 999 sztuk dla ca\u0142ego \u015bwiata z okazji 60. rocznicy. rocznica.<\/p>\n<p>Ten kawa\u0142ek nale\u017cy do nr. 792 \/ 999 .<\/p>\n<p>Ostrze wykonano ze stali nierdzewnej MoVa 1.4116.<\/p>\n<p>System blokady ostrza LockBack<\/p>\n<p>R\u0119koje\u015b\u0107 po\u0142\u0105czona z niklowo-srebrn\u0105 tulej\u0105 z mozaikowym trzpieniem z czerwonymi przek\u0142adkami i pi\u0119knymi \u0142uskami korzenia klonu ameryka\u0144skiego<\/p>\n<p>Do golarki do\u0142\u0105czone jest etui prezentacyjne i certyfikat akredytacji.<\/p>\n<p>&nbsp;<\/p>\n<p>D\u0142ugo\u015b\u0107 ostrza: 8,5 cm<\/p>\n<p>D\u0142ugo\u015b\u0107 ca\u0142kowita: 18,5 cm<\/p>\n<p>Grubo\u015b\u0107: 2,5 mm<\/p>\n<p>Waga: 150 gram\u00f3w<\/p>\n<p>Ostrze: stal MoVa 1.4116<\/p>\n<p>\u0141uski: korze\u0144 klonu ameryka\u0144skiego<\/p>\n<p>Tuleja: niklowo-srebrna z mozaik\u0105<\/p>\n<p>Wyprodukowane przez firm\u0119 Muela Manufacturing.<\/p>\n<p>&nbsp;<\/p>\n<p>&nbsp;<\/p>\n","protected":false},"excerpt":{"rendered":"<p><strong>Limitowana i numerowana edycja 999 sztuk dla ca\u0142ego \u015bwiata z okazji 60. rocznicy. rocznica.<\/strong><\/p>\n","protected":false},"featured_media":350450,"comment_status":"open","ping_status":"closed","template":"","meta":[],"pwb-brand":[3912],"product_brand":[],"product_cat":[3296,3307],"product_tag":[3671],"class_list":{"0":"post-350449","1":"product","2":"type-product","3":"status-publish","4":"has-post-thumbnail","6":"pwb-brand-musiala","7":"product_cat-noze-pl","8":"product_cat-zamykanie-nozy","9":"product_tag-b2b-pl","11":"first","12":"instock","13":"taxable","14":"shipping-taxable","15":"purchasable","16":"product-type-simple"},"brands":[{"id":3912,"name":"Musia\u0142a","slug":"musiala"}],"_links":{"self":[{"href":"https:\/\/www.moskito.cz\/pl\/wp-json\/wp\/v2\/product\/350449","targetHints":{"allow":["GET"]}}],"collection":[{"href":"https:\/\/www.moskito.cz\/pl\/wp-json\/wp\/v2\/product"}],"about":[{"href":"https:\/\/www.moskito.cz\/pl\/wp-json\/wp\/v2\/types\/product"}],"replies":[{"embeddable":true,"href":"https:\/\/www.moskito.cz\/pl\/wp-json\/wp\/v2\/comments?post=350449"}],"wp:featuredmedia":[{"embeddable":true,"href":"https:\/\/www.moskito.cz\/pl\/wp-json\/wp\/v2\/media\/350450"}],"wp:attachment":[{"href":"https:\/\/www.moskito.cz\/pl\/wp-json\/wp\/v2\/media?parent=350449"}],"wp:term":[{"taxonomy":"pwb-brand","embeddable":true,"href":"https:\/\/www.moskito.cz\/pl\/wp-json\/wp\/v2\/pwb-brand?post=350449"},{"taxonomy":"product_brand","embeddable":true,"href":"https:\/\/www.moskito.cz\/pl\/wp-json\/wp\/v2\/product_brand?post=350449"},{"taxonomy":"product_cat","embeddable":true,"href":"https:\/\/www.moskito.cz\/pl\/wp-json\/wp\/v2\/product_cat?post=350449"},{"taxonomy":"product_tag","embeddable":true,"href":"https:\/\/www.moskito.cz\/pl\/wp-json\/wp\/v2\/product_tag?post=350449"}],"curies":[{"name":"wp","href":"https:\/\/api.w.org\/{rel}","templated":true}]}}