{"id":350476,"date":"2023-07-12T13:06:36","date_gmt":"2024-07-10T08:58:03","guid":{"rendered":"https:\/\/www.moskito.cz\/produkt\/naprawiono-noz-muela-crusader-13m-n\/"},"modified":"2025-05-07T11:20:20","modified_gmt":"2025-05-07T10:20:20","slug":"naprawiono-noz-muela-crusader-13m-n","status":"publish","type":"product","link":"https:\/\/www.moskito.cz\/pl\/produkt\/naprawiono-noz-muela-crusader-13m-n\/","title":{"rendered":"Naprawiono n\u00f3\u017c Muela CRUSADER-13M.N"},"content":{"rendered":"<p>Naprawiono n\u00f3\u017c <strong>Muela<\/strong> CRUSADER-13M.N<\/p>\n<p>CRUSADER-13M.N, du\u017cy, wytrzyma\u0142y n\u00f3\u017c skierowany do mi\u0142o\u015bnik\u00f3w outdooru i survivalu. Idealnie wywa\u017cona konstrukcja typu full tang z ostrzem ze stali nierdzewnej zapewnia doskona\u0142\u0105 wydajno\u015b\u0107 ci\u0119cia. Narz\u0119dzie, kt\u00f3re sprawdzi si\u0119 w najr\u00f3\u017cniejszych zastosowaniach!<br \/>\nStal<\/p>\n<p>1.4116, X50CrMoV15 &#8211; stal molibdenowo-wanadowa stosowana na wysokiej klasy no\u017ce, sztu\u0107ce i narz\u0119dzia chirurgiczne. Charakteryzuje si\u0119 stosunkowo du\u017c\u0105 twardo\u015bci\u0105 jak stale nierdzewne. Odporny na korozj\u0119 w warunkach kuchennych. Jest zalecan\u0105 alternatyw\u0105 dla 1.4034 \/ X46Cr13 \/ 4H13. Sk\u0142ad chemiczny wzbogacony jest zawarto\u015bci\u0105 chromu, dodatkami molibdenu i wanadu.<br \/>\nOstrze<\/p>\n<p>Niezwykle ostry kszta\u0142t Drop Point, idealny do wszystkich rodzaj\u00f3w prac w terenie. Czarna pow\u0142oka PTFE na ostrzu zapobiega odblaskom. Ostrze g\u0142adkie typu Hollow Grind zapewnia ni\u017csz\u0105 wag\u0119 i doskona\u0142\u0105 wydajno\u015b\u0107 ci\u0119cia. Du\u017cy notch u\u0142atwia ustawianie ostro\u015bci. Ty\u0142 g\u0142owni posiada rade\u0142kowan\u0105 ramp\u0119 palcow\u0105 (jimping) dla lepszej kontroli no\u017ca.<br \/>\nUchwyt<\/p>\n<p>Wykonane z czarnej micarty (sprasowanego p\u0142\u00f3tna z \u017cywic\u0105 syntetyczn\u0105). Sko\u015bne kraw\u0119dzie os\u0142on eliminuj\u0105 ostre kraw\u0119dzie, zapewniaj\u0105c wygodny chwyt. Os\u0142ony przykr\u0119cono bezpo\u015brednio do jarzma, dzi\u0119ki czemu ca\u0142a konstrukcja jest bardzo sztywna i trwa\u0142a. Wyprofilowana r\u0119koje\u015b\u0107 zapewnia dobr\u0105 kontrol\u0119 nad no\u017cem. Z ty\u0142u znajduje si\u0119 otw\u00f3r na smycz, otw\u00f3r na smycz zabezpieczaj\u0105c\u0105 lub ozdobn\u0105.<br \/>\nPochwa miecza<\/p>\n<p>Szyte r\u0119cznie, ze sk\u00f3ry naturalnej w kolorze czarnym z t\u0142oczonym logo producenta. Montowany jest na pasku lub na urz\u0105dzeniu umo\u017cliwiaj\u0105cym noszenie no\u017ca w pozycji pionowej lub poziomej.<\/p>\n<p>Grupa Muela jest obecnie jedn\u0105 z wiod\u0105cych firm w dziedzinie r\u0119cznie robionych no\u017cy my\u015bliwskich w Hiszpanii i na \u015bwiecie, a jej no\u017ce i scyzoryki s\u0105 wysoko cenione za najwy\u017csz\u0105 jako\u015b\u0107 wykonania.<br \/>\nDane techniczne:<\/p>\n<p>Numer produktu: CRUSADER-13M.N<br \/>\nNazwa produktu: CRUSADER-13M.N Full Tang Micarta Black 130mm<\/p>\n<p>D\u0142ugo\u015b\u0107 ca\u0142kowita: 25 cm<br \/>\nD\u0142ugo\u015b\u0107 ostrza: 12,5 cm<br \/>\nD\u0142ugo\u015b\u0107 r\u0105czki: 12,5 cm<br \/>\nWaga: 293,0 g \/ 10,3 uncji<\/p>\n<p>Materia\u0142 ostrza: X50CrMoV15<br \/>\nTwardo\u015b\u0107 ostrza: b.d<br \/>\nSzlifowanie ostrzy: puste<br \/>\nObr\u00f3bka powierzchni ostrza: pow\u0142oka PTFE<\/p>\n<p>Materia\u0142 r\u0119koje\u015bci: Micarta<br \/>\nKolor wyko\u0144czenia uchwytu: czarny<\/p>\n<p>Pochwa (kabura): Sk\u00f3ra<br \/>\nPozosta\u0142e akcesoria: Paracord pomara\u0144czowy<\/p>\n<p>Projektant: Muela<br \/>\nNazwa marki: Muela<br \/>\nProducent: Muela, Hiszpania<br \/>\nKraj pochodzenia: Hiszpania<\/p>\n<p>&nbsp;<\/p>\n","protected":false},"excerpt":{"rendered":"<p><strong>CRUSADER-13M.N, du\u017cy, wytrzyma\u0142y n\u00f3\u017c skierowany do mi\u0142o\u015bnik\u00f3w outdooru i survivalu.<\/strong><\/p>\n","protected":false},"featured_media":350477,"comment_status":"open","ping_status":"closed","template":"","meta":[],"pwb-brand":[3912],"product_brand":[],"product_cat":[3296,3297],"product_tag":[3671],"class_list":{"0":"post-350476","1":"product","2":"type-product","3":"status-publish","4":"has-post-thumbnail","6":"pwb-brand-musiala","7":"product_cat-noze-pl","8":"product_cat-solidne-noze","9":"product_tag-b2b-pl","11":"first","12":"instock","13":"taxable","14":"shipping-taxable","15":"purchasable","16":"product-type-simple"},"brands":[{"id":3912,"name":"Musia\u0142a","slug":"musiala"}],"_links":{"self":[{"href":"https:\/\/www.moskito.cz\/pl\/wp-json\/wp\/v2\/product\/350476","targetHints":{"allow":["GET"]}}],"collection":[{"href":"https:\/\/www.moskito.cz\/pl\/wp-json\/wp\/v2\/product"}],"about":[{"href":"https:\/\/www.moskito.cz\/pl\/wp-json\/wp\/v2\/types\/product"}],"replies":[{"embeddable":true,"href":"https:\/\/www.moskito.cz\/pl\/wp-json\/wp\/v2\/comments?post=350476"}],"wp:featuredmedia":[{"embeddable":true,"href":"https:\/\/www.moskito.cz\/pl\/wp-json\/wp\/v2\/media\/350477"}],"wp:attachment":[{"href":"https:\/\/www.moskito.cz\/pl\/wp-json\/wp\/v2\/media?parent=350476"}],"wp:term":[{"taxonomy":"pwb-brand","embeddable":true,"href":"https:\/\/www.moskito.cz\/pl\/wp-json\/wp\/v2\/pwb-brand?post=350476"},{"taxonomy":"product_brand","embeddable":true,"href":"https:\/\/www.moskito.cz\/pl\/wp-json\/wp\/v2\/product_brand?post=350476"},{"taxonomy":"product_cat","embeddable":true,"href":"https:\/\/www.moskito.cz\/pl\/wp-json\/wp\/v2\/product_cat?post=350476"},{"taxonomy":"product_tag","embeddable":true,"href":"https:\/\/www.moskito.cz\/pl\/wp-json\/wp\/v2\/product_tag?post=350476"}],"curies":[{"name":"wp","href":"https:\/\/api.w.org\/{rel}","templated":true}]}}