{"id":350504,"date":"2023-07-13T10:20:41","date_gmt":"2023-07-13T09:20:41","guid":{"rendered":"https:\/\/www.moskito.cz\/produkt\/naprawiono-noz-muela-5161-m\/"},"modified":"2025-05-07T11:20:21","modified_gmt":"2025-05-07T10:20:21","slug":"naprawiono-noz-muela-5161-m","status":"publish","type":"product","link":"https:\/\/www.moskito.cz\/pl\/produkt\/naprawiono-noz-muela-5161-m\/","title":{"rendered":"Naprawiono n\u00f3\u017c Muela 5161-M"},"content":{"rendered":"<p>Naprawiono n\u00f3\u017c <strong>Muela<\/strong> 5161-M<\/p>\n<p>N\u00f3\u017c sportowy Muela 5161-M. Muela to hiszpa\u0144ska marka znana na ca\u0142ym \u015bwiecie i uznawana za jedn\u0105 z najbardziej znanych. Wszystkie no\u017ce s\u0105 projektowane i produkowane przy u\u017cyciu zaawansowanych technologicznie koncepcji, kt\u00f3re \u0142\u0105cz\u0105 w sobie wykorzystanie surowc\u00f3w wyj\u0105tkowej jako\u015bci, od stali u\u017cytej w ostrzu po wyko\u0144czenie. S\u0105 uwa\u017cane za najwy\u017cszej klasy i wykonane wed\u0142ug ekskluzywnego projektu renomowanych no\u017cy, co zapewnia pi\u0119kn\u0105 estetyk\u0119 i super funkcjonalno\u015b\u0107. Bardzo wa\u017cnym szczeg\u00f3\u0142em jest to, \u017ce wszystkie elementy, cho\u0107 produkowane na skal\u0119 przemys\u0142ow\u0105, s\u0105 wyka\u0144czane r\u0119cznie przy u\u017cyciu niezb\u0119dnego minimum narz\u0119dzi przemys\u0142owych. Idealny wyb\u00f3r dla kolekcjoner\u00f3w, mi\u0142o\u015bnik\u00f3w no\u017cy lub prostych u\u017cytkownik\u00f3w poszukuj\u0105cych narz\u0119dzi wysokiej jako\u015bci.<\/p>\n<p>Specyfikacja techniczna:<\/p>\n<p>Model: 5161-M<\/p>\n<p>Rodzaj stali: 420H<\/p>\n<p>Twardo\u015b\u0107: 57-58 HRC<\/p>\n<p>Czarne sk\u00f3rzane etui<\/p>\n<p>R\u0119koje\u015b\u0107: drewno prasowane w kolorze koralowym<\/p>\n<p>D\u0142ugo\u015b\u0107 ostrza: 15,6 cm<\/p>\n<p>D\u0142ugo\u015b\u0107 ca\u0142kowita: 27,5 cm<\/p>\n<p>Waga ca\u0142kowita: 0,360g<\/p>\n<p>&nbsp;<\/p>\n","protected":false},"excerpt":{"rendered":"<p><strong>N\u00f3\u017c sportowy Muela 5161-M. Muela to hiszpa\u0144ska marka znana na ca\u0142ym \u015bwiecie i uznawana za jedn\u0105 z najbardziej znanych.<\/strong><\/p>\n","protected":false},"featured_media":350505,"comment_status":"open","ping_status":"closed","template":"","meta":[],"pwb-brand":[3912],"product_brand":[],"product_cat":[3297,3296],"product_tag":[3671],"class_list":{"0":"post-350504","1":"product","2":"type-product","3":"status-publish","4":"has-post-thumbnail","6":"pwb-brand-musiala","7":"product_cat-solidne-noze","8":"product_cat-noze-pl","9":"product_tag-b2b-pl","11":"first","12":"instock","13":"taxable","14":"shipping-taxable","15":"purchasable","16":"product-type-simple"},"brands":[{"id":3912,"name":"Musia\u0142a","slug":"musiala"}],"_links":{"self":[{"href":"https:\/\/www.moskito.cz\/pl\/wp-json\/wp\/v2\/product\/350504","targetHints":{"allow":["GET"]}}],"collection":[{"href":"https:\/\/www.moskito.cz\/pl\/wp-json\/wp\/v2\/product"}],"about":[{"href":"https:\/\/www.moskito.cz\/pl\/wp-json\/wp\/v2\/types\/product"}],"replies":[{"embeddable":true,"href":"https:\/\/www.moskito.cz\/pl\/wp-json\/wp\/v2\/comments?post=350504"}],"wp:featuredmedia":[{"embeddable":true,"href":"https:\/\/www.moskito.cz\/pl\/wp-json\/wp\/v2\/media\/350505"}],"wp:attachment":[{"href":"https:\/\/www.moskito.cz\/pl\/wp-json\/wp\/v2\/media?parent=350504"}],"wp:term":[{"taxonomy":"pwb-brand","embeddable":true,"href":"https:\/\/www.moskito.cz\/pl\/wp-json\/wp\/v2\/pwb-brand?post=350504"},{"taxonomy":"product_brand","embeddable":true,"href":"https:\/\/www.moskito.cz\/pl\/wp-json\/wp\/v2\/product_brand?post=350504"},{"taxonomy":"product_cat","embeddable":true,"href":"https:\/\/www.moskito.cz\/pl\/wp-json\/wp\/v2\/product_cat?post=350504"},{"taxonomy":"product_tag","embeddable":true,"href":"https:\/\/www.moskito.cz\/pl\/wp-json\/wp\/v2\/product_tag?post=350504"}],"curies":[{"name":"wp","href":"https:\/\/api.w.org\/{rel}","templated":true}]}}