{"id":350561,"date":"2024-07-10T11:54:44","date_gmt":"2024-07-10T10:54:44","guid":{"rendered":"https:\/\/www.moskito.cz\/produkt\/naprawiony-noz-muela-ranger-14-ol\/"},"modified":"2025-05-07T11:20:24","modified_gmt":"2025-05-07T10:20:24","slug":"naprawiony-noz-muela-ranger-14-ol","status":"publish","type":"product","link":"https:\/\/www.moskito.cz\/pl\/produkt\/naprawiony-noz-muela-ranger-14-ol\/","title":{"rendered":"Naprawiony n\u00f3\u017c Muela RANGER-14.OL"},"content":{"rendered":"<p>Naprawiony n\u00f3\u017c <strong>Muela<\/strong> RANGER-14.OL<\/p>\n<p>R\u0119koje\u015b\u0107 wykonana jest z naturalnego drewna oliwnego i posiada mosi\u0119\u017cn\u0105 os\u0142on\u0119, kt\u00f3ra zwi\u0119ksza bezpiecze\u0144stwo i zapobiega ryzyku ze\u015blizgni\u0119cia si\u0119 d\u0142oni w kierunku ostrza podczas u\u017cytkowania. N\u00f3\u017c dostarczany jest wraz z ochronnym sk\u00f3rzanym etui, kt\u00f3re posiada system zamykania z klamr\u0105 oraz zapi\u0119cie na pasek. N\u00f3\u017c wyprodukowany jest w Hiszpanii i ma ca\u0142kowit\u0105 d\u0142ugo\u015b\u0107 27 cm.<\/p>\n<p>Nieruchomo\u015bci:<\/p>\n<p>D\u0142ugo\u015b\u0107 no\u017ca: 27 cm;<br \/>\nD\u0142ugo\u015b\u0107 ostrza: 14,5 cm;<br \/>\nMateria\u0142 ostrza: stal nierdzewna;<br \/>\nmosi\u0119\u017cna pokrywa;<br \/>\nR\u0119koje\u015b\u0107: drewno oliwne;<br \/>\nSk\u00f3rzana walizka;<br \/>\nWyprodukowane w Hiszpanii.<\/p>\n<p>&nbsp;<\/p>\n<p>&nbsp;<\/p>\n","protected":false},"excerpt":{"rendered":"<p><strong>No\u017ce Muela produkowane s\u0105 przez hiszpa\u0144sk\u0105 firm\u0119, kt\u00f3ra produkuje niedrogie i wysokiej jako\u015bci no\u017ce my\u015bliwskie, no\u017ce sk\u0142adane, no\u017ce luksusowe i wiele innych.<\/strong><\/p>\n","protected":false},"featured_media":350546,"comment_status":"open","ping_status":"closed","template":"","meta":[],"pwb-brand":[3912],"product_brand":[],"product_cat":[3297,3296],"product_tag":[3671],"class_list":{"0":"post-350561","1":"product","2":"type-product","3":"status-publish","4":"has-post-thumbnail","6":"pwb-brand-musiala","7":"product_cat-solidne-noze","8":"product_cat-noze-pl","9":"product_tag-b2b-pl","11":"first","12":"instock","13":"taxable","14":"shipping-taxable","15":"purchasable","16":"product-type-simple"},"brands":[{"id":3912,"name":"Musia\u0142a","slug":"musiala"}],"_links":{"self":[{"href":"https:\/\/www.moskito.cz\/pl\/wp-json\/wp\/v2\/product\/350561","targetHints":{"allow":["GET"]}}],"collection":[{"href":"https:\/\/www.moskito.cz\/pl\/wp-json\/wp\/v2\/product"}],"about":[{"href":"https:\/\/www.moskito.cz\/pl\/wp-json\/wp\/v2\/types\/product"}],"replies":[{"embeddable":true,"href":"https:\/\/www.moskito.cz\/pl\/wp-json\/wp\/v2\/comments?post=350561"}],"wp:featuredmedia":[{"embeddable":true,"href":"https:\/\/www.moskito.cz\/pl\/wp-json\/wp\/v2\/media\/350546"}],"wp:attachment":[{"href":"https:\/\/www.moskito.cz\/pl\/wp-json\/wp\/v2\/media?parent=350561"}],"wp:term":[{"taxonomy":"pwb-brand","embeddable":true,"href":"https:\/\/www.moskito.cz\/pl\/wp-json\/wp\/v2\/pwb-brand?post=350561"},{"taxonomy":"product_brand","embeddable":true,"href":"https:\/\/www.moskito.cz\/pl\/wp-json\/wp\/v2\/product_brand?post=350561"},{"taxonomy":"product_cat","embeddable":true,"href":"https:\/\/www.moskito.cz\/pl\/wp-json\/wp\/v2\/product_cat?post=350561"},{"taxonomy":"product_tag","embeddable":true,"href":"https:\/\/www.moskito.cz\/pl\/wp-json\/wp\/v2\/product_tag?post=350561"}],"curies":[{"name":"wp","href":"https:\/\/api.w.org\/{rel}","templated":true}]}}