{"id":350583,"date":"2023-07-13T15:30:58","date_gmt":"2024-07-10T10:59:08","guid":{"rendered":"https:\/\/www.moskito.cz\/produkt\/naprawiono-noz-muela-21733-g\/"},"modified":"2025-05-07T11:20:25","modified_gmt":"2025-05-07T10:20:25","slug":"naprawiono-noz-muela-21733-g","status":"publish","type":"product","link":"https:\/\/www.moskito.cz\/pl\/produkt\/naprawiono-noz-muela-21733-g\/","title":{"rendered":"Naprawiono n\u00f3\u017c Muela 21733-G"},"content":{"rendered":"<p>Naprawiono n\u00f3\u017c <strong>Muela<\/strong> 21733-G<\/p>\n<p>21733-G &#8211; solidny, uniwersalny n\u00f3\u017c taktyczny ze sta\u0142\u0105 kling\u0105, wyprodukowany przez hiszpa\u0144sk\u0105 firm\u0119 Muela, teraz w \u015bwietnym designie! Wykonane ze stali molibdenowo-wanadowej (MoVa). Zbudowany do ka\u017cdej pracy w ka\u017cdych warunkach, nawet w ekstremalnych warunkach.<\/p>\n<p>G\u0142ownia &#8211; masywny n\u00f3\u017c o profilu Bowie o grubo\u015bci 3.9 milimetr\u00f3w, Ostrze pokryto nierefleksyjn\u0105 warstw\u0105 Satin Finish (p\u00f3\u0142mat) eliminuj\u0105c\u0105 odblaski. Wykonane z hartowanej stali nierdzewnej w przedziale 57-58 HRC (X50CrMoV15). Ostrze g\u0142adkie (typ Plain). Stal po obu stronach ostrza, zabezpiecza d\u0142o\u0144 przed wy\u015blizgni\u0119ciem si\u0119 podczas pracy.<\/p>\n<p>R\u0119koje\u015b\u0107 &#8211; profilowana ze strukturowanego elastomeru z tworzywa sztucznego w kolorze czarnym. N\u00f3\u017c nie wy\u015blizguje si\u0119 z d\u0142oni. Mocny i pewny chwyt umo\u017cliwia precyzyjne ruchy pomimo niewielkich wymiar\u00f3w. Z ty\u0142u r\u0119koje\u015bci znajduje si\u0119 otw\u00f3r na lin\u0119.<\/p>\n<p>Etui gwarantuje bezpieczne przenoszenie no\u017ca. Wykonane z naturalnej, czarnej sk\u00f3ry z t\u0142oczonym logo firmy Muela. Pochwa zosta\u0142a na brzegach przeszyta ozdobn\u0105 nici\u0105. W pochwie znajduje si\u0119 mocowanie do paska umo\u017cliwiaj\u0105ce noszenie no\u017ca w pozycji pionowej.<\/p>\n<p>Specyfikacja techniczna:<br \/>\nNumer produktu: 21733G<br \/>\nRodzaj stali: X50CrMoV15<br \/>\nD\u0142ugo\u015b\u0107 ostrza: 16,5 cm<br \/>\nGrubo\u015b\u0107 ostrza: 0,39 cm<br \/>\nD\u0142ugo\u015b\u0107 ca\u0142kowita: 28 cm<br \/>\nWaga: 282 g \/ 9,95 uncji<br \/>\nTyp kraw\u0119dzi: G\u0142adka<br \/>\nTyp ostrza: Bowie<br \/>\nRodzaj ci\u0119cia: Wkl\u0119s\u0142y<br \/>\nMateria\u0142 r\u0119koje\u015bci: Thermorun<br \/>\nPochwa: Sk\u00f3ra<br \/>\nProducent: Muela, Hiszpania<\/p>\n<p>&nbsp;<\/p>\n","protected":false},"excerpt":{"rendered":"<p><strong>21733-G &#8211; solidny, uniwersalny n\u00f3\u017c taktyczny ze sta\u0142\u0105 kling\u0105, wyprodukowany przez hiszpa\u0144sk\u0105 firm\u0119 Muela, teraz w \u015bwietnym designie!<\/strong><\/p>\n","protected":false},"featured_media":350584,"comment_status":"open","ping_status":"closed","template":"","meta":[],"pwb-brand":[3912],"product_brand":[],"product_cat":[3297,3296],"product_tag":[3671],"class_list":{"0":"post-350583","1":"product","2":"type-product","3":"status-publish","4":"has-post-thumbnail","6":"pwb-brand-musiala","7":"product_cat-solidne-noze","8":"product_cat-noze-pl","9":"product_tag-b2b-pl","11":"first","12":"instock","13":"taxable","14":"shipping-taxable","15":"purchasable","16":"product-type-simple"},"brands":[{"id":3912,"name":"Musia\u0142a","slug":"musiala"}],"_links":{"self":[{"href":"https:\/\/www.moskito.cz\/pl\/wp-json\/wp\/v2\/product\/350583","targetHints":{"allow":["GET"]}}],"collection":[{"href":"https:\/\/www.moskito.cz\/pl\/wp-json\/wp\/v2\/product"}],"about":[{"href":"https:\/\/www.moskito.cz\/pl\/wp-json\/wp\/v2\/types\/product"}],"replies":[{"embeddable":true,"href":"https:\/\/www.moskito.cz\/pl\/wp-json\/wp\/v2\/comments?post=350583"}],"wp:featuredmedia":[{"embeddable":true,"href":"https:\/\/www.moskito.cz\/pl\/wp-json\/wp\/v2\/media\/350584"}],"wp:attachment":[{"href":"https:\/\/www.moskito.cz\/pl\/wp-json\/wp\/v2\/media?parent=350583"}],"wp:term":[{"taxonomy":"pwb-brand","embeddable":true,"href":"https:\/\/www.moskito.cz\/pl\/wp-json\/wp\/v2\/pwb-brand?post=350583"},{"taxonomy":"product_brand","embeddable":true,"href":"https:\/\/www.moskito.cz\/pl\/wp-json\/wp\/v2\/product_brand?post=350583"},{"taxonomy":"product_cat","embeddable":true,"href":"https:\/\/www.moskito.cz\/pl\/wp-json\/wp\/v2\/product_cat?post=350583"},{"taxonomy":"product_tag","embeddable":true,"href":"https:\/\/www.moskito.cz\/pl\/wp-json\/wp\/v2\/product_tag?post=350583"}],"curies":[{"name":"wp","href":"https:\/\/api.w.org\/{rel}","templated":true}]}}