{"id":350622,"date":"2024-07-10T12:39:56","date_gmt":"2024-07-10T11:51:29","guid":{"rendered":"https:\/\/www.moskito.cz\/produkt\/naprawiono-noz-muela-predator-14n\/"},"modified":"2025-05-07T11:20:26","modified_gmt":"2025-05-07T10:20:26","slug":"naprawiono-noz-muela-predator-14n","status":"publish","type":"product","link":"https:\/\/www.moskito.cz\/pl\/produkt\/naprawiono-noz-muela-predator-14n\/","title":{"rendered":"Naprawiono n\u00f3\u017c Muela PREDATOR-14N"},"content":{"rendered":"<p>Naprawiono n\u00f3\u017c <strong>Muela<\/strong> PREDATOR-14N<\/p>\n<p>N\u00f3\u017c taktyczny typu full tang z r\u0119koje\u015bci\u0105 CNC z czarnej micarty i pow\u0142ok\u0105 przeciwciern\u0105 PTFE na ostrzu. Sznurek na r\u0105czce.<\/p>\n<p>N\u00f3\u017c ten potwierdza swoj\u0105 staro\u017cytn\u0105 histori\u0119 i dzi\u015b pozostaje nieocenion\u0105 pomoc\u0105 dla wszystkich \u017co\u0142nierzy na ca\u0142ym \u015bwiecie, nie tylko pod wieloma wzgl\u0119dami jako narz\u0119dzie, ale oczywi\u015bcie nie zapominamy o jego niezmierzonej warto\u015bci jako elementu obronnego.<\/p>\n<p>S\u0105 one r\u00f3wnie\u017c w\u0142\u0105czane do ich zaawansowanego i nowoczesnego sprz\u0119tu przez tysi\u0105ce si\u0142 policyjnych reagowania taktycznego na ca\u0142ym \u015bwiecie.<br \/>\nW tym celu Muela ma r\u00f3wnie\u017c do wyboru szerok\u0105 gam\u0119 modeli, \u0142\u0105cz\u0105cych ergonomiczn\u0105 konstrukcj\u0119 ostrza i r\u0119koje\u015bci, najnowocze\u015bniejsze i niezmienne materia\u0142y, a nawet specjaln\u0105 obr\u00f3bk\u0119 powierzchni, aby zapewni\u0107 bezpieczny, trwa\u0142y i wysoce niezawodny n\u00f3\u017c. we wszystkich sytuacjach.<\/p>\n<p>N\u00f3\u017c z ostrzem pokrytym teflonem 140 mm.<\/p>\n<p>Nieruchomo\u015bci:<\/p>\n<p>Stal: X50CrMoV15 (MOVA)<br \/>\nTwardo\u015b\u0107 stali: 57-58 HRC<br \/>\nKszta\u0142t ostrza: D\u0142ugie<br \/>\nChwyty: Czarna Micarta CNC<br \/>\nPochwa: w zestawie czarne sk\u00f3rzane etui<br \/>\nZ pi\u0142\u0105 na plecach<br \/>\nOstrze pokryte pow\u0142ok\u0105 przeciwciern\u0105 PTFE<br \/>\nKonstrukcja no\u017ca: Full Tang<br \/>\nD\u0142ugo\u015b\u0107 ostrza: 14 cm (5 1\/2&#8243;).<br \/>\nD\u0142ugo\u015b\u0107 r\u0105czki: 12,5 cm (5 1\/2&#8243;)<br \/>\nD\u0142ugo\u015b\u0107 ca\u0142kowita: 23,5 m (235 mm)<br \/>\nWaga: 235 gr<br \/>\nWyprodukowane w Hiszpanii<\/p>\n<p>&nbsp;<\/p>\n<p>&nbsp;<\/p>\n","protected":false},"excerpt":{"rendered":"<p><strong>N\u00f3\u017c ten potwierdza swoj\u0105 staro\u017cytn\u0105 histori\u0119 i dzi\u015b pozostaje nieocenion\u0105 pomoc\u0105 dla wszystkich \u017co\u0142nierzy na ca\u0142ym \u015bwiecie, nie tylko pod wieloma wzgl\u0119dami jako narz\u0119dzie, ale oczywi\u015bcie nie zapominamy o jego niezmierzonej warto\u015bci jako elementu obronnego.<\/strong><\/p>\n<p>&nbsp;<\/p>\n","protected":false},"featured_media":350601,"comment_status":"open","ping_status":"closed","template":"","meta":[],"pwb-brand":[3912],"product_brand":[],"product_cat":[3296,3297],"product_tag":[3671],"class_list":{"0":"post-350622","1":"product","2":"type-product","3":"status-publish","4":"has-post-thumbnail","6":"pwb-brand-musiala","7":"product_cat-noze-pl","8":"product_cat-solidne-noze","9":"product_tag-b2b-pl","11":"first","12":"outofstock","13":"taxable","14":"shipping-taxable","15":"purchasable","16":"product-type-simple"},"brands":[{"id":3912,"name":"Musia\u0142a","slug":"musiala"}],"_links":{"self":[{"href":"https:\/\/www.moskito.cz\/pl\/wp-json\/wp\/v2\/product\/350622","targetHints":{"allow":["GET"]}}],"collection":[{"href":"https:\/\/www.moskito.cz\/pl\/wp-json\/wp\/v2\/product"}],"about":[{"href":"https:\/\/www.moskito.cz\/pl\/wp-json\/wp\/v2\/types\/product"}],"replies":[{"embeddable":true,"href":"https:\/\/www.moskito.cz\/pl\/wp-json\/wp\/v2\/comments?post=350622"}],"wp:featuredmedia":[{"embeddable":true,"href":"https:\/\/www.moskito.cz\/pl\/wp-json\/wp\/v2\/media\/350601"}],"wp:attachment":[{"href":"https:\/\/www.moskito.cz\/pl\/wp-json\/wp\/v2\/media?parent=350622"}],"wp:term":[{"taxonomy":"pwb-brand","embeddable":true,"href":"https:\/\/www.moskito.cz\/pl\/wp-json\/wp\/v2\/pwb-brand?post=350622"},{"taxonomy":"product_brand","embeddable":true,"href":"https:\/\/www.moskito.cz\/pl\/wp-json\/wp\/v2\/product_brand?post=350622"},{"taxonomy":"product_cat","embeddable":true,"href":"https:\/\/www.moskito.cz\/pl\/wp-json\/wp\/v2\/product_cat?post=350622"},{"taxonomy":"product_tag","embeddable":true,"href":"https:\/\/www.moskito.cz\/pl\/wp-json\/wp\/v2\/product_tag?post=350622"}],"curies":[{"name":"wp","href":"https:\/\/api.w.org\/{rel}","templated":true}]}}