{"id":350648,"date":"2024-07-10T13:13:16","date_gmt":"2024-07-10T12:14:32","guid":{"rendered":"https:\/\/www.moskito.cz\/produkt\/naprawiony-noz-muela-predator-14w\/"},"modified":"2025-05-07T11:20:28","modified_gmt":"2025-05-07T10:20:28","slug":"naprawiony-noz-muela-predator-14w","status":"publish","type":"product","link":"https:\/\/www.moskito.cz\/pl\/produkt\/naprawiony-noz-muela-predator-14w\/","title":{"rendered":"Naprawiony n\u00f3\u017c Muela PREDATOR-14W"},"content":{"rendered":"<p>Naprawiony n\u00f3\u017c <strong>Muela<\/strong> PREDATOR-14W<\/p>\n<p><strong>PREDATOR-14W<\/strong> to n\u00f3\u017c my\u015bliwski przeznaczony dla mi\u0142o\u015bnik\u00f3w \u0142owiectwa i os\u00f3b ceni\u0105cych aktywny survival na \u015bwie\u017cym powietrzu, wyprodukowany przez firm\u0119 Muela w Ciudad de Real w Hiszpanii. Jest trwa\u0142y, solidny i wytrzymuje wszystkie warunki bez uszkodze\u0144. No\u017ce Muela, kt\u00f3re zacz\u0119\u0142a robi\u0107 w ma\u0142ym pokoju w latach 50-tych. lata 20 wielowiekowej rodziny Muela, dzi\u015b eksportowane s\u0105 do ponad 50 kraj\u00f3w na 5 kontynentach. Muela, posiadaj\u0105ca zdolno\u015b\u0107 produkcyjn\u0105 na poziomie 350 000 no\u017cy rocznie, 70% swojej produkcji sprzedaje za granic\u0119, a reszt\u0119 na rynek krajowy.<\/p>\n<p>Ostrze wykonano z po\u0142\u0105czenia molibdenu i wanadu, w wyniku czego uzyskano r\u0119cznie kut\u0105 stal nierdzewn\u0105 MoVa X50CrMoV15 o twardo\u015bci Brinella HB 55-57 RC, co zapewnia wyj\u0105tkowo wysok\u0105 odporno\u015b\u0107 na korozj\u0119 i zu\u017cycie. Na ostrzu opisany jest model no\u017ca oraz logo Muela, co \u015bwiadczy o oryginalno\u015bci i jako\u015bci produktu. R\u0119koje\u015b\u0107 no\u017ca wykonana jest z czarnej gliny, materia\u0142u sk\u0142adaj\u0105cego si\u0119 z impregnowanego \u017cywic\u0105 syntetycznego p\u0142\u00f3tna poddanego dzia\u0142aniu wysokiego ci\u015bnienia i temperatury, tworz\u0105c twardy, g\u0119sty i trwa\u0142y materia\u0142 do ekstremalnych zastosowa\u0144. W przedniej cz\u0119\u015bci r\u0119koje\u015bci obok ostrza znajduje si\u0119 os\u0142ona ochronna, kt\u00f3rej zadaniem jest ochrona d\u0142oni tak, aby nie zsuwa\u0142a si\u0119 ona w stron\u0119 ostrza podczas u\u017cytkowania, a w tylnej cz\u0119\u015bci znajduje si\u0119 otw\u00f3r, w kt\u00f3rym mo\u017cna prze\u0142o\u017cy\u0107 link\u0119 paracord uwik\u0142any. jest zamontowany. R\u0119koje\u015b\u0107 posiada ergonomiczny kszta\u0142t, dzi\u0119ki czemu \u015bwietnie le\u017cy w d\u0142oni, nawet gdy d\u0142o\u0144 jest mokra.<\/p>\n<p>N\u00f3\u017c dostarczany jest w kartonowym pude\u0142ku wraz z czarn\u0105 pochw\u0105 ochronn\u0105 ze sk\u00f3ry naturalnej wykonan\u0105 r\u0119cznie przez firm\u0119 \u201eQuercur Leathercraft\u201d, certyfikatem autentyczno\u015bci oraz kart\u0105 gwarancyjn\u0105. Pochwa zapinana jest na zatrzask i ma wygrawerowane logo Muela. Mo\u017cna przymocowa\u0107 do paska. Wszystkie no\u017ce Muela przechodz\u0105 przez r\u0119ce do\u015bwiadczonych mistrz\u00f3w tworzenia no\u017cy, kt\u00f3rzy wykonuj\u0105, ostrz\u0105, poleruj\u0105 i sprawdzaj\u0105 ka\u017cdy egzemplarz z zachowaniem wysokiego poziomu kontroli jako\u015bci.<\/p>\n<p>Funkcjonowa\u0107:<\/p>\n<p>D\u0142ugo\u015b\u0107 ostrza: 14 cm;<br \/>\nGrubo\u015b\u0107 ostrza: 0,4 cm;<br \/>\nD\u0142ugo\u015b\u0107 r\u0105czki: 12,5 cm;<br \/>\nD\u0142ugo\u015b\u0107 ca\u0142kowita: 26,5 cm;<br \/>\nMateria\u0142 ostrza: stal nierdzewna MoVa X50CrMoV15;<br \/>\nR\u0119koje\u015b\u0107: mechanizm czarny;<br \/>\nKolor uchwytu: czarny;<br \/>\nWaga: 255g<\/p>\n<p>&nbsp;<\/p>\n<p>&nbsp;<\/p>\n<p>&nbsp;<\/p>\n","protected":false},"excerpt":{"rendered":"<p><strong>PREDATOR-14W to n\u00f3\u017c my\u015bliwski przeznaczony dla mi\u0142o\u015bnik\u00f3w \u0142owiectwa i os\u00f3b ceni\u0105cych aktywny survival na \u015bwie\u017cym powietrzu, wyprodukowany przez firm\u0119 Muela w Ciudad de Real w Hiszpanii. Jest trwa\u0142y, solidny i wytrzymuje wszystkie warunki bez uszkodze\u0144.<\/strong><\/p>\n","protected":false},"featured_media":350641,"comment_status":"open","ping_status":"closed","template":"","meta":[],"pwb-brand":[3912],"product_brand":[],"product_cat":[3307,3296],"product_tag":[3671],"class_list":{"0":"post-350648","1":"product","2":"type-product","3":"status-publish","4":"has-post-thumbnail","6":"pwb-brand-musiala","7":"product_cat-zamykanie-nozy","8":"product_cat-noze-pl","9":"product_tag-b2b-pl","11":"first","12":"instock","13":"taxable","14":"shipping-taxable","15":"purchasable","16":"product-type-simple"},"brands":[{"id":3912,"name":"Musia\u0142a","slug":"musiala"}],"_links":{"self":[{"href":"https:\/\/www.moskito.cz\/pl\/wp-json\/wp\/v2\/product\/350648","targetHints":{"allow":["GET"]}}],"collection":[{"href":"https:\/\/www.moskito.cz\/pl\/wp-json\/wp\/v2\/product"}],"about":[{"href":"https:\/\/www.moskito.cz\/pl\/wp-json\/wp\/v2\/types\/product"}],"replies":[{"embeddable":true,"href":"https:\/\/www.moskito.cz\/pl\/wp-json\/wp\/v2\/comments?post=350648"}],"wp:featuredmedia":[{"embeddable":true,"href":"https:\/\/www.moskito.cz\/pl\/wp-json\/wp\/v2\/media\/350641"}],"wp:attachment":[{"href":"https:\/\/www.moskito.cz\/pl\/wp-json\/wp\/v2\/media?parent=350648"}],"wp:term":[{"taxonomy":"pwb-brand","embeddable":true,"href":"https:\/\/www.moskito.cz\/pl\/wp-json\/wp\/v2\/pwb-brand?post=350648"},{"taxonomy":"product_brand","embeddable":true,"href":"https:\/\/www.moskito.cz\/pl\/wp-json\/wp\/v2\/product_brand?post=350648"},{"taxonomy":"product_cat","embeddable":true,"href":"https:\/\/www.moskito.cz\/pl\/wp-json\/wp\/v2\/product_cat?post=350648"},{"taxonomy":"product_tag","embeddable":true,"href":"https:\/\/www.moskito.cz\/pl\/wp-json\/wp\/v2\/product_tag?post=350648"}],"curies":[{"name":"wp","href":"https:\/\/api.w.org\/{rel}","templated":true}]}}