{"id":350661,"date":"2023-07-14T10:50:36","date_gmt":"2023-07-14T09:50:36","guid":{"rendered":"https:\/\/www.moskito.cz\/produkt\/naprawiono-noz-muela-85-161\/"},"modified":"2025-05-07T11:20:29","modified_gmt":"2025-05-07T10:20:29","slug":"naprawiono-noz-muela-85-161","status":"publish","type":"product","link":"https:\/\/www.moskito.cz\/pl\/produkt\/naprawiono-noz-muela-85-161\/","title":{"rendered":"Naprawiono n\u00f3\u017c Muela 85-161"},"content":{"rendered":"<p>Naprawiono n\u00f3\u017c <strong>Muela<\/strong> 85-161<\/p>\n<p>85-161 \u015bredniej wielko\u015bci n\u00f3\u017c ze sta\u0142\u0105 kling\u0105 hiszpa\u0144skiej firmy Muela. Doskona\u0142y n\u00f3\u017c taktyczny \u015bwietnie sprawdzi si\u0119 na wycieczce za miasto, na biwaku, jako n\u00f3\u017c survivalowy czy my\u015bliwski. Solidne ostrze wytrzyma ka\u017cd\u0105 prac\u0119 w ka\u017cdych warunkach bez uszkodze\u0144.<\/p>\n<p>G\u0142ownia &#8211; grubo\u015bci 3.7 mm o profilu Drop Point, z falist\u0105 kraw\u0119dzi\u0105 (Recurve), zapewnia doskona\u0142e w\u0142a\u015bciwo\u015bci tn\u0105ce. Stosowany w dobrych no\u017cach taktycznych i my\u015bliwskich. Ostrze wykonano z odpornej na korozj\u0119, wytrzyma\u0142ej stali nierdzewnej 420H o podwy\u017cszonej zawarto\u015bci w\u0119gla i du\u017cej udarno\u015bci, utwardzanej w przedziale 54-58 HRC. Pokryty antyrefleksyjn\u0105 warstw\u0105 Satin Finish (p\u00f3\u0142matow\u0105), kt\u00f3ra eliminuje odblaski. Ostrze g\u0142adkie typu Plain wykonane szlifem wkl\u0119s\u0142ym (Hollow grind) zapewnia dobre w\u0142a\u015bciwo\u015bci tn\u0105ce. Obustronna os\u0142ona krzy\u017cowa u nasady ostrza zapobiega ze\u015blizgiwaniu si\u0119 d\u0142oni na ostrze.<\/p>\n<p>R\u0119koje\u015b\u0107 &#8211; ok\u0142adzina z rade\u0142kowanego czarnego elastomeru, zako\u0144czona stalow\u0105 g\u0142\u00f3wk\u0105. Mi\u0119kka gumowa r\u0119koje\u015b\u0107 dobrze le\u017cy w d\u0142oni, n\u00f3\u017c nie \u015blizga si\u0119 nawet przy mokrych d\u0142oniach. Mocny i pewny chwyt umo\u017cliwia precyzyjne ruchy no\u017cem.<\/p>\n<p>Etui &#8211; wykonane ze sk\u00f3ry naturalnej w kolorze czarnym. Zapi\u0119cie na zatrzask pozwala na bezpieczne przenoszenie no\u017ca. Brzegi pochwy obszyto ozdobn\u0105 nici\u0105. Z przodu wyt\u0142oczone logo producenta. Pochwa mocowana jest do paska lub akcesorium, kt\u00f3re umo\u017cliwia noszenie no\u017ca w pozycji pionowej.<\/p>\n<p>Dane techniczne:<br \/>\nNumer produktu: 85-161<br \/>\nRodzaj stali: 420H<br \/>\nD\u0142ugo\u015b\u0107 ostrza: 16 cm<br \/>\nGrubo\u015b\u0107 ostrza: 0,37 cm<br \/>\nD\u0142ugo\u015b\u0107 ca\u0142kowita: 26,8 cm<br \/>\nWaga: 277 g<br \/>\nOstrze: zwyk\u0142e<br \/>\nTyp ostrza: Drop Point<br \/>\nRodzaj ci\u0119cia: Wkl\u0119s\u0142y<br \/>\nTyp uchwytu: Thermorun<br \/>\nPochwa: sk\u00f3ra<br \/>\nProducent: Muela, Hiszpania<\/p>\n<p>&nbsp;<\/p>\n","protected":false},"excerpt":{"rendered":"<p><strong>85-161 \u015bredniej wielko\u015bci n\u00f3\u017c ze sta\u0142\u0105 kling\u0105 hiszpa\u0144skiej firmy Muela. Doskona\u0142y n\u00f3\u017c taktyczny \u015bwietnie sprawdzi si\u0119 na wycieczce za miasto, na biwaku, jako n\u00f3\u017c survivalowy czy my\u015bliwski.<\/strong><\/p>\n","protected":false},"featured_media":350662,"comment_status":"open","ping_status":"closed","template":"","meta":[],"pwb-brand":[3912],"product_brand":[],"product_cat":[3297,3296],"product_tag":[3671],"class_list":{"0":"post-350661","1":"product","2":"type-product","3":"status-publish","4":"has-post-thumbnail","6":"pwb-brand-musiala","7":"product_cat-solidne-noze","8":"product_cat-noze-pl","9":"product_tag-b2b-pl","11":"first","12":"instock","13":"taxable","14":"shipping-taxable","15":"purchasable","16":"product-type-simple"},"brands":[{"id":3912,"name":"Musia\u0142a","slug":"musiala"}],"_links":{"self":[{"href":"https:\/\/www.moskito.cz\/pl\/wp-json\/wp\/v2\/product\/350661","targetHints":{"allow":["GET"]}}],"collection":[{"href":"https:\/\/www.moskito.cz\/pl\/wp-json\/wp\/v2\/product"}],"about":[{"href":"https:\/\/www.moskito.cz\/pl\/wp-json\/wp\/v2\/types\/product"}],"replies":[{"embeddable":true,"href":"https:\/\/www.moskito.cz\/pl\/wp-json\/wp\/v2\/comments?post=350661"}],"wp:featuredmedia":[{"embeddable":true,"href":"https:\/\/www.moskito.cz\/pl\/wp-json\/wp\/v2\/media\/350662"}],"wp:attachment":[{"href":"https:\/\/www.moskito.cz\/pl\/wp-json\/wp\/v2\/media?parent=350661"}],"wp:term":[{"taxonomy":"pwb-brand","embeddable":true,"href":"https:\/\/www.moskito.cz\/pl\/wp-json\/wp\/v2\/pwb-brand?post=350661"},{"taxonomy":"product_brand","embeddable":true,"href":"https:\/\/www.moskito.cz\/pl\/wp-json\/wp\/v2\/product_brand?post=350661"},{"taxonomy":"product_cat","embeddable":true,"href":"https:\/\/www.moskito.cz\/pl\/wp-json\/wp\/v2\/product_cat?post=350661"},{"taxonomy":"product_tag","embeddable":true,"href":"https:\/\/www.moskito.cz\/pl\/wp-json\/wp\/v2\/product_tag?post=350661"}],"curies":[{"name":"wp","href":"https:\/\/api.w.org\/{rel}","templated":true}]}}