{"id":350683,"date":"2023-07-12T15:29:06","date_gmt":"2024-07-10T12:21:22","guid":{"rendered":"https:\/\/www.moskito.cz\/produkt\/naprawiono-noz-muela-bw-14\/"},"modified":"2025-05-07T11:20:32","modified_gmt":"2025-05-07T10:20:32","slug":"naprawiono-noz-muela-bw-14","status":"publish","type":"product","link":"https:\/\/www.moskito.cz\/pl\/produkt\/naprawiono-noz-muela-bw-14\/","title":{"rendered":"Naprawiono n\u00f3\u017c Muela BW-14"},"content":{"rendered":"<p>Naprawiono n\u00f3\u017c <strong>Muela<\/strong> BW-14<\/p>\n<p>N\u00f3\u017c BW-14 ze sta\u0142\u0105 kling\u0105, wykonany ze stali molibdenowo-wanadowej (MoVa). Doskona\u0142y n\u00f3\u017c my\u015bliwski, \u015bwietnie sprawdzi si\u0119 na misjach survivalowych czy poza miastem. Trwa\u0142y, bardzo ostry, poradzi sobie z ka\u017cdym zadaniem.<\/p>\n<p>Puukko \u2013 nieodzowny element wyposa\u017cenia ka\u017cdego harcerza, ch\u0119tnie u\u017cywany przez turyst\u00f3w. Posiada sta\u0142e ostrze o d\u0142ugo\u015bci oko\u0142o 130 mm oraz r\u0119koje\u015b\u0107 wykonan\u0105 z tworzywa sztucznego lub drewna, zwykle zako\u0144czon\u0105 czubkiem.<\/p>\n<p>G\u0142ownia &#8211; profil Bowie, grubo\u015b\u0107 4.3 mm. Wykonane z hartowanej 57-58 HRC, wytrzyma\u0142ej stali nierdzewnej molibdenowo-wanadowej X50CrMoV15. Kling\u0119 pokryto antyrefleksyjn\u0105 warstw\u0105 Satin Finish (p\u00f3\u0142mat), kt\u00f3ra eliminuje odblaski. Ostrze g\u0142adkie typu Plain wyprowadzono szlifem wkl\u0119s\u0142ym (Hollow Grind). Obustronne mosi\u0119\u017cne \u0142o\u017ce na pi\u0119cie g\u0142owni zapobiega \u015blizganiu si\u0119 d\u0142oni na g\u0142owni, zapewnia pewne podparcie kciuka.<\/p>\n<p>R\u0119koje\u015b\u0107 &#8211; zako\u0144czona mosi\u0119\u017cn\u0105 g\u0142\u00f3wk\u0105. Profilowane, laminowane panele drewniane w kolorze br\u0105zowym zapewniaj\u0105 pewny i pewny chwyt.<\/p>\n<p>Etui &#8211; sk\u00f3rzane w kolorze br\u0105zowym z t\u0142oczonym logo firmy. Pochwa mocowana jest do paska lub zaczepu umo\u017cliwiaj\u0105cego noszenie jej w pozycji pionowej.<\/p>\n<p>Specyfikacja techniczna:<br \/>\nNumer produktu: BW-14<br \/>\nRodzaj stali: X50CrMoV15<br \/>\nD\u0142ugo\u015b\u0107 ostrza: 14 cm<br \/>\nGrubo\u015b\u0107 ostrza: 0,43 cm<br \/>\nD\u0142ugo\u015b\u0107 ca\u0142kowita: 22,5 cm<br \/>\nWaga: 225 g \/ 7,94 uncji<br \/>\nTyp kraw\u0119dzi: G\u0142adka<br \/>\nTyp ostrza: Bowie<br \/>\nRodzaj ci\u0119cia: Wkl\u0119s\u0142y<br \/>\nMateria\u0142 r\u0119koje\u015bci: drewno pakka (koralowe drewno pakka)<br \/>\nPochwa: Sk\u00f3ra<br \/>\nProducent: Muela, Hiszpania<\/p>\n<p>&nbsp;<\/p>\n","protected":false},"excerpt":{"rendered":"<p><strong>Doskona\u0142y n\u00f3\u017c my\u015bliwski, \u015bwietnie sprawdzi si\u0119 na misjach survivalowych czy poza miastem. Trwa\u0142y, bardzo ostry, poradzi sobie z ka\u017cdym zadaniem.<\/strong><\/p>\n","protected":false},"featured_media":350684,"comment_status":"open","ping_status":"closed","template":"","meta":[],"pwb-brand":[3912],"product_brand":[],"product_cat":[3296,3297],"product_tag":[3671],"class_list":{"0":"post-350683","1":"product","2":"type-product","3":"status-publish","4":"has-post-thumbnail","6":"pwb-brand-musiala","7":"product_cat-noze-pl","8":"product_cat-solidne-noze","9":"product_tag-b2b-pl","11":"first","12":"instock","13":"taxable","14":"shipping-taxable","15":"purchasable","16":"product-type-simple"},"brands":[{"id":3912,"name":"Musia\u0142a","slug":"musiala"}],"_links":{"self":[{"href":"https:\/\/www.moskito.cz\/pl\/wp-json\/wp\/v2\/product\/350683","targetHints":{"allow":["GET"]}}],"collection":[{"href":"https:\/\/www.moskito.cz\/pl\/wp-json\/wp\/v2\/product"}],"about":[{"href":"https:\/\/www.moskito.cz\/pl\/wp-json\/wp\/v2\/types\/product"}],"replies":[{"embeddable":true,"href":"https:\/\/www.moskito.cz\/pl\/wp-json\/wp\/v2\/comments?post=350683"}],"wp:featuredmedia":[{"embeddable":true,"href":"https:\/\/www.moskito.cz\/pl\/wp-json\/wp\/v2\/media\/350684"}],"wp:attachment":[{"href":"https:\/\/www.moskito.cz\/pl\/wp-json\/wp\/v2\/media?parent=350683"}],"wp:term":[{"taxonomy":"pwb-brand","embeddable":true,"href":"https:\/\/www.moskito.cz\/pl\/wp-json\/wp\/v2\/pwb-brand?post=350683"},{"taxonomy":"product_brand","embeddable":true,"href":"https:\/\/www.moskito.cz\/pl\/wp-json\/wp\/v2\/product_brand?post=350683"},{"taxonomy":"product_cat","embeddable":true,"href":"https:\/\/www.moskito.cz\/pl\/wp-json\/wp\/v2\/product_cat?post=350683"},{"taxonomy":"product_tag","embeddable":true,"href":"https:\/\/www.moskito.cz\/pl\/wp-json\/wp\/v2\/product_tag?post=350683"}],"curies":[{"name":"wp","href":"https:\/\/api.w.org\/{rel}","templated":true}]}}