{"id":350709,"date":"2023-07-16T18:29:38","date_gmt":"2024-07-10T12:32:48","guid":{"rendered":"https:\/\/www.moskito.cz\/produkt\/naprawiono-noz-muela-55-16\/"},"modified":"2025-05-07T11:20:33","modified_gmt":"2025-05-07T10:20:33","slug":"naprawiono-noz-muela-55-16","status":"publish","type":"product","link":"https:\/\/www.moskito.cz\/pl\/produkt\/naprawiono-noz-muela-55-16\/","title":{"rendered":"Naprawiono n\u00f3\u017c Muela 55-16"},"content":{"rendered":"<p>Naprawiono n\u00f3\u017c <strong>Muela<\/strong> 55-16<\/p>\n<p>55-16 &#8211; n\u00f3\u017c taktyczny ze sta\u0142\u0105 kling\u0105 hiszpa\u0144skiej firmy Muela. Idealny na wypady za miasto, jako n\u00f3\u017c do p\u0142etw, n\u00f3\u017c survivalowy czy na polowanie. Sprawdzi si\u0119 zar\u00f3wno jako n\u00f3\u017c taktyczny, jak i n\u00f3\u017c my\u015bliwski. N\u00f3\u017c sta\u0142y mo\u017cna stosowa\u0107 do ka\u017cdego rodzaju prac, w ka\u017cdych warunkach.<\/p>\n<p>G\u0142ownia &#8211; wykonana o profilu Bowie o grubo\u015bci 3.5 milimetra, Wykonana z odpornej na korozj\u0119, wytrzyma\u0142ej stali nierdzewnej 420H o du\u017cej zawarto\u015bci w\u0119gla i du\u017cej udarno\u015bci, utwardzanej w przedziale 54-58 HRC. Klinga pokryta jest nierefleksyjn\u0105 warstw\u0105 Satin Finish (p\u00f3\u0142matow\u0105) eliminuj\u0105c\u0105 odblaski. Ostrze g\u0142adkie (typu Plain) oraz ostrze wkl\u0119s\u0142e (szlif wkl\u0119s\u0142y) zapewniaj\u0105 dobre w\u0142a\u015bciwo\u015bci tn\u0105ce. Stal po obu stronach ostrza, zabezpiecza d\u0142o\u0144 przed wy\u015blizgni\u0119ciem si\u0119 podczas pracy. U nasady ostrza umieszczono obustronny pazur zapobiegaj\u0105cy ze\u015blizgiwaniu si\u0119 d\u0142oni po ostrzu.<\/p>\n<p>Chwyt &#8211; zapi\u0119cie plecione z czarnego elastomeru zwie\u0144czone stalow\u0105, z\u0142ocon\u0105 g\u0142\u00f3wk\u0105. Mi\u0119kka gumowa r\u0119koje\u015b\u0107 wygodnie le\u017cy w d\u0142oni, n\u00f3\u017c nie wy\u015blizguje si\u0119 z d\u0142oni nawet przy mokrych d\u0142oniach. Mocny i pewny chwyt umo\u017cliwia precyzyjne ruchy no\u017cem. Z ty\u0142u r\u0119koje\u015bci znajduje si\u0119 otw\u00f3r na lin\u0119.<\/p>\n<p>Etui w kolorze czarnym, zapinane na zatrzask, umo\u017cliwia bezpieczne przenoszenie no\u017ca. Wykonane ze sk\u00f3ry naturalnej z t\u0142oczonym logo firmy Muela. Pochwa zosta\u0142a na brzegach przeszyta ozdobn\u0105 nici\u0105. W pochwie znajduje si\u0119 mocowanie do paska umo\u017cliwiaj\u0105ce noszenie no\u017ca w pozycji pionowej.<\/p>\n<p>Specyfikacja techniczna:<br \/>\nNumer produktu: 55-16<br \/>\nRodzaj stali: 420H<br \/>\nD\u0142ugo\u015b\u0107 ostrza: 16 cm<br \/>\nGrubo\u015b\u0107 ostrza: 0,35 cm<br \/>\nD\u0142ugo\u015b\u0107 ca\u0142kowita: 28,6 cm<br \/>\nWaga: 228 g \/ 7,90 uncji<br \/>\nTyp kraw\u0119dzi: G\u0142adka<br \/>\nTyp ostrza: Bowie<br \/>\nTyp uchwytu: Thermorun<br \/>\nPochwa: Sk\u00f3ra<br \/>\nProducent: Muela, Hiszpania<\/p>\n<p>Tw\u00f3rca: Firma Sharg\u00ae &#8211; Bezpo\u015bredni importer<\/p>\n<p>&nbsp;<\/p>\n","protected":false},"excerpt":{"rendered":"<p><strong>55-16 &#8211; n\u00f3\u017c taktyczny ze sta\u0142\u0105 kling\u0105 hiszpa\u0144skiej firmy Muela. Idealny na wypady za miasto, jako n\u00f3\u017c do p\u0142etw, n\u00f3\u017c survivalowy czy na polowanie. Sprawdzi si\u0119 zar\u00f3wno jako n\u00f3\u017c taktyczny, jak i n\u00f3\u017c my\u015bliwski.<\/strong><\/p>\n","protected":false},"featured_media":350710,"comment_status":"open","ping_status":"closed","template":"","meta":[],"pwb-brand":[3912],"product_brand":[],"product_cat":[3297,3296],"product_tag":[3671],"class_list":{"0":"post-350709","1":"product","2":"type-product","3":"status-publish","4":"has-post-thumbnail","6":"pwb-brand-musiala","7":"product_cat-solidne-noze","8":"product_cat-noze-pl","9":"product_tag-b2b-pl","11":"first","12":"instock","13":"taxable","14":"shipping-taxable","15":"purchasable","16":"product-type-simple"},"brands":[{"id":3912,"name":"Musia\u0142a","slug":"musiala"}],"_links":{"self":[{"href":"https:\/\/www.moskito.cz\/pl\/wp-json\/wp\/v2\/product\/350709","targetHints":{"allow":["GET"]}}],"collection":[{"href":"https:\/\/www.moskito.cz\/pl\/wp-json\/wp\/v2\/product"}],"about":[{"href":"https:\/\/www.moskito.cz\/pl\/wp-json\/wp\/v2\/types\/product"}],"replies":[{"embeddable":true,"href":"https:\/\/www.moskito.cz\/pl\/wp-json\/wp\/v2\/comments?post=350709"}],"wp:featuredmedia":[{"embeddable":true,"href":"https:\/\/www.moskito.cz\/pl\/wp-json\/wp\/v2\/media\/350710"}],"wp:attachment":[{"href":"https:\/\/www.moskito.cz\/pl\/wp-json\/wp\/v2\/media?parent=350709"}],"wp:term":[{"taxonomy":"pwb-brand","embeddable":true,"href":"https:\/\/www.moskito.cz\/pl\/wp-json\/wp\/v2\/pwb-brand?post=350709"},{"taxonomy":"product_brand","embeddable":true,"href":"https:\/\/www.moskito.cz\/pl\/wp-json\/wp\/v2\/product_brand?post=350709"},{"taxonomy":"product_cat","embeddable":true,"href":"https:\/\/www.moskito.cz\/pl\/wp-json\/wp\/v2\/product_cat?post=350709"},{"taxonomy":"product_tag","embeddable":true,"href":"https:\/\/www.moskito.cz\/pl\/wp-json\/wp\/v2\/product_tag?post=350709"}],"curies":[{"name":"wp","href":"https:\/\/api.w.org\/{rel}","templated":true}]}}