{"id":350762,"date":"2023-07-13T14:54:59","date_gmt":"2024-07-10T12:54:49","guid":{"rendered":"https:\/\/www.moskito.cz\/produkt\/naprawiono-noz-muela-hunter-17r\/"},"modified":"2025-05-07T11:20:35","modified_gmt":"2025-05-07T10:20:35","slug":"naprawiono-noz-muela-hunter-17r","status":"publish","type":"product","link":"https:\/\/www.moskito.cz\/pl\/produkt\/naprawiono-noz-muela-hunter-17r\/","title":{"rendered":"Naprawiono n\u00f3\u017c Muela Hunter-17R"},"content":{"rendered":"<p>Naprawiono n\u00f3\u017c <strong>Muela<\/strong> Hunter-17R<\/p>\n<p>Producent no\u017cy i rzemie\u015blniczych no\u017cy sk\u0142adanych Manufacturas Muela prezentuje n\u00f3\u017c outdoorowy HUNTER-17R w rodzinie no\u017cy MY\u015aLIWSKICH I SPORTOWYCH.<\/p>\n<p>Z r\u0119koje\u015bci\u0105 z palisandru i wykorzystaniem stali nierdzewnej do obrony i miseczki. Ergonomiczna r\u0119koje\u015b\u0107 i ostrze o \u015brednicy 170 mm, wykonane ze stali molibdenowo-wanadowej. Twardy n\u00f3\u017c!!!<\/p>\n<p>Firma Muela zosta\u0142a za\u0142o\u017cona przez pana Eladio Muela Le\u00f3na w po\u0142owie lat pi\u0119\u0107dziesi\u0105tych. ubieg\u0142ego stulecia, zach\u0119cony du\u017cym odzewem, jaki jego 38-cz\u0119\u015bciowy, r\u0119cznie robiony scyzoryk spotka\u0142 si\u0119 w\u015br\u00f3d niemieckich in\u017cynier\u00f3w w rafinerii Empetrol, gdzie w\u00f3wczas pracowa\u0142 pan Eladio I.<\/p>\n<p>Obecny zak\u0142ad produkcji no\u017cy Muela w Argamasilla de Calatrava zajmuje powierzchni\u0119 ponad 5000 m2 i jest wyposa\u017cony w najnowocze\u015bniejsze systemy produkcyjne i obr\u00f3bcze, produkuj\u0105c ponad 350 000 sztuk rocznie, z czego 70% jest eksportowane do ponad 50 kraj\u00f3w na pi\u0119ciu kontynentach.<\/p>\n<p>Obecnie Grupa Muela jest jedn\u0105 z firm referencyjnych w zakresie rzemie\u015blniczych sztu\u0107c\u00f3w my\u015bliwskich w Hiszpanii i na ca\u0142ym \u015bwiecie, a jej no\u017ce i scyzoryki s\u0105 wysoko cenione za wysok\u0105 jako\u015b\u0107.<\/p>\n<p>N\u00f3\u017c pe\u0142ny Muela Hunter 17R<\/p>\n<p>Formowany drewniany uchwyt<br \/>\nWyrafinowane sk\u00f3rzane etui<br \/>\nOstrze: 17 cm<br \/>\nD\u0142ugo\u015b\u0107 ca\u0142kowita: 28,5 cm<br \/>\nGrubo\u015b\u0107 4 mm<br \/>\nWaga: 264 gramy<br \/>\nStal: Molibden-Wanad X50CrMoV15 MOVA (1.4116)<br \/>\nTwardo\u015b\u0107: 57-58 HRC<br \/>\nKlasyczna stal naszych no\u017cy. Doskona\u0142e po\u0142\u0105czenie molibdenu i wanadu umo\u017cliwiaj\u0105ce uzyskanie stali o doskona\u0142ej twardo\u015bci i odporno\u015bci na korozj\u0119.<\/p>\n<p>No\u017ce Muela obj\u0119te s\u0105 do\u017cywotni\u0105 gwarancj\u0105 obejmuj\u0105c\u0105 wady materia\u0142owe i produkcyjne. Niniejsza gwarancja nie obejmuje uszkodze\u0144 spowodowanych niew\u0142a\u015bciwym u\u017cytkowaniem, zaniedbaniem i logicznym zu\u017cyciem spowodowanym u\u017cytkowaniem)<\/p>\n<p>&nbsp;<\/p>\n<p>&nbsp;<\/p>\n","protected":false},"excerpt":{"rendered":"<p><strong>Producent no\u017cy i rzemie\u015blniczych no\u017cy sk\u0142adanych Manufacturas Muela prezentuje n\u00f3\u017c outdoorowy HUNTER-17R w rodzinie no\u017cy MY\u015aLIWSKICH I SPORTOWYCH.<\/strong><\/p>\n","protected":false},"featured_media":350763,"comment_status":"open","ping_status":"closed","template":"","meta":[],"pwb-brand":[3912],"product_brand":[],"product_cat":[3296,3297],"product_tag":[3671],"class_list":{"0":"post-350762","1":"product","2":"type-product","3":"status-publish","4":"has-post-thumbnail","6":"pwb-brand-musiala","7":"product_cat-noze-pl","8":"product_cat-solidne-noze","9":"product_tag-b2b-pl","11":"first","12":"instock","13":"taxable","14":"shipping-taxable","15":"purchasable","16":"product-type-simple"},"brands":[{"id":3912,"name":"Musia\u0142a","slug":"musiala"}],"_links":{"self":[{"href":"https:\/\/www.moskito.cz\/pl\/wp-json\/wp\/v2\/product\/350762","targetHints":{"allow":["GET"]}}],"collection":[{"href":"https:\/\/www.moskito.cz\/pl\/wp-json\/wp\/v2\/product"}],"about":[{"href":"https:\/\/www.moskito.cz\/pl\/wp-json\/wp\/v2\/types\/product"}],"replies":[{"embeddable":true,"href":"https:\/\/www.moskito.cz\/pl\/wp-json\/wp\/v2\/comments?post=350762"}],"wp:featuredmedia":[{"embeddable":true,"href":"https:\/\/www.moskito.cz\/pl\/wp-json\/wp\/v2\/media\/350763"}],"wp:attachment":[{"href":"https:\/\/www.moskito.cz\/pl\/wp-json\/wp\/v2\/media?parent=350762"}],"wp:term":[{"taxonomy":"pwb-brand","embeddable":true,"href":"https:\/\/www.moskito.cz\/pl\/wp-json\/wp\/v2\/pwb-brand?post=350762"},{"taxonomy":"product_brand","embeddable":true,"href":"https:\/\/www.moskito.cz\/pl\/wp-json\/wp\/v2\/product_brand?post=350762"},{"taxonomy":"product_cat","embeddable":true,"href":"https:\/\/www.moskito.cz\/pl\/wp-json\/wp\/v2\/product_cat?post=350762"},{"taxonomy":"product_tag","embeddable":true,"href":"https:\/\/www.moskito.cz\/pl\/wp-json\/wp\/v2\/product_tag?post=350762"}],"curies":[{"name":"wp","href":"https:\/\/api.w.org\/{rel}","templated":true}]}}