{"id":350810,"date":"2024-07-10T14:10:59","date_gmt":"2024-07-10T13:11:50","guid":{"rendered":"https:\/\/www.moskito.cz\/produkt\/solidny-noz-muela-sarrio-19g\/"},"modified":"2025-05-07T11:20:36","modified_gmt":"2025-05-07T10:20:36","slug":"solidny-noz-muela-sarrio-19g","status":"publish","type":"product","link":"https:\/\/www.moskito.cz\/pl\/produkt\/solidny-noz-muela-sarrio-19g\/","title":{"rendered":"Solidny n\u00f3\u017c Muela SARRIO-19G"},"content":{"rendered":"<p>Solidny n\u00f3\u017c <strong>Muela<\/strong> SARRIO-19G<\/p>\n<p>Wysokiej jako\u015bci, \u015bredniej wielko\u015bci sztylet my\u015bliwski hiszpa\u0144skiego producenta Muela, maj\u0105cego d\u0142ug\u0105 tradycj\u0119 w produkcji sztylet\u00f3w my\u015bliwskich.<br \/>\nMuela to jedna z najbardziej znanych i najlepiej sprzedaj\u0105cych si\u0119 hiszpa\u0144skich marek no\u017cy, idealny wyb\u00f3r dla my\u015bliwych lub do sp\u0119dzania czasu na \u0142onie natury.<br \/>\nN\u00f3\u017c posiada ergonomicznie ukszta\u0142towan\u0105 gumowan\u0105 r\u0119koje\u015b\u0107 dla lepszego chwytu, dwustronn\u0105 metalow\u0105 os\u0142on\u0119 dla wi\u0119kszego bezpiecze\u0144stwa, sztylet posiada czarn\u0105 sk\u00f3rzan\u0105 pochw\u0119.<\/p>\n<p>U\u017bYWA\u0106:<br \/>\n&#8211; w przyrod\u0119 i do normalnego u\u017cytkowania,<br \/>\n&#8211; dla le\u015bnik\u00f3w, my\u015bliwych,<br \/>\n&#8211; outdoor, biwakowanie, survival.<\/p>\n<p>&nbsp;<\/p>\n<p>Materia\u0142 ostrza: X50CrMoV15<br \/>\nMateria\u0142 r\u0119koje\u015bci: guma<br \/>\nD\u0142ugo\u015b\u0107 ostrza: 19,5 cm<br \/>\nD\u0142ugo\u015b\u0107 ca\u0142kowita: 31 cm<br \/>\nD\u0142ugo\u015b\u0107 r\u0105czki: 11,5 cm<br \/>\nWaga: 300 g<\/p>\n<p>&nbsp;<\/p>\n","protected":false},"excerpt":{"rendered":"<p><strong>Wysokiej jako\u015bci, \u015bredniej wielko\u015bci sztylet my\u015bliwski hiszpa\u0144skiego producenta Muela, maj\u0105cego d\u0142ug\u0105 tradycj\u0119 w produkcji sztylet\u00f3w my\u015bliwskich.<\/strong><\/p>\n","protected":false},"featured_media":350780,"comment_status":"open","ping_status":"closed","template":"","meta":[],"pwb-brand":[3912],"product_brand":[],"product_cat":[3297,3296],"product_tag":[3671],"class_list":{"0":"post-350810","1":"product","2":"type-product","3":"status-publish","4":"has-post-thumbnail","6":"pwb-brand-musiala","7":"product_cat-solidne-noze","8":"product_cat-noze-pl","9":"product_tag-b2b-pl","11":"first","12":"outofstock","13":"taxable","14":"shipping-taxable","15":"purchasable","16":"product-type-simple"},"brands":[{"id":3912,"name":"Musia\u0142a","slug":"musiala"}],"_links":{"self":[{"href":"https:\/\/www.moskito.cz\/pl\/wp-json\/wp\/v2\/product\/350810","targetHints":{"allow":["GET"]}}],"collection":[{"href":"https:\/\/www.moskito.cz\/pl\/wp-json\/wp\/v2\/product"}],"about":[{"href":"https:\/\/www.moskito.cz\/pl\/wp-json\/wp\/v2\/types\/product"}],"replies":[{"embeddable":true,"href":"https:\/\/www.moskito.cz\/pl\/wp-json\/wp\/v2\/comments?post=350810"}],"wp:featuredmedia":[{"embeddable":true,"href":"https:\/\/www.moskito.cz\/pl\/wp-json\/wp\/v2\/media\/350780"}],"wp:attachment":[{"href":"https:\/\/www.moskito.cz\/pl\/wp-json\/wp\/v2\/media?parent=350810"}],"wp:term":[{"taxonomy":"pwb-brand","embeddable":true,"href":"https:\/\/www.moskito.cz\/pl\/wp-json\/wp\/v2\/pwb-brand?post=350810"},{"taxonomy":"product_brand","embeddable":true,"href":"https:\/\/www.moskito.cz\/pl\/wp-json\/wp\/v2\/product_brand?post=350810"},{"taxonomy":"product_cat","embeddable":true,"href":"https:\/\/www.moskito.cz\/pl\/wp-json\/wp\/v2\/product_cat?post=350810"},{"taxonomy":"product_tag","embeddable":true,"href":"https:\/\/www.moskito.cz\/pl\/wp-json\/wp\/v2\/product_tag?post=350810"}],"curies":[{"name":"wp","href":"https:\/\/api.w.org\/{rel}","templated":true}]}}