{"id":350842,"date":"2024-07-10T14:22:29","date_gmt":"2024-07-10T13:23:22","guid":{"rendered":"https:\/\/www.moskito.cz\/produkt\/naprawiono-noz-muela-caz-16r\/"},"modified":"2025-05-07T11:20:37","modified_gmt":"2025-05-07T10:20:37","slug":"naprawiono-noz-muela-caz-16r","status":"publish","type":"product","link":"https:\/\/www.moskito.cz\/pl\/produkt\/naprawiono-noz-muela-caz-16r\/","title":{"rendered":"Naprawiono n\u00f3\u017c Muela CAZ-16R"},"content":{"rendered":"<p>Naprawiono n\u00f3\u017c <strong>Muela<\/strong> CAZ-16R<\/p>\n<p>Uniwersalny n\u00f3\u017c outdoorowy i bushcraftowy. Ostrze wykonane jest z wysokiej jako\u015bci stali nierdzewnej molibdenowo-wanadowej o twardo\u015bci oko\u0142o 60 HRC. Dla maksymalnego bezpiecze\u0144stwa pracy n\u00f3\u017c wyposa\u017cono w masywn\u0105 obustronn\u0105 metalow\u0105 os\u0142on\u0119 w kolorze srebrnym. R\u0119koje\u015b\u0107 wykonana jest z laminowanego drewna Pakka, ma anatomiczny kszta\u0142t i posiada na ko\u0144cu otw\u00f3r na sznurek do zawieszenia. Do no\u017ca do\u0142\u0105czona jest br\u0105zowa, sk\u00f3rzana pochwa.<\/p>\n<p>Dane techniczne:<\/p>\n<p>D\u0142ugo\u015b\u0107 ostrza: 16 cm.<\/p>\n<p>D\u0142ugo\u015b\u0107 r\u0105czki: 12 cm.<\/p>\n<p>D\u0142ugo\u015b\u0107 ca\u0142kowita: 18 cm.<\/p>\n<p>Waga no\u017ca: 190 g.<\/p>\n<p>Materia\u0142 obudowy: Sk\u00f3ra<\/p>\n","protected":false},"excerpt":{"rendered":"<p><strong>Uniwersalny n\u00f3\u017c outdoorowy i Bushcraft ze sk\u00f3rzan\u0105 pochw\u0105.<\/strong><\/p>\n","protected":false},"featured_media":350820,"comment_status":"open","ping_status":"closed","template":"","meta":[],"pwb-brand":[3912],"product_brand":[],"product_cat":[3297,3296],"product_tag":[3671],"class_list":{"0":"post-350842","1":"product","2":"type-product","3":"status-publish","4":"has-post-thumbnail","6":"pwb-brand-musiala","7":"product_cat-solidne-noze","8":"product_cat-noze-pl","9":"product_tag-b2b-pl","11":"first","12":"instock","13":"taxable","14":"shipping-taxable","15":"purchasable","16":"product-type-simple"},"brands":[{"id":3912,"name":"Musia\u0142a","slug":"musiala"}],"_links":{"self":[{"href":"https:\/\/www.moskito.cz\/pl\/wp-json\/wp\/v2\/product\/350842","targetHints":{"allow":["GET"]}}],"collection":[{"href":"https:\/\/www.moskito.cz\/pl\/wp-json\/wp\/v2\/product"}],"about":[{"href":"https:\/\/www.moskito.cz\/pl\/wp-json\/wp\/v2\/types\/product"}],"replies":[{"embeddable":true,"href":"https:\/\/www.moskito.cz\/pl\/wp-json\/wp\/v2\/comments?post=350842"}],"wp:featuredmedia":[{"embeddable":true,"href":"https:\/\/www.moskito.cz\/pl\/wp-json\/wp\/v2\/media\/350820"}],"wp:attachment":[{"href":"https:\/\/www.moskito.cz\/pl\/wp-json\/wp\/v2\/media?parent=350842"}],"wp:term":[{"taxonomy":"pwb-brand","embeddable":true,"href":"https:\/\/www.moskito.cz\/pl\/wp-json\/wp\/v2\/pwb-brand?post=350842"},{"taxonomy":"product_brand","embeddable":true,"href":"https:\/\/www.moskito.cz\/pl\/wp-json\/wp\/v2\/product_brand?post=350842"},{"taxonomy":"product_cat","embeddable":true,"href":"https:\/\/www.moskito.cz\/pl\/wp-json\/wp\/v2\/product_cat?post=350842"},{"taxonomy":"product_tag","embeddable":true,"href":"https:\/\/www.moskito.cz\/pl\/wp-json\/wp\/v2\/product_tag?post=350842"}],"curies":[{"name":"wp","href":"https:\/\/api.w.org\/{rel}","templated":true}]}}