{"id":350866,"date":"2024-07-10T14:42:21","date_gmt":"2024-07-10T13:46:53","guid":{"rendered":"https:\/\/www.moskito.cz\/produkt\/naprawiono-noz-muela-gaucho-16r\/"},"modified":"2025-05-07T11:20:39","modified_gmt":"2025-05-07T10:20:39","slug":"naprawiono-noz-muela-gaucho-16r","status":"publish","type":"product","link":"https:\/\/www.moskito.cz\/pl\/produkt\/naprawiono-noz-muela-gaucho-16r\/","title":{"rendered":"Naprawiono n\u00f3\u017c Muela GAUCHO-16R"},"content":{"rendered":"<p>Naprawiono n\u00f3\u017c <strong>Muela<\/strong> GAUCHO-16R.<\/p>\n<p>N\u00f3\u017c <strong>Muela Gaucho 16R<\/strong> inspirowany jest tradycyjnymi modelami argenty\u0144skimi. Szczeg\u00f3lnie nadaje si\u0119 do polowa\u0144 i wszelkiego rodzaju zaj\u0119\u0107 na \u015bwie\u017cym powietrzu.<br \/>\nNieruchomo\u015bci:<\/p>\n<p>D\u0142ugo\u015b\u0107 ostrza: 16 cm.<br \/>\nD\u0142ugo\u015b\u0107 r\u0105czki: 12 cm.<br \/>\nD\u0142ugo\u015b\u0107 ca\u0142kowita: 28 cm.<br \/>\nGrubo\u015b\u0107 blachy: 4 mm.<br \/>\nX50CrMoV15 Blacha ze stali nierdzewnej.<br \/>\nWaga: 110g.<br \/>\nTwardo\u015b\u0107: 57\/58 HRc.<br \/>\nMateria\u0142 r\u0119koje\u015bci: Naturalne drewno \u0142odygowe.<br \/>\nMateria\u0142 tulei: stal nierdzewna.<br \/>\nMateria\u0142 pokr\u0119t\u0142a: wzmocnienie ze stali nierdzewnej.<br \/>\nWyprodukowane w Hiszpanii.<\/p>\n<p>&nbsp;<\/p>\n","protected":false},"excerpt":{"rendered":"<p><strong>N\u00f3\u017c Muela Gaucho 16R inspirowany jest tradycyjnymi argenty\u0144skimi modelami. Szczeg\u00f3lnie nadaje si\u0119 do polowa\u0144 i wszelkiego rodzaju zaj\u0119\u0107 na \u015bwie\u017cym powietrzu.<\/strong><\/p>\n","protected":false},"featured_media":350852,"comment_status":"open","ping_status":"closed","template":"","meta":[],"pwb-brand":[3912],"product_brand":[],"product_cat":[3296,3297],"product_tag":[3671],"class_list":{"0":"post-350866","1":"product","2":"type-product","3":"status-publish","4":"has-post-thumbnail","6":"pwb-brand-musiala","7":"product_cat-noze-pl","8":"product_cat-solidne-noze","9":"product_tag-b2b-pl","11":"first","12":"instock","13":"taxable","14":"shipping-taxable","15":"purchasable","16":"product-type-simple"},"brands":[{"id":3912,"name":"Musia\u0142a","slug":"musiala"}],"_links":{"self":[{"href":"https:\/\/www.moskito.cz\/pl\/wp-json\/wp\/v2\/product\/350866","targetHints":{"allow":["GET"]}}],"collection":[{"href":"https:\/\/www.moskito.cz\/pl\/wp-json\/wp\/v2\/product"}],"about":[{"href":"https:\/\/www.moskito.cz\/pl\/wp-json\/wp\/v2\/types\/product"}],"replies":[{"embeddable":true,"href":"https:\/\/www.moskito.cz\/pl\/wp-json\/wp\/v2\/comments?post=350866"}],"wp:featuredmedia":[{"embeddable":true,"href":"https:\/\/www.moskito.cz\/pl\/wp-json\/wp\/v2\/media\/350852"}],"wp:attachment":[{"href":"https:\/\/www.moskito.cz\/pl\/wp-json\/wp\/v2\/media?parent=350866"}],"wp:term":[{"taxonomy":"pwb-brand","embeddable":true,"href":"https:\/\/www.moskito.cz\/pl\/wp-json\/wp\/v2\/pwb-brand?post=350866"},{"taxonomy":"product_brand","embeddable":true,"href":"https:\/\/www.moskito.cz\/pl\/wp-json\/wp\/v2\/product_brand?post=350866"},{"taxonomy":"product_cat","embeddable":true,"href":"https:\/\/www.moskito.cz\/pl\/wp-json\/wp\/v2\/product_cat?post=350866"},{"taxonomy":"product_tag","embeddable":true,"href":"https:\/\/www.moskito.cz\/pl\/wp-json\/wp\/v2\/product_tag?post=350866"}],"curies":[{"name":"wp","href":"https:\/\/api.w.org\/{rel}","templated":true}]}}