{"id":350915,"date":"2024-07-10T14:59:04","date_gmt":"2024-07-10T13:59:04","guid":{"rendered":"https:\/\/www.moskito.cz\/produkt\/naprawiono-noz-muela-criollo-17-ol\/"},"modified":"2025-05-07T11:20:40","modified_gmt":"2025-05-07T10:20:40","slug":"naprawiono-noz-muela-criollo-17-ol","status":"publish","type":"product","link":"https:\/\/www.moskito.cz\/pl\/produkt\/naprawiono-noz-muela-criollo-17-ol\/","title":{"rendered":"Naprawiono n\u00f3\u017c Muela CRIOLLO-17.OL"},"content":{"rendered":"<p>Naprawiono n\u00f3\u017c <strong>Muela<\/strong> CRIOLLO-17.OL<\/p>\n<p>N\u00f3\u017c my\u015bliwski Muela CRIOLLO-17.OL, stal MoVa, drewno oliwne + sk\u00f3rzane etui<\/p>\n<p><strong>CRIOLLO-17.OL<\/strong> to n\u00f3\u017c przeznaczony do aktywno\u015bci na \u015bwie\u017cym powietrzu, wyprodukowany przez znan\u0105 firm\u0119 Muela z Ciudad de Real w Hiszpanii. Idealny n\u00f3\u017c dla mi\u0142o\u015bnik\u00f3w polowa\u0144 oraz os\u00f3b ceni\u0105cych aktywne przetrwanie na \u0142onie natury. Jest trwa\u0142y, solidny i wytrzymuje wszystkie warunki bez uszkodze\u0144. No\u017ce Muela, kt\u00f3re zacz\u0119\u0142a robi\u0107 w ma\u0142ym pokoju w latach 50-tych. lata 20 wielowiekowej rodziny Muela, dzi\u015b eksportowane s\u0105 do ponad 50 kraj\u00f3w na 5 kontynentach. Muela, posiadaj\u0105ca zdolno\u015b\u0107 produkcyjn\u0105 na poziomie 350 000 no\u017cy rocznie, 70% swojej produkcji sprzedaje za granic\u0119, a reszt\u0119 na rynek krajowy.<\/p>\n<p>Ostrze jest obustronnie szlifowane i wykonane z po\u0142\u0105czenia molibdenu i wanadu, w wyniku czego uzyskano r\u0119cznie kut\u0105 stal nierdzewn\u0105 MoVa X50CrMoV15 o stopniu twardo\u015bci Brinella HB 55-57 RC, co nadaje mu wyj\u0105tkowo wysok\u0105 odporno\u015b\u0107 na korozj\u0119 i nosi\u0107. Na solidnym ostrzu wygrawerowany jest model no\u017ca oraz logo Muela, co \u015bwiadczy o oryginalno\u015bci i jako\u015bci produktu. R\u0119koje\u015b\u0107 wykonana jest z drewna oliwnego, egzotycznego twardego drewna pochodz\u0105cego z drzew pochodz\u0105cych z basenu Morza \u015ar\u00f3dziemnego, wykorzystywanego g\u0142\u00f3wnie do przedmiot\u00f3w dekoracyjnych ze wzgl\u0119du na jego niezwykle bogaty i kolorowy wygl\u0105d oraz fakt, \u017ce powierzchnia drewna w du\u017cym stopniu mo\u017ce by\u0107 \u0142atwo szlifowana. R\u0119koje\u015b\u0107 posiada ergonomiczny kszta\u0142t, dzi\u0119ki czemu \u015bwietnie le\u017cy w d\u0142oni, nawet gdy d\u0142o\u0144 jest mokra. Posiada mosi\u0119\u017cn\u0105 os\u0142on\u0119 zwi\u0119kszaj\u0105c\u0105 bezpiecze\u0144stwo i zapobiegaj\u0105c\u0105 zsuni\u0119ciu si\u0119 d\u0142oni w kierunku ostrza podczas u\u017cytkowania, a tak\u017ce posiada otw\u00f3r na ko\u0144cu r\u0119koje\u015bci, w kt\u00f3rym mo\u017cna zamontowa\u0107 link\u0119 zabezpieczaj\u0105c\u0105.<\/p>\n<p>N\u00f3\u017c dostarczany jest w kartonowym pude\u0142ku wraz z br\u0105zow\u0105 sk\u00f3rzan\u0105 pochw\u0105 ochronn\u0105 wykonan\u0105 r\u0119cznie przez firm\u0119 &#8222;Quercur Leathercraft&#8221;, certyfikatem autentyczno\u015bci oraz kart\u0105 gwarancyjn\u0105. Pochwa zapinana jest na zatrzask i ma wyt\u0142oczone logo Muela. Mo\u017cna przymocowa\u0107 do paska. Wszystkie no\u017ce Muela przechodz\u0105 przez r\u0119ce do\u015bwiadczonych mistrz\u00f3w tworzenia no\u017cy, kt\u00f3rzy wykonuj\u0105, ostrz\u0105, poleruj\u0105 i sprawdzaj\u0105 ka\u017cdy egzemplarz z zachowaniem wysokiego poziomu kontroli jako\u015bci.<\/p>\n<p>Funkcjonowa\u0107:<\/p>\n<p>D\u0142ugo\u015b\u0107 ostrza: 17 cm;<br \/>\nGrubo\u015b\u0107 ostrza: 0,4 cm;<br \/>\nD\u0142ugo\u015b\u0107 r\u0105czki: 12 cm;<br \/>\nD\u0142ugo\u015b\u0107 ca\u0142kowita: 29 cm;<br \/>\nMateria\u0142 ostrza: stal MoVa X50CrMoV15;<br \/>\nR\u0119koje\u015b\u0107: drewno oliwne;<br \/>\nKolor uchwytu: Br\u0105zowy;<br \/>\nWaga: 200g<\/p>\n<p>&nbsp;<\/p>\n","protected":false},"excerpt":{"rendered":"<p><strong>CRIOLLO-17.OL to n\u00f3\u017c przeznaczony do aktywno\u015bci na \u015bwie\u017cym powietrzu, wyprodukowany przez znan\u0105 firm\u0119 Muela z Ciudad de Real w Hiszpanii. Idealny n\u00f3\u017c dla mi\u0142o\u015bnik\u00f3w polowa\u0144 oraz os\u00f3b ceni\u0105cych aktywne przetrwanie na \u0142onie natury. Jest trwa\u0142y, solidny i wytrzymuje wszystkie warunki bez uszkodze\u0144.<\/strong><\/p>\n","protected":false},"featured_media":350885,"comment_status":"open","ping_status":"closed","template":"","meta":[],"pwb-brand":[3912],"product_brand":[],"product_cat":[3297,3296],"product_tag":[3671],"class_list":{"0":"post-350915","1":"product","2":"type-product","3":"status-publish","4":"has-post-thumbnail","6":"pwb-brand-musiala","7":"product_cat-solidne-noze","8":"product_cat-noze-pl","9":"product_tag-b2b-pl","11":"first","12":"instock","13":"taxable","14":"shipping-taxable","15":"purchasable","16":"product-type-simple"},"brands":[{"id":3912,"name":"Musia\u0142a","slug":"musiala"}],"_links":{"self":[{"href":"https:\/\/www.moskito.cz\/pl\/wp-json\/wp\/v2\/product\/350915","targetHints":{"allow":["GET"]}}],"collection":[{"href":"https:\/\/www.moskito.cz\/pl\/wp-json\/wp\/v2\/product"}],"about":[{"href":"https:\/\/www.moskito.cz\/pl\/wp-json\/wp\/v2\/types\/product"}],"replies":[{"embeddable":true,"href":"https:\/\/www.moskito.cz\/pl\/wp-json\/wp\/v2\/comments?post=350915"}],"wp:featuredmedia":[{"embeddable":true,"href":"https:\/\/www.moskito.cz\/pl\/wp-json\/wp\/v2\/media\/350885"}],"wp:attachment":[{"href":"https:\/\/www.moskito.cz\/pl\/wp-json\/wp\/v2\/media?parent=350915"}],"wp:term":[{"taxonomy":"pwb-brand","embeddable":true,"href":"https:\/\/www.moskito.cz\/pl\/wp-json\/wp\/v2\/pwb-brand?post=350915"},{"taxonomy":"product_brand","embeddable":true,"href":"https:\/\/www.moskito.cz\/pl\/wp-json\/wp\/v2\/product_brand?post=350915"},{"taxonomy":"product_cat","embeddable":true,"href":"https:\/\/www.moskito.cz\/pl\/wp-json\/wp\/v2\/product_cat?post=350915"},{"taxonomy":"product_tag","embeddable":true,"href":"https:\/\/www.moskito.cz\/pl\/wp-json\/wp\/v2\/product_tag?post=350915"}],"curies":[{"name":"wp","href":"https:\/\/api.w.org\/{rel}","templated":true}]}}