{"id":350973,"date":"2024-07-10T20:30:24","date_gmt":"2024-07-10T19:32:01","guid":{"rendered":"https:\/\/www.moskito.cz\/produkt\/noz-strzelecki-microtech-scarab-ii-gen-iii-stonewashed-1278-10\/"},"modified":"2025-05-07T11:20:41","modified_gmt":"2025-05-07T10:20:41","slug":"noz-strzelecki-microtech-scarab-ii-gen-iii-stonewashed-1278-10","status":"publish","type":"product","link":"https:\/\/www.moskito.cz\/pl\/produkt\/noz-strzelecki-microtech-scarab-ii-gen-iii-stonewashed-1278-10\/","title":{"rendered":"N\u00f3\u017c strzelecki Microtech Scarab II Gen III Stonewashed 1278-10"},"content":{"rendered":"<p>N\u00f3\u017c strzelecki <strong>Microtech<\/strong> Scarab II Gen III Stonewashed 1278-10.<\/p>\n<p><strong>Microtech Scarab II<\/strong> to wysokiej jako\u015bci n\u00f3\u017c taktyczny bazuj\u0105cy na oryginalnej konstrukcji <strong>Microtech Ultratech<\/strong> . Zbudowany tak, aby wytrzyma\u0107 ekstremalne warunki, <strong>Scarab II<\/strong> wyr\u00f3\u017cnia si\u0119 w tajnych operacjach o wysokiej intensywno\u015bci. <strong>Scarab II<\/strong> zosta\u0142 zaprojektowany do szerokiego zakresu zastosowa\u0144 u\u017cytkowych i walki w zwarciu, do u\u017cytku przez wykwalifikowane organy \u015bcigania, wojsko i agencje rz\u0105dowe. <strong>Scarab II<\/strong> produkowany jest wed\u0142ug najwy\u017cszych mo\u017cliwych standard\u00f3w, aby zapewni\u0107 niezawodno\u015b\u0107 i bezpiecze\u0144stwo u\u017cytkowania. Scarab ma konstrukcj\u0119 przedni\u0105 o podw\u00f3jnym dzia\u0142aniu, kt\u00f3r\u0105 mo\u017cna otwiera\u0107 i zamyka\u0107 jedn\u0105 r\u0119k\u0105, o podw\u00f3jnym dzia\u0142aniu (OTF) i prawie czterocalowe ostrze, a tak\u017ce jest wyposa\u017cony w du\u017cy, wygodny uchwyt z antypo\u015blizgow\u0105 r\u0119koje\u015bci\u0105. wstawki po obu stronach.<\/p>\n<p>Najpopularniejszy wykonawca OTF <strong>firmy Microtech<\/strong> , Scarab II, powraca z innowacyjnymi ulepszeniami. Zaktualizowany <strong>Scarab II<\/strong> 2023 zachowuje cechy swojego poprzednika zar\u00f3wno pod wzgl\u0119dem rozmiaru, jak i stylu, ustanawiaj\u0105c jednocze\u015bnie nowy standard technologii OTF. Zewn\u0119trznie <strong>Scarab II<\/strong> 2023 przypomina poprzedni\u0105 generacj\u0119. Klasyczna estetyka podk\u0142adek trakcyjnych i konstrukcja \u015brub Torx na podwoziu, a tak\u017ce znajomy zbijak do szyb i klips do kieszeni, zapewniaj\u0105 jeden z naszych ulubionych styl\u00f3w OTF. Jednak wn\u0119trze sprawia, \u017ce \u200b\u200bScarab II 2023 jest klas\u0105 sam\u0105 w sobie. Rewolucyjny dwupaliwowy system nap\u0119du firmy Microtech nie tylko pozwala na \u0142atwe u\u017cycie, ale konstrukcja z podw\u00f3jn\u0105 spr\u0119\u017cyn\u0105 nap\u0119dza ostrze do przodu z wystarczaj\u0105c\u0105 si\u0142\u0105, aby wypuszczenie no\u017ca pod wod\u0105 nie spowolni\u0142o akcji. Ulepszona konstrukcja kieszeni na guziki zmniejsza tarcie i u\u0142atwia usuwanie brudu, zmniejszaj\u0105c potrzeb\u0119 cz\u0119stej konserwacji i czyszczenia. Najnowsza innowacja w po\u0142\u0105czeniu z ponadczasowym wygl\u0105dem <strong>Microtech<\/strong> wyznacza nowy standard dla wytrzyma\u0142ych i wymiarowych no\u017cy OTF.<\/p>\n<p>Dane techniczne:<br \/>\nD\u0142ugo\u015b\u0107 ostrza: 9,67 cm<br \/>\nD\u0142ugo\u015b\u0107 po zamkni\u0119ciu: 14,37 cm<br \/>\nD\u0142ugo\u015b\u0107 ca\u0142kowita: 24 cm<br \/>\nStal ostrza: stal nierdzewna Bohler M390MK<br \/>\nStyl ostrza: Drop Point<br \/>\nSzlif ostrza: p\u0142aski<br \/>\nObr\u00f3bka powierzchni ostrza: Stonewash<br \/>\nMateria\u0142 r\u0119koje\u015bci: czarne aluminium ze wstawkami z ta\u015bmy trakcyjnej 3M<br \/>\nGrubo\u015b\u0107 uchwytu: 0,5875&#8243;<br \/>\nMechanizm blokuj\u0105cy: przesuwny<br \/>\nKieszonkowy klips: stal nierdzewna (sk\u0142adany, noszony w prawo\/lewo)<br \/>\nWaga: 5,78 uncji<br \/>\nProjektant: Tony Marfione<br \/>\nKonstrukcja ze \u015brub\u0105 Torx<br \/>\nBlood Groove\/Fuller<br \/>\nWykonane w USA<\/p>\n<p><iframe title=\"Microtech Combat Troodon Torture Test\" width=\"800\" height=\"450\" src=\"https:\/\/www.youtube.com\/embed\/xE9TeOFYEjg?feature=oembed\" frameborder=\"0\" allow=\"accelerometer; autoplay; clipboard-write; encrypted-media; gyroscope; picture-in-picture; web-share\" referrerpolicy=\"strict-origin-when-cross-origin\" allowfullscreen><\/iframe><\/p>\n<p>&nbsp;<\/p>\n","protected":false},"excerpt":{"rendered":"<p><strong>Przez lata Microtech\u00ae Knives wype\u0142nia\u0142 no\u017ce pasj\u0105 i umiej\u0119tno\u015bciami, aby tworzy\u0107 niemal dzie\u0142a sztuki, kt\u00f3re s\u0105 szczytem funkcjonalno\u015bci.Wszystkie cz\u0119\u015bci s\u0105 produkowane w USA.<\/strong><br \/>\n<strong>Wszystkie no\u017ce Microtech obj\u0119te s\u0105 do\u017cywotni\u0105 gwarancj\u0105.<\/strong><\/p>\n<p><strong>Bezp\u0142atny transport.<\/strong><\/p>\n","protected":false},"featured_media":350927,"comment_status":"open","ping_status":"closed","template":"","meta":[],"pwb-brand":[3279],"product_brand":[],"product_cat":[3296,3344],"product_tag":[3671],"class_list":{"0":"post-350973","1":"product","2":"type-product","3":"status-publish","4":"has-post-thumbnail","6":"pwb-brand-microtech-pl","7":"product_cat-noze-pl","8":"product_cat-noze-strzeleckie","9":"product_tag-b2b-pl","11":"first","12":"instock","13":"taxable","14":"shipping-taxable","15":"purchasable","16":"product-type-simple"},"brands":[{"id":3279,"name":"Microtech","slug":"microtech-pl"}],"_links":{"self":[{"href":"https:\/\/www.moskito.cz\/pl\/wp-json\/wp\/v2\/product\/350973","targetHints":{"allow":["GET"]}}],"collection":[{"href":"https:\/\/www.moskito.cz\/pl\/wp-json\/wp\/v2\/product"}],"about":[{"href":"https:\/\/www.moskito.cz\/pl\/wp-json\/wp\/v2\/types\/product"}],"replies":[{"embeddable":true,"href":"https:\/\/www.moskito.cz\/pl\/wp-json\/wp\/v2\/comments?post=350973"}],"wp:featuredmedia":[{"embeddable":true,"href":"https:\/\/www.moskito.cz\/pl\/wp-json\/wp\/v2\/media\/350927"}],"wp:attachment":[{"href":"https:\/\/www.moskito.cz\/pl\/wp-json\/wp\/v2\/media?parent=350973"}],"wp:term":[{"taxonomy":"pwb-brand","embeddable":true,"href":"https:\/\/www.moskito.cz\/pl\/wp-json\/wp\/v2\/pwb-brand?post=350973"},{"taxonomy":"product_brand","embeddable":true,"href":"https:\/\/www.moskito.cz\/pl\/wp-json\/wp\/v2\/product_brand?post=350973"},{"taxonomy":"product_cat","embeddable":true,"href":"https:\/\/www.moskito.cz\/pl\/wp-json\/wp\/v2\/product_cat?post=350973"},{"taxonomy":"product_tag","embeddable":true,"href":"https:\/\/www.moskito.cz\/pl\/wp-json\/wp\/v2\/product_tag?post=350973"}],"curies":[{"name":"wp","href":"https:\/\/api.w.org\/{rel}","templated":true}]}}