{"id":351032,"date":"2024-07-10T20:45:37","date_gmt":"2024-07-10T19:45:37","guid":{"rendered":"https:\/\/www.moskito.cz\/produkt\/noz-strzelecki-microtech-combat-troodon-gen-iii-taktyczny-1143-2t\/"},"modified":"2026-02-16T18:31:11","modified_gmt":"2026-02-16T17:31:11","slug":"noz-strzelecki-microtech-combat-troodon-gen-iii-taktyczny-1143-2t","status":"publish","type":"product","link":"https:\/\/www.moskito.cz\/pl\/produkt\/noz-strzelecki-microtech-combat-troodon-gen-iii-taktyczny-1143-2t\/","title":{"rendered":"N\u00f3\u017c strzelecki Microtech Combat Troodon Gen III Taktyczny 1143-2T"},"content":{"rendered":"<p data-start=\"165\" data-end=\"218\"><strong data-start=\"165\" data-end=\"218\">Microtech Combat Troodon Gen III Tactical 1143-2T<\/strong><\/p>\n<p data-start=\"220\" data-end=\"583\">Gdy we\u017amiesz do r\u0119ki Microtech Combat Troodon Gen III Tactical 1143-2T, poczujesz precyzyjn\u0105 mechanik\u0119, pot\u0119\u017cn\u0105 prezencj\u0119 i solidny taktyczny charakter, kt\u00f3ry jest typowy dla tego modelu. N\u00f3\u017c ten stanowi jeden z najbardziej charakterystycznych wariant\u00f3w taktycznych legendarnego modelu OTF &#8211; z agresywn\u0105 moc\u0105, ogromnym potencja\u0142em i konstrukcj\u0105 skoncentrowan\u0105 na profesjonalnym u\u017cytkowaniu. <\/p>\n<p data-start=\"585\" data-end=\"668\">Zaprojektowany przez Anthony&#8217;ego (Tony) Marfiona i w ca\u0142o\u015bci wyprodukowany i zmontowany w <strong data-start=\"655\" data-end=\"662\">USA<\/strong> \ud83c\uddfa\ud83c\uddf8.<\/p>\n<p data-start=\"670\" data-end=\"698\">\ud83d\udd25 <strong data-start=\"673\" data-end=\"698\">Charakter i filozofia<\/strong><\/p>\n<p data-start=\"700\" data-end=\"893\">Combat Troodon to synonim wytrzyma\u0142o\u015bci i niezawodno\u015bci mechanizm\u00f3w OTF. Wersja Tactical podkre\u015bla taktyczn\u0105 wszechstronno\u015b\u0107 &#8211; idealna zar\u00f3wno do u\u017cytku profesjonalnego, jak i dla wymagaj\u0105cych u\u017cytkownik\u00f3w EDC. <\/p>\n<p data-start=\"895\" data-end=\"1137\">Zag\u0142\u0119biony suwak boczny zosta\u0142 zaprojektowany z my\u015bl\u0105 o intuicyjnej obs\u0142udze i p\u0142ynnym wysuwaniu i bezpiecznym chowaniu ostrza. Mechanizm jest dynamiczny, a jednocze\u015bnie kontrolowany i bezpieczny w dzia\u0142aniu dzi\u0119ki precyzyjnemu oporowi spr\u0119\u017cyny. <\/p>\n<p data-start=\"1139\" data-end=\"1155\"><strong data-start=\"1142\" data-end=\"1155\">O producencie<\/strong><\/p>\n<p data-start=\"1157\" data-end=\"1294\">Microtech Knives to ameryka\u0144ska marka z ponad 30-letni\u0105 tradycj\u0105 w produkcji wysokiej klasy no\u017cy automatycznych i OTF. Typowe cechy obejmuj\u0105: <\/p>\n<ul data-start=\"1296\" data-end=\"1472\">\n<li data-start=\"1296\" data-end=\"1321\">\n<p data-start=\"1298\" data-end=\"1321\">Precyzyjna obr\u00f3bka CNC<\/p>\n<\/li>\n<li data-start=\"1322\" data-end=\"1356\">\n<p data-start=\"1324\" data-end=\"1356\">Opatentowane mechanizmy wewn\u0119trzne<\/p>\n<\/li>\n<li data-start=\"1357\" data-end=\"1386\">\n<p data-start=\"1359\" data-end=\"1386\">Sta\u0142a kontrola jako\u015bci<\/p>\n<\/li>\n<li data-start=\"1387\" data-end=\"1428\">\n<p data-start=\"1389\" data-end=\"1428\">Wytrzyma\u0142e materia\u0142y i wyko\u0144czenia<\/p>\n<\/li>\n<li data-start=\"1429\" data-end=\"1472\">\n<p data-start=\"1431\" data-end=\"1472\">Kultowy design z naciskiem na wra\u017cenia dotykowe<\/p>\n<\/li>\n<\/ul>\n<p data-start=\"1474\" data-end=\"1550\">Ka\u017cdy element jest wykonywany i montowany r\u0119cznie w USA pod kierownictwem Anthony&#8217;ego Marfione.<\/p>\n<p data-start=\"1552\" data-end=\"1587\">\ud83d\udde1\ufe0f <strong data-start=\"1556\" data-end=\"1587\">Ostrze &#8211; taktyczny Drop Point<\/strong><\/p>\n<p data-start=\"1589\" data-end=\"1871\">Ten model jest zwykle wyposa\u017cony w taktyczne ostrze Drop Point lub podobny profil zoptymalizowany pod k\u0105tem wszechstronnej wydajno\u015bci &#8211; \u0142\u0105cz\u0105c wytrzyma\u0142o\u015b\u0107 czubka i wszechstronny potencja\u0142 ci\u0119cia. Matowe wyko\u0144czenie stonewashed maskuje zu\u017cycie i nadaje no\u017cowi dyskretny, profesjonalny wygl\u0105d. <\/p>\n<p data-start=\"1873\" data-end=\"1897\">Wysoki kr\u00f3j zapewnia:<\/p>\n<ul data-start=\"1899\" data-end=\"1995\">\n<li data-start=\"1899\" data-end=\"1927\">\n<p data-start=\"1901\" data-end=\"1927\">Doskona\u0142e w\u0142a\u015bciwo\u015bci tn\u0105ce<\/p>\n<\/li>\n<li data-start=\"1928\" data-end=\"1953\">\n<p data-start=\"1930\" data-end=\"1953\">Wysoka kontrola ci\u0119cia<\/p>\n<\/li>\n<li data-start=\"1954\" data-end=\"1971\">\n<p data-start=\"1956\" data-end=\"1971\">Wytrzyma\u0142o\u015b\u0107 ko\u0144c\u00f3wki<\/p>\n<\/li>\n<li data-start=\"1972\" data-end=\"1995\">\n<p data-start=\"1974\" data-end=\"1995\">Odbicia przy s\u0142abym o\u015bwietleniu<\/p>\n<\/li>\n<\/ul>\n<p data-start=\"1997\" data-end=\"2033\"><strong data-start=\"2000\" data-end=\"2033\">Stal &#8211; najwy\u017cszej jako\u015bci stal nierdzewna<\/strong><\/p>\n<p data-start=\"2035\" data-end=\"2114\">Combat Troodon Gen III zazwyczaj wykorzystuje najlepsz\u0105 stal no\u017cow\u0105 w swojej ofercie:<\/p>\n<ul data-start=\"2116\" data-end=\"2215\">\n<li data-start=\"2116\" data-end=\"2144\">\n<p data-start=\"2118\" data-end=\"2144\">Doskona\u0142a retencja ostrza<\/p>\n<\/li>\n<li data-start=\"2145\" data-end=\"2177\">\n<p data-start=\"2147\" data-end=\"2177\">Dobra odporno\u015b\u0107 na korozj\u0119<\/p>\n<\/li>\n<li data-start=\"2178\" data-end=\"2215\">\n<p data-start=\"2180\" data-end=\"2215\">Wysoka odporno\u015b\u0107 na zu\u017cycie<\/p>\n<\/li>\n<\/ul>\n<p data-start=\"2217\" data-end=\"2372\">U\u017cytkownicy i recenzenci cz\u0119sto wspominaj\u0105 o zastosowaniu wysokiej jako\u015bci stali proszkowej, kt\u00f3ra \u0142\u0105czy w sobie wydajno\u015b\u0107 i trwa\u0142o\u015b\u0107 w wymagaj\u0105cych zadaniach i codziennym u\u017cytkowaniu.<\/p>\n<p data-start=\"2374\" data-end=\"2422\">\ud83e\udde9 <strong data-start=\"2377\" data-end=\"2422\">R\u0119koje\u015b\u0107 &#8211; taktyczna teksturowana konstrukcja<\/strong><\/p>\n<p data-start=\"2424\" data-end=\"2505\">Uchwyt zosta\u0142 zaprojektowany z my\u015bl\u0105 o pewnym chwycie i ergonomii podczas aktywnego u\u017cytkowania:<\/p>\n<ul data-start=\"2507\" data-end=\"2659\">\n<li data-start=\"2507\" data-end=\"2552\">\n<p data-start=\"2509\" data-end=\"2552\">G\u0142\u0119boko teksturowana powierzchnia antypo\u015blizgowa<\/p>\n<\/li>\n<li data-start=\"2553\" data-end=\"2601\">\n<p data-start=\"2555\" data-end=\"2601\">Wbudowany suwak dla kontrolowanej pracy<\/p>\n<\/li>\n<li data-start=\"2602\" data-end=\"2635\">\n<p data-start=\"2604\" data-end=\"2635\">Obur\u0119czny klips do g\u0142\u0119bokiego noszenia<\/p>\n<\/li>\n<li data-start=\"2636\" data-end=\"2659\">\n<p data-start=\"2638\" data-end=\"2659\">Solidna konstrukcja<\/p>\n<\/li>\n<\/ul>\n<p data-start=\"2661\" data-end=\"2726\">Wariant ten sprawia wyra\u017anie taktyczne wra\u017cenie z naciskiem na wydajno\u015b\u0107.<\/p>\n<p data-start=\"2728\" data-end=\"2769\">\u2699\ufe0f <strong data-start=\"2731\" data-end=\"2769\">Dane techniczne (orientacyjne)<\/strong><\/p>\n<p data-start=\"2771\" data-end=\"2820\"><em data-start=\"2771\" data-end=\"2820\">Parametry mog\u0105 si\u0119 r\u00f3\u017cni\u0107 w zale\u017cno\u015bci od konkretnej serii.<\/em><\/p>\n<div class=\"TyagGW_tableContainer\">\n<div class=\"group TyagGW_tableWrapper flex flex-col-reverse w-fit\" tabindex=\"-1\">\n<table class=\"w-fit min-w-(--thread-content-width)\" data-start=\"2822\" data-end=\"3374\">\n<thead data-start=\"2822\" data-end=\"2840\">\n<tr data-start=\"2822\" data-end=\"2840\">\n<th class=\"\" data-start=\"2822\" data-end=\"2831\" data-col-size=\"sm\">Parametr<\/th>\n<th class=\"\" data-start=\"2831\" data-end=\"2840\" data-col-size=\"sm\">Warto\u015b\u0107<\/th>\n<\/tr>\n<\/thead>\n<tbody data-start=\"2851\" data-end=\"3374\">\n<tr data-start=\"2851\" data-end=\"2892\">\n<td data-start=\"2851\" data-end=\"2857\" data-col-size=\"sm\">Model<\/td>\n<td data-col-size=\"sm\" data-start=\"2857\" data-end=\"2892\">Combat Troodon Gen III Tactical<\/td>\n<\/tr>\n<tr data-start=\"2893\" data-end=\"2921\">\n<td data-start=\"2893\" data-end=\"2910\" data-col-size=\"sm\">Numer produktu<\/td>\n<td data-col-size=\"sm\" data-start=\"2910\" data-end=\"2921\">1143-2T<\/td>\n<\/tr>\n<tr data-start=\"2922\" data-end=\"2954\">\n<td data-start=\"2922\" data-end=\"2936\" data-col-size=\"sm\">Ca\u0142kowita d\u0142ugo\u015b\u0107<\/td>\n<td data-start=\"2936\" data-end=\"2954\" data-col-size=\"sm\">ok. 230-240 mm<\/td>\n<\/tr>\n<tr data-start=\"2955\" data-end=\"2985\">\n<td data-start=\"2955\" data-end=\"2968\" data-col-size=\"sm\">D\u0142ugo\u015b\u0107 ostrza<\/td>\n<td data-start=\"2968\" data-end=\"2985\" data-col-size=\"sm\">ok. 95-100 mm<\/td>\n<\/tr>\n<tr data-start=\"2986\" data-end=\"3020\">\n<td data-start=\"2986\" data-end=\"3002\" data-col-size=\"sm\">Grubo\u015b\u0107 ostrza<\/td>\n<td data-start=\"3002\" data-end=\"3020\" data-col-size=\"sm\">ok. 3,0-3,5 mm<\/td>\n<\/tr>\n<tr data-start=\"3021\" data-end=\"3054\">\n<td data-start=\"3021\" data-end=\"3036\" data-col-size=\"sm\">D\u0142ugo\u015b\u0107 uchwytu<\/td>\n<td data-start=\"3036\" data-end=\"3054\" data-col-size=\"sm\">ok. 135-140 mm<\/td>\n<\/tr>\n<tr data-start=\"3055\" data-end=\"3081\">\n<td data-start=\"3055\" data-end=\"3064\" data-col-size=\"sm\">Waga<\/td>\n<td data-start=\"3064\" data-end=\"3081\" data-col-size=\"sm\">ok. 150-160 g<\/td>\n<\/tr>\n<tr data-start=\"3082\" data-end=\"3117\">\n<td data-start=\"3082\" data-end=\"3092\" data-col-size=\"sm\">Typ ostrza<\/td>\n<td data-start=\"3092\" data-end=\"3117\" data-col-size=\"sm\">Drop Point \/ Taktyczny<\/td>\n<\/tr>\n<tr data-start=\"3118\" data-end=\"3155\">\n<td data-start=\"3118\" data-end=\"3132\" data-col-size=\"sm\">Powierzchnia ostrza<\/td>\n<td data-start=\"3132\" data-end=\"3155\" data-col-size=\"sm\">Stonewashed \/ Matte<\/td>\n<\/tr>\n<tr data-start=\"3156\" data-end=\"3209\">\n<td data-start=\"3156\" data-end=\"3174\" data-col-size=\"sm\">Materia\u0142 r\u0119koje\u015bci<\/td>\n<td data-start=\"3174\" data-end=\"3209\" data-col-size=\"sm\">Aluminium CNC \/ anodowana powierzchnia<\/td>\n<\/tr>\n<tr data-start=\"3210\" data-end=\"3246\">\n<td data-start=\"3210\" data-end=\"3222\" data-col-size=\"sm\">Mechanizm<\/td>\n<td data-start=\"3222\" data-end=\"3246\" data-col-size=\"sm\">D\/A OTF &#8211; blokada suwaka<\/td>\n<\/tr>\n<tr data-start=\"3247\" data-end=\"3289\">\n<td data-start=\"3247\" data-end=\"3257\" data-col-size=\"sm\">Otwieranie<\/td>\n<td data-col-size=\"sm\" data-start=\"3257\" data-end=\"3289\">Automatyczne &#8211; suwak boczny<\/td>\n<\/tr>\n<tr data-start=\"3290\" data-end=\"3324\">\n<td data-start=\"3290\" data-end=\"3295\" data-col-size=\"sm\">Klips<\/td>\n<td data-start=\"3295\" data-end=\"3324\" data-col-size=\"sm\">Obur\u0119czny, do g\u0142\u0119bokiego noszenia<\/td>\n<\/tr>\n<tr data-start=\"3325\" data-end=\"3354\">\n<td data-start=\"3325\" data-end=\"3334\" data-col-size=\"sm\">Projektant<\/td>\n<td data-start=\"3334\" data-end=\"3354\" data-col-size=\"sm\">Anthony Marfione<\/td>\n<\/tr>\n<tr data-start=\"3355\" data-end=\"3374\">\n<td data-start=\"3355\" data-end=\"3367\" data-col-size=\"sm\">Kraj pochodzenia<\/td>\n<td data-start=\"3367\" data-end=\"3374\" data-col-size=\"sm\">USA<\/td>\n<\/tr>\n<\/tbody>\n<\/table>\n<\/div>\n<\/div>\n<p data-start=\"3376\" data-end=\"3395\">\u2705 <strong data-start=\"3378\" data-end=\"3395\">G\u0142\u00f3wne korzy\u015bci<\/strong><\/p>\n<ul data-start=\"3397\" data-end=\"3601\">\n<li data-start=\"3397\" data-end=\"3442\">\n<p data-start=\"3399\" data-end=\"3442\">Solidny i niezawodny mechanizm C\/A OTF<\/p>\n<\/li>\n<li data-start=\"3443\" data-end=\"3490\">\n<p data-start=\"3445\" data-end=\"3490\">Taktyczna konstrukcja o uniwersalnym zastosowaniu<\/p>\n<\/li>\n<li data-start=\"3491\" data-end=\"3515\">\n<p data-start=\"3493\" data-end=\"3515\">Mocne i trwa\u0142e ostrze<\/p>\n<\/li>\n<li data-start=\"3516\" data-end=\"3557\">\n<p data-start=\"3518\" data-end=\"3557\">Najwy\u017cszej jako\u015bci materia\u0142y i wyko\u0144czenia<\/p>\n<\/li>\n<li data-start=\"3558\" data-end=\"3601\">\n<p data-start=\"3560\" data-end=\"3601\">Ergonomiczny uchwyt z wysokiej jako\u015bci tekstur\u0105<\/p>\n<\/li>\n<\/ul>\n<p data-start=\"3603\" data-end=\"3623\">\u26a0\ufe0f <strong data-start=\"3606\" data-end=\"3623\">Mo\u017cliwe ograniczenia<\/strong><\/p>\n<ul data-start=\"3625\" data-end=\"3850\">\n<li data-start=\"3625\" data-end=\"3681\">\n<p data-start=\"3627\" data-end=\"3681\">Wy\u017cszy poziom cen odpowiadaj\u0105cy kategorii premium<\/p>\n<\/li>\n<li data-start=\"3682\" data-end=\"3730\">\n<p data-start=\"3684\" data-end=\"3730\">Wi\u0119ksze wymiary mog\u0105 nie ka\u017cdemu odpowiada\u0107 jako EDC<\/p>\n<\/li>\n<li data-start=\"3731\" data-end=\"3850\">\n<p data-start=\"3733\" data-end=\"3850\">Niekt\u00f3rzy u\u017cytkownicy zalecaj\u0105 modyfikacj\u0119 mechanizmu w celu zapewnienia p\u0142ynniejszej pracy (olej, serwis) &#8211; jest to powszechne w nowych modelach Gen III.<\/p>\n<\/li>\n<\/ul>\n<p data-start=\"3852\" data-end=\"3873\">\ud83d\udee0\ufe0f <strong data-start=\"3856\" data-end=\"3873\">Konserwacja i piel\u0119gnacja<\/strong><\/p>\n<ul data-start=\"3875\" data-end=\"4049\">\n<li data-start=\"3875\" data-end=\"3910\">\n<p data-start=\"3877\" data-end=\"3910\">Wyczy\u015b\u0107 i wysusz ostrze po u\u017cyciu<\/p>\n<\/li>\n<li data-start=\"3911\" data-end=\"3942\">\n<p data-start=\"3913\" data-end=\"3942\">Uchwyt powinien by\u0107 wolny od zanieczyszcze\u0144<\/p>\n<\/li>\n<li data-start=\"3943\" data-end=\"3996\">\n<p data-start=\"3945\" data-end=\"3996\">Stale sprawdzaj mechanizm i usuwaj kurz\/zanieczyszczenia<\/p>\n<\/li>\n<li data-start=\"3997\" data-end=\"4049\">\n<p data-start=\"3999\" data-end=\"4049\">Lekkie smarowanie ruchomych cz\u0119\u015bci podczas d\u0142u\u017cszej bezczynno\u015bci<\/p>\n<\/li>\n<\/ul>\n<p data-start=\"4051\" data-end=\"4102\">Odpowiednia piel\u0119gnacja sprawi, \u017ce mechanizm b\u0119dzie dzia\u0142a\u0142 p\u0142ynnie i niezawodnie.<\/p>\n<p data-start=\"4104\" data-end=\"4125\">\ud83c\udfaf <strong data-start=\"4107\" data-end=\"4125\">Polecane dla<\/strong><\/p>\n<ul data-start=\"4127\" data-end=\"4281\">\n<li data-start=\"4127\" data-end=\"4161\">\n<p data-start=\"4129\" data-end=\"4161\">Profesjonalne zastosowanie taktyczne<\/p>\n<\/li>\n<li data-start=\"4162\" data-end=\"4187\">\n<p data-start=\"4164\" data-end=\"4187\">Wymagaj\u0105cy u\u017cytkownicy EDC<\/p>\n<\/li>\n<li data-start=\"4188\" data-end=\"4223\">\n<p data-start=\"4190\" data-end=\"4223\">Kolekcjonerzy modeli premium OTF<\/p>\n<\/li>\n<li data-start=\"4224\" data-end=\"4281\">\n<p data-start=\"4226\" data-end=\"4281\">U\u017cytkownicy preferuj\u0105cy solidny, du\u017cy n\u00f3\u017c automatyczny<\/p>\n<\/li>\n<\/ul>\n<p data-start=\"4283\" data-end=\"4308\">\u2b50 <strong data-start=\"4285\" data-end=\"4308\">Ocena ko\u0144cowa<\/strong><\/p>\n<p data-start=\"4310\" data-end=\"4571\">Microtech Combat Troodon Gen III Tactical 1143-2T to wysokiej klasy taktyczny n\u00f3\u017c OTF o wytrzyma\u0142ej konstrukcji, szybkim mechanizmie i wszechstronnym dzia\u0142aniu. To wyb\u00f3r dla tych, kt\u00f3rzy chc\u0105 maksymalnej niezawodno\u015bci, mocy i profesjonalnego charakteru bez kompromis\u00f3w \ud83d\udd2a\ud83d\udd25 <\/p>\n<p>&nbsp;<\/p>\n<p><iframe title=\"Microtech Combat Troodon Torture Test\" width=\"800\" height=\"450\" src=\"https:\/\/www.youtube.com\/embed\/xE9TeOFYEjg?feature=oembed\" frameborder=\"0\" allow=\"accelerometer; autoplay; clipboard-write; encrypted-media; gyroscope; picture-in-picture; web-share\" referrerpolicy=\"strict-origin-when-cross-origin\" allowfullscreen><\/iframe><\/p>\n<p>&nbsp;<\/p>\n","protected":false},"excerpt":{"rendered":"<p><strong>Przez lata Microtech\u00ae Knives wype\u0142nia\u0142 no\u017ce pasj\u0105 i umiej\u0119tno\u015bciami, aby tworzy\u0107 niemal dzie\u0142a sztuki, kt\u00f3re s\u0105 szczytem funkcjonalno\u015bci. Wszystkie cz\u0119\u015bci s\u0105 produkowane w USA.<\/strong><br \/>\n <strong>Wszystkie no\u017ce Microtech obj\u0119te s\u0105 do\u017cywotni\u0105 gwarancj\u0105.<\/strong><\/p>\n<p> <strong>Darmowa wysy\u0142ka.<\/strong><\/p>\n","protected":false},"featured_media":350985,"comment_status":"open","ping_status":"closed","template":"","meta":[],"pwb-brand":[3279],"product_brand":[],"product_cat":[3344,3296],"product_tag":[3671],"class_list":{"0":"post-351032","1":"product","2":"type-product","3":"status-publish","4":"has-post-thumbnail","6":"pwb-brand-microtech-pl","7":"product_cat-noze-strzeleckie","8":"product_cat-noze-pl","9":"product_tag-b2b-pl","11":"first","12":"instock","13":"taxable","14":"shipping-taxable","15":"purchasable","16":"product-type-simple"},"brands":[{"id":3279,"name":"Microtech","slug":"microtech-pl"}],"_links":{"self":[{"href":"https:\/\/www.moskito.cz\/pl\/wp-json\/wp\/v2\/product\/351032","targetHints":{"allow":["GET"]}}],"collection":[{"href":"https:\/\/www.moskito.cz\/pl\/wp-json\/wp\/v2\/product"}],"about":[{"href":"https:\/\/www.moskito.cz\/pl\/wp-json\/wp\/v2\/types\/product"}],"replies":[{"embeddable":true,"href":"https:\/\/www.moskito.cz\/pl\/wp-json\/wp\/v2\/comments?post=351032"}],"wp:featuredmedia":[{"embeddable":true,"href":"https:\/\/www.moskito.cz\/pl\/wp-json\/wp\/v2\/media\/350985"}],"wp:attachment":[{"href":"https:\/\/www.moskito.cz\/pl\/wp-json\/wp\/v2\/media?parent=351032"}],"wp:term":[{"taxonomy":"pwb-brand","embeddable":true,"href":"https:\/\/www.moskito.cz\/pl\/wp-json\/wp\/v2\/pwb-brand?post=351032"},{"taxonomy":"product_brand","embeddable":true,"href":"https:\/\/www.moskito.cz\/pl\/wp-json\/wp\/v2\/product_brand?post=351032"},{"taxonomy":"product_cat","embeddable":true,"href":"https:\/\/www.moskito.cz\/pl\/wp-json\/wp\/v2\/product_cat?post=351032"},{"taxonomy":"product_tag","embeddable":true,"href":"https:\/\/www.moskito.cz\/pl\/wp-json\/wp\/v2\/product_tag?post=351032"}],"curies":[{"name":"wp","href":"https:\/\/api.w.org\/{rel}","templated":true}]}}